{"id":6007,"date":"2020-01-27T12:36:03","date_gmt":"2020-01-27T11:36:03","guid":{"rendered":"https:\/\/www.estbb.fr\/?page_id=6007"},"modified":"2025-03-04T12:23:24","modified_gmt":"2025-03-04T11:23:24","slug":"hire-an-intern","status":"publish","type":"page","link":"https:\/\/www.estbb.fr\/en\/company\/hire-an-intern\/","title":{"rendered":"Hire an intern"},"content":{"rendered":"<h3 class=\"wp-block-heading\">Are you seeking skilled assistance? Look no further than our talented interns! Submit your internship offer, and let us help you promote it and match you with the perfect intern for your needs.<br>PERIODS WHEN INTERNSHIP OFFERS ARE ADVERTISED : September to February<\/h3><p>We encourage the students to go abroad and provide administrative support to those who are interested.<br>The person in charge of international relations helps the interested students to find a host laboratory, establishes the placement agreement and helps each student with the formalities to obtain a visa and a fellowship.<\/p><p>Each year, about 30% of our students choose to go abroad, to destinations all over the world:<\/p><p>You as well can host a student for a placement of three to six months, from undergraduate to post-doctorate level. <\/p><h2 class=\"wp-block-heading\">What we expect from you as a supervisor:<\/h2><ul class=\"wp-block-list\"><li>host the student, give them the working space and the equipment necessary to carry out their project<\/li>\n\n<li>supervise them during the placement: regularly review with them the advancement of their work, help them to analyse the results, guide them in deciding on further steps<\/li>\n\n<li>help them in writing the placement report: help to establish a coherent outline if necessary, at least comment on the draft version of the report suggesting improvements<\/li>\n\n<li>evaluate their technical competence and professional attitude using the assessment grid provided by the School<\/li><\/ul><h2 class=\"wp-block-heading\">Would you like to find out more about ESTBB, become a partner or welcome a student to your company?<\/h2><p><img loading=\"lazy\" decoding=\"async\" width=\"150\" height=\"213\" class=\"wp-image-21075\" style=\"width: 150px;\" src=\"https:\/\/www.estbb.fr\/wp-content\/uploads\/sites\/25\/2025\/02\/miniature-plaquette-entreprises-en-anglais-1.png\" alt=\"\" srcset=\"https:\/\/www.estbb.fr\/wp-content\/uploads\/sites\/25\/2025\/02\/miniature-plaquette-entreprises-en-anglais-1.png 394w, https:\/\/www.estbb.fr\/wp-content\/uploads\/sites\/25\/2025\/02\/miniature-plaquette-entreprises-en-anglais-1-99x140.png 99w\" sizes=\"auto, (max-width: 150px) 100vw, 150px\" \/><\/p><div class=\"wp-block-button js-fade-scroll\">\n\n    <a href=\"https:\/\/www.estbb.fr\/wp-content\/uploads\/sites\/25\/2024\/09\/plaquette-estbb-entreprises-2024-2025_bd.pdf\" target=\"_blank\" title=\"Download our brochure\" class=\"button primary\">Download our brochure<\/a>\n\n  <\/div><h2 class=\"wp-block-heading\">ESTBB and its corporate partners : exclusive partnerships with world leaders<\/h2><p>In France:<\/p><ul class=\"wp-block-list\"><li>multinational companies: Sanofi Pasteur, bioM\u00e9rieux, Merial, Genzyme, Bayer, Charles River, and others<\/li>\n\n<li>biotech start-ups<\/li>\n\n<li>public research laboratories: the French National Institute for Health and Medical Research (INSERM), the French National Centre for Scientific Research (CNRS), International Agency for Research on Cancer (WHO, IARC), hospital laboratories...<\/li><\/ul><p><img loading=\"lazy\" decoding=\"async\" width=\"500\" height=\"297\" class=\"wp-image-21087\" style=\"width: 500px;\" src=\"https:\/\/www.estbb.fr\/wp-content\/uploads\/sites\/25\/2025\/02\/6-partenaires-entreprises.png\" alt=\"\" srcset=\"https:\/\/www.estbb.fr\/wp-content\/uploads\/sites\/25\/2025\/02\/6-partenaires-entreprises.png 448w, https:\/\/www.estbb.fr\/wp-content\/uploads\/sites\/25\/2025\/02\/6-partenaires-entreprises-236x140.png 236w\" sizes=\"auto, (max-width: 500px) 100vw, 500px\" \/><\/p><p>Abroad:<\/p><ul class=\"wp-block-list\"><li>public research laboratories in Great Britain, Sweden, Germany, United States, Canada, Australia...<\/li>\n\n<li>companies in Europe and North America<\/li>\n\n<li>universities in Europe and North America<\/li><\/ul><h3 class=\"wp-block-heading\">A glimpe of our established partnerships with universities worldwide<\/h3><p><\/p><p><img loading=\"lazy\" decoding=\"async\" width=\"30\" height=\"30\" class=\"wp-image-18274\" style=\"width: 30px;\" src=\"https:\/\/www.estbb.fr\/wp-content\/uploads\/sites\/25\/2024\/04\/allemagne.png\" alt=\"\"> <a href=\"https:\/\/www.goethe-university-frankfurt.de\/en?locale=en\" target=\"_blank\" rel=\"noreferrer noopener\">Goethe-Universit\u00e4t<\/a>, Frankfurt - GERMANY<\/p><p><img loading=\"lazy\" decoding=\"async\" width=\"30\" height=\"30\" class=\"wp-image-18296\" style=\"width: 30px;\" src=\"https:\/\/www.estbb.fr\/wp-content\/uploads\/sites\/25\/2024\/04\/espagne.png\" alt=\"\"> <a href=\"https:\/\/www.ucv.es\/\" target=\"_blank\" rel=\"noreferrer noopener\">Universidad Catolica de Valencia<\/a>, Valencia - SPAIN<\/p><p><img loading=\"lazy\" decoding=\"async\" width=\"30\" height=\"30\" class=\"wp-image-18299\" style=\"width: 30px;\" src=\"https:\/\/www.estbb.fr\/wp-content\/uploads\/sites\/25\/2024\/04\/hongrie.png\" alt=\"\"> <a href=\"https:\/\/ppke.hu\/en\" target=\"_blank\" rel=\"noreferrer noopener\">Pazmany Peter Catholic University<\/a>, Budapest - HUNGARY<\/p><p><img loading=\"lazy\" decoding=\"async\" width=\"30\" height=\"30\" class=\"wp-image-18308\" style=\"width: 30px;\" src=\"https:\/\/www.estbb.fr\/wp-content\/uploads\/sites\/25\/2024\/04\/norvege.png\" alt=\"\"> <a href=\"https:\/\/www.ntnu.edu\/\" target=\"_blank\" rel=\"noreferrer noopener\">Norwegian University of Science and Technology<\/a>, Trondheim - NORWAY<\/p><p><img loading=\"lazy\" decoding=\"async\" width=\"30\" height=\"30\" class=\"wp-image-18400\" style=\"width: 30px;\" src=\"https:\/\/www.estbb.fr\/wp-content\/uploads\/sites\/25\/2024\/04\/republique-tcheque.png\" alt=\"\"> <a href=\"https:\/\/www.czu.cz\/en\" target=\"_blank\" rel=\"noreferrer noopener\">Czech University of Life Sciences (CZU)<\/a>, Prague - CZECH REPUBLIC<\/p><p><img loading=\"lazy\" decoding=\"async\" width=\"30\" height=\"30\" class=\"wp-image-18326\" style=\"width: 30px;\" src=\"https:\/\/www.estbb.fr\/wp-content\/uploads\/sites\/25\/2024\/04\/usa.png\" alt=\"\"> <a href=\"https:\/\/www.uhcl.edu\/\" target=\"_blank\" rel=\"noreferrer noopener\">University of Houston Clear Lake<\/a>, Houston, TX - UNITED STATES<\/p><p><img loading=\"lazy\" decoding=\"async\" width=\"30\" height=\"30\" class=\"wp-image-18323\" style=\"width: 30px;\" src=\"https:\/\/www.estbb.fr\/wp-content\/uploads\/sites\/25\/2024\/04\/canada.png\" alt=\"\"> <a href=\"https:\/\/www.usherbrooke.ca\/admission\/programme\/204\/baccalaureat-en-biochimie-de-la-sante\/\" target=\"_blank\" rel=\"noreferrer noopener\">Universit\u00e9 de Sherbrooke<\/a>, Sherbrooke - CANADA<\/p><p><img loading=\"lazy\" decoding=\"async\" width=\"30\" height=\"30\" class=\"wp-image-18332\" style=\"width: 30px;\" src=\"https:\/\/www.estbb.fr\/wp-content\/uploads\/sites\/25\/2024\/04\/bresil.png\" alt=\"\"> <a href=\"https:\/\/www.pucpr.br\/\" target=\"_blank\" rel=\"noreferrer noopener\">Pontifical Catholic University of Paran\u00e1<\/a> - BRAZIL<\/p><p><img loading=\"lazy\" decoding=\"async\" width=\"30\" height=\"30\" class=\"wp-image-18410\" style=\"width: 30px;\" src=\"https:\/\/www.estbb.fr\/wp-content\/uploads\/sites\/25\/2024\/04\/colombie.png\" alt=\"\"> <a href=\"https:\/\/www.icesi.edu.co\/es\/\" target=\"_blank\" rel=\"noreferrer noopener\">Universidad Icesi<\/a>, Calle - COLOMBIA<\/p><p><img loading=\"lazy\" decoding=\"async\" width=\"30\" height=\"30\" class=\"wp-image-18396\" style=\"width: 30px;\" src=\"https:\/\/www.estbb.fr\/wp-content\/uploads\/sites\/25\/2024\/04\/australie.png\" alt=\"\"> <a href=\"https:\/\/www.mq.edu.au\/\" target=\"_blank\" rel=\"noreferrer noopener\">Macquarie University<\/a>, Sydney - AUSTRALIA<\/p><p><\/p><h2 class=\"wp-block-heading\">Our support<\/h2><h3 class=\"wp-block-heading\">At ESTBB, we handle everything to ensure a smooth and successful internship experience:<\/h3><ul class=\"wp-block-list\"><li>Administrative support for students (visas, paperwork, etc.)<\/li>\n\n<li>Promotion of internship opportunities to our students<\/li>\n\n<li>Facilitation of the tripartite agreement process<\/li>\n\n<li>Ongoing support and supervision for students throughout their internship<\/li>\n\n<li>Regular communication between the intern, their manager, and ESTBB<\/li>\n\n<li>Handling of confidential missions with strict confidentiality agreements<\/li><\/ul><h3 class=\"wp-block-heading\">Financial assistance for the student<\/h3><p>We assist students in obtaining ERASMUS grants from the European Union and BRMIE (international mobility regional scholarship) from the Auvergne-Rh\u00f4ne-Alpes Region.<\/p><p><img loading=\"lazy\" decoding=\"async\" width=\"300\" height=\"63\" class=\"wp-image-21338\" style=\"width: 300px;\" src=\"https:\/\/www.estbb.fr\/wp-content\/uploads\/sites\/25\/2025\/02\/erasmus-logo-scaled.jpg\" alt=\"Erasmus logo\" srcset=\"https:\/\/www.estbb.fr\/wp-content\/uploads\/sites\/25\/2025\/02\/erasmus-logo-scaled.jpg 2560w, https:\/\/www.estbb.fr\/wp-content\/uploads\/sites\/25\/2025\/02\/erasmus-logo-1536x322.jpg 1536w, https:\/\/www.estbb.fr\/wp-content\/uploads\/sites\/25\/2025\/02\/erasmus-logo-2048x430.jpg 2048w, https:\/\/www.estbb.fr\/wp-content\/uploads\/sites\/25\/2025\/02\/erasmus-logo-667x140.jpg 667w, https:\/\/www.estbb.fr\/wp-content\/uploads\/sites\/25\/2025\/02\/erasmus-logo-520x109.jpg 520w, https:\/\/www.estbb.fr\/wp-content\/uploads\/sites\/25\/2025\/02\/erasmus-logo-494x104.jpg 494w\" sizes=\"auto, (max-width: 300px) 100vw, 300px\" \/><\/p><p>Financial support for students via European Union and Auvergne-Rh\u00f4ne-Alpes regional grants.<\/p><p><img loading=\"lazy\" decoding=\"async\" width=\"300\" height=\"112\" class=\"wp-image-21497\" style=\"width: 300px;\" src=\"https:\/\/www.estbb.fr\/wp-content\/uploads\/sites\/25\/2025\/03\/logo-partner-region-auvergne-rhone-alpes-1.png\" alt=\"logo-partner-region-auvergne-rhone-alpes\" srcset=\"https:\/\/www.estbb.fr\/wp-content\/uploads\/sites\/25\/2025\/03\/logo-partner-region-auvergne-rhone-alpes-1.png 478w, https:\/\/www.estbb.fr\/wp-content\/uploads\/sites\/25\/2025\/03\/logo-partner-region-auvergne-rhone-alpes-1-374x140.png 374w\" sizes=\"auto, (max-width: 300px) 100vw, 300px\" \/><\/p><h2 class=\"wp-block-heading\">Would you like to discuss?<\/h2><p><img loading=\"lazy\" decoding=\"async\" width=\"150\" height=\"213\" class=\"wp-image-21075\" style=\"width: 150px;\" src=\"https:\/\/www.estbb.fr\/wp-content\/uploads\/sites\/25\/2025\/02\/miniature-plaquette-entreprises-en-anglais-1.png\" alt=\"\" srcset=\"https:\/\/www.estbb.fr\/wp-content\/uploads\/sites\/25\/2025\/02\/miniature-plaquette-entreprises-en-anglais-1.png 394w, https:\/\/www.estbb.fr\/wp-content\/uploads\/sites\/25\/2025\/02\/miniature-plaquette-entreprises-en-anglais-1-99x140.png 99w\" sizes=\"auto, (max-width: 150px) 100vw, 150px\" \/><\/p><div class=\"wp-block-button js-fade-scroll\">\n\n    <a href=\"https:\/\/www.estbb.fr\/wp-content\/uploads\/sites\/25\/2024\/09\/plaquette-estbb-entreprises-2024-2025_bd.pdf\" target=\"_blank\" title=\"Download our brochure\" class=\"button primary\">Download our brochure<\/a>\n\n  <\/div><div class=\"wp-block-testimony js-fade-scroll\">\n\n  <div class=\"row collapse\">\n    <div class=\"column small-12 small-order-2 medium-order-1\">\n      <div class=\"testimony-image\">\n        <img loading=\"lazy\" decoding=\"async\" width=\"300\" height=\"300\" src=\"https:\/\/www.estbb.fr\/wp-content\/uploads\/sites\/25\/2025\/02\/bastien-labadie-sanofi-png.png\" class=\"attachment-testimony_large size-testimony_large wp-post-image\" alt=\"Bastien LABADIE - SANOFI\" srcset=\"https:\/\/www.estbb.fr\/wp-content\/uploads\/sites\/25\/2025\/02\/bastien-labadie-sanofi-png.png 300w, https:\/\/www.estbb.fr\/wp-content\/uploads\/sites\/25\/2025\/02\/bastien-labadie-sanofi-png-150x150.png 150w, https:\/\/www.estbb.fr\/wp-content\/uploads\/sites\/25\/2025\/02\/bastien-labadie-sanofi-png-140x140.png 140w, https:\/\/www.estbb.fr\/wp-content\/uploads\/sites\/25\/2025\/02\/bastien-labadie-sanofi-png-100x100.png 100w\" sizes=\"auto, (max-width: 300px) 100vw, 300px\" \/>      <\/div>\n    <\/div>\n    <div class=\"column small-12 small-order-1 medium-order-2\">\n      <p class=\"testimony-title\">Bastien LABADIE<\/p>\n      <p class=\"testimony-caption\">HEAD OF THE IMMUNOLOGY LABORATORY - SANOFI<\/p>\n    <\/div>\n    <div class=\"column small-12 small-order-3\">\n      <div class=\"testimony-text\">\n        <p><em>Sanofi, a long-standing ESTBB partner company, hosts ESTBB students on work-study contracts every year. Within my department, we currently have a number of students on apprenticeships: these are students who are very well educated in experimental practice and able to get involved in complex biotechnology projects. I also work as an expert with students at the school to train them in bioprocesses.<\/em><\/p>\n\n              <\/div>\n    <\/div>\n  <\/div>\n\n<\/div><div class=\"wp-block-testimony js-fade-scroll\">\n\n  <div class=\"row collapse\">\n    <div class=\"column small-12 small-order-2 medium-order-1\">\n      <div class=\"testimony-image\">\n        <img loading=\"lazy\" decoding=\"async\" width=\"300\" height=\"300\" src=\"https:\/\/www.estbb.fr\/wp-content\/uploads\/sites\/25\/2025\/02\/rachel-rama-bayer-png.png\" class=\"attachment-testimony_large size-testimony_large wp-post-image\" alt=\"Rachel RAMA - BAYER\" srcset=\"https:\/\/www.estbb.fr\/wp-content\/uploads\/sites\/25\/2025\/02\/rachel-rama-bayer-png.png 300w, https:\/\/www.estbb.fr\/wp-content\/uploads\/sites\/25\/2025\/02\/rachel-rama-bayer-png-150x150.png 150w, https:\/\/www.estbb.fr\/wp-content\/uploads\/sites\/25\/2025\/02\/rachel-rama-bayer-png-140x140.png 140w, https:\/\/www.estbb.fr\/wp-content\/uploads\/sites\/25\/2025\/02\/rachel-rama-bayer-png-100x100.png 100w\" sizes=\"auto, (max-width: 300px) 100vw, 300px\" \/>      <\/div>\n    <\/div>\n    <div class=\"column small-12 small-order-1 medium-order-2\">\n      <p class=\"testimony-title\">Rachel RAMA<\/p>\n      <p class=\"testimony-caption\">DIRECTOR OR RESEARCH FOR PLANT PROTECTION PRODUCTS - BAYER<\/p>\n    <\/div>\n    <div class=\"column small-12 small-order-3\">\n      <div class=\"testimony-text\">\n        <p><em>ESTBB offers courses in line with the needs of the Biotechnology sector and pays particular attention to its students, <\/em><br \/>\n<em>to support their career goals and develop their employability. Students have the opportunity to work in teaching laboratories with cutting-edge equipment, including a new laboratory where, under the supervision of teachers, they can carry out proofs of concept for companies.<\/em><\/p>\n\n              <\/div>\n    <\/div>\n  <\/div>\n\n<\/div><p><\/p>","protected":false},"excerpt":{"rendered":"<p>Are you seeking skilled assistance? Look no further than our talented interns! Submit your internship offer, and let us help you promote it and [&hellip;]<\/p>\n","protected":false},"author":27,"featured_media":21479,"parent":5967,"menu_order":0,"comment_status":"closed","ping_status":"closed","template":"","meta":{"_acf_changed":false,"footnotes":""},"class_list":["post-6007","page","type-page","status-publish","has-post-thumbnail","hentry"],"acf":[],"yoast_head":"<!-- This site is optimized with the Yoast SEO plugin v24.1 - https:\/\/yoast.com\/wordpress\/plugins\/seo\/ -->\n<title>Hire an intern - ESTBB - \u00c9cole d&#039;Ing\u00e9nieurs en Biotechnologies<\/title>\n<meta name=\"robots\" content=\"index, follow, max-snippet:-1, max-image-preview:large, max-video-preview:-1\" \/>\n<link rel=\"canonical\" href=\"https:\/\/www.estbb.fr\/en\/company\/hire-an-intern\/\" \/>\n<meta property=\"og:locale\" content=\"en_US\" \/>\n<meta property=\"og:type\" content=\"article\" \/>\n<meta property=\"og:title\" content=\"Hire an intern - ESTBB - \u00c9cole d&#039;Ing\u00e9nieurs en Biotechnologies\" \/>\n<meta property=\"og:description\" content=\"Are you seeking skilled assistance? Look no further than our talented interns! Submit your internship offer, and let us help you promote it and [&hellip;]\" \/>\n<meta property=\"og:url\" content=\"https:\/\/www.estbb.fr\/en\/company\/hire-an-intern\/\" \/>\n<meta property=\"og:site_name\" content=\"ESTBB - \u00c9cole d&#039;Ing\u00e9nieurs en Biotechnologies\" \/>\n<meta property=\"article:modified_time\" content=\"2025-03-04T11:23:24+00:00\" \/>\n<meta property=\"og:image\" content=\"https:\/\/www.estbb.fr\/wp-content\/uploads\/sites\/25\/2025\/03\/hire-an-intern-1181x576.png\" \/>\n\t<meta property=\"og:image:width\" content=\"1181\" \/>\n\t<meta property=\"og:image:height\" content=\"786\" \/>\n\t<meta property=\"og:image:type\" content=\"image\/png\" \/>\n<meta name=\"twitter:card\" content=\"summary_large_image\" \/>\n<meta name=\"twitter:label1\" content=\"Est. reading time\" \/>\n\t<meta name=\"twitter:data1\" content=\"6 minutes\" \/>\n<script type=\"application\/ld+json\" class=\"yoast-schema-graph\">{\"@context\":\"https:\/\/schema.org\",\"@graph\":[{\"@type\":\"WebPage\",\"@id\":\"https:\/\/www.estbb.fr\/en\/company\/hire-an-intern\/\",\"url\":\"https:\/\/www.estbb.fr\/en\/company\/hire-an-intern\/\",\"name\":\"Hire an intern - ESTBB - \u00c9cole d&#039;Ing\u00e9nieurs en Biotechnologies\",\"isPartOf\":{\"@id\":\"https:\/\/www.estbb.fr\/en\/#website\"},\"primaryImageOfPage\":{\"@id\":\"https:\/\/www.estbb.fr\/en\/company\/hire-an-intern\/#primaryimage\"},\"image\":{\"@id\":\"https:\/\/www.estbb.fr\/en\/company\/hire-an-intern\/#primaryimage\"},\"thumbnailUrl\":\"https:\/\/www.estbb.fr\/wp-content\/uploads\/sites\/25\/2025\/03\/hire-an-intern-1181x576.png\",\"datePublished\":\"2020-01-27T11:36:03+00:00\",\"dateModified\":\"2025-03-04T11:23:24+00:00\",\"breadcrumb\":{\"@id\":\"https:\/\/www.estbb.fr\/en\/company\/hire-an-intern\/#breadcrumb\"},\"inLanguage\":\"en-US\",\"potentialAction\":[{\"@type\":\"ReadAction\",\"target\":[\"https:\/\/www.estbb.fr\/en\/company\/hire-an-intern\/\"]}]},{\"@type\":\"ImageObject\",\"inLanguage\":\"en-US\",\"@id\":\"https:\/\/www.estbb.fr\/en\/company\/hire-an-intern\/#primaryimage\",\"url\":\"https:\/\/www.estbb.fr\/wp-content\/uploads\/sites\/25\/2025\/03\/hire-an-intern-1181x576.png\",\"contentUrl\":\"https:\/\/www.estbb.fr\/wp-content\/uploads\/sites\/25\/2025\/03\/hire-an-intern-1181x576.png\",\"width\":1181,\"height\":786,\"caption\":\"Hire an intern\"},{\"@type\":\"BreadcrumbList\",\"@id\":\"https:\/\/www.estbb.fr\/en\/company\/hire-an-intern\/#breadcrumb\",\"itemListElement\":[{\"@type\":\"ListItem\",\"position\":1,\"name\":\"Accueil\",\"item\":\"https:\/\/www.estbb.fr\/en\/\"},{\"@type\":\"ListItem\",\"position\":2,\"name\":\"Company\",\"item\":\"https:\/\/www.estbb.fr\/en\/company\/\"},{\"@type\":\"ListItem\",\"position\":3,\"name\":\"Hire an intern\"}]},{\"@type\":\"WebSite\",\"@id\":\"https:\/\/www.estbb.fr\/en\/#website\",\"url\":\"https:\/\/www.estbb.fr\/en\/\",\"name\":\"ESTBB - \u00c9cole d&#039;Ing\u00e9nieurs en Biotechnologies\",\"description\":\"\u00c9cole d&#039;Ing\u00e9nieurs en Biotechnologies\",\"publisher\":{\"@id\":\"https:\/\/www.estbb.fr\/en\/#organization\"},\"potentialAction\":[{\"@type\":\"SearchAction\",\"target\":{\"@type\":\"EntryPoint\",\"urlTemplate\":\"https:\/\/www.estbb.fr\/en\/?s={search_term_string}\"},\"query-input\":{\"@type\":\"PropertyValueSpecification\",\"valueRequired\":true,\"valueName\":\"search_term_string\"}}],\"inLanguage\":\"en-US\"},{\"@type\":\"Organization\",\"@id\":\"https:\/\/www.estbb.fr\/en\/#organization\",\"name\":\"ESTBB - \u00c9cole d&#039;Ing\u00e9nieurs en Biotechnologies\",\"url\":\"https:\/\/www.estbb.fr\/en\/\",\"logo\":{\"@type\":\"ImageObject\",\"inLanguage\":\"en-US\",\"@id\":\"https:\/\/www.estbb.fr\/en\/#\/schema\/logo\/image\/\",\"url\":\"https:\/\/www.estbb.fr\/wp-content\/uploads\/sites\/25\/2019\/12\/estbb-fr_blanc.svg\",\"contentUrl\":\"https:\/\/www.estbb.fr\/wp-content\/uploads\/sites\/25\/2019\/12\/estbb-fr_blanc.svg\",\"caption\":\"ESTBB - \u00c9cole d&#039;Ing\u00e9nieurs en Biotechnologies\"},\"image\":{\"@id\":\"https:\/\/www.estbb.fr\/en\/#\/schema\/logo\/image\/\"}}]}<\/script>\n<!-- \/ Yoast SEO plugin. -->","yoast_head_json":{"title":"Hire an intern - ESTBB - \u00c9cole d&#039;Ing\u00e9nieurs en Biotechnologies","robots":{"index":"index","follow":"follow","max-snippet":"max-snippet:-1","max-image-preview":"max-image-preview:large","max-video-preview":"max-video-preview:-1"},"canonical":"https:\/\/www.estbb.fr\/en\/company\/hire-an-intern\/","og_locale":"en_US","og_type":"article","og_title":"Hire an intern - ESTBB - \u00c9cole d&#039;Ing\u00e9nieurs en Biotechnologies","og_description":"Are you seeking skilled assistance? Look no further than our talented interns! Submit your internship offer, and let us help you promote it and [&hellip;]","og_url":"https:\/\/www.estbb.fr\/en\/company\/hire-an-intern\/","og_site_name":"ESTBB - \u00c9cole d&#039;Ing\u00e9nieurs en Biotechnologies","article_modified_time":"2025-03-04T11:23:24+00:00","og_image":[{"width":1181,"height":786,"url":"https:\/\/www.estbb.fr\/wp-content\/uploads\/sites\/25\/2025\/03\/hire-an-intern-1181x576.png","type":"image\/png"}],"twitter_card":"summary_large_image","twitter_misc":{"Est. reading time":"6 minutes"},"schema":{"@context":"https:\/\/schema.org","@graph":[{"@type":"WebPage","@id":"https:\/\/www.estbb.fr\/en\/company\/hire-an-intern\/","url":"https:\/\/www.estbb.fr\/en\/company\/hire-an-intern\/","name":"Hire an intern - ESTBB - \u00c9cole d&#039;Ing\u00e9nieurs en Biotechnologies","isPartOf":{"@id":"https:\/\/www.estbb.fr\/en\/#website"},"primaryImageOfPage":{"@id":"https:\/\/www.estbb.fr\/en\/company\/hire-an-intern\/#primaryimage"},"image":{"@id":"https:\/\/www.estbb.fr\/en\/company\/hire-an-intern\/#primaryimage"},"thumbnailUrl":"https:\/\/www.estbb.fr\/wp-content\/uploads\/sites\/25\/2025\/03\/hire-an-intern-1181x576.png","datePublished":"2020-01-27T11:36:03+00:00","dateModified":"2025-03-04T11:23:24+00:00","breadcrumb":{"@id":"https:\/\/www.estbb.fr\/en\/company\/hire-an-intern\/#breadcrumb"},"inLanguage":"en-US","potentialAction":[{"@type":"ReadAction","target":["https:\/\/www.estbb.fr\/en\/company\/hire-an-intern\/"]}]},{"@type":"ImageObject","inLanguage":"en-US","@id":"https:\/\/www.estbb.fr\/en\/company\/hire-an-intern\/#primaryimage","url":"https:\/\/www.estbb.fr\/wp-content\/uploads\/sites\/25\/2025\/03\/hire-an-intern-1181x576.png","contentUrl":"https:\/\/www.estbb.fr\/wp-content\/uploads\/sites\/25\/2025\/03\/hire-an-intern-1181x576.png","width":1181,"height":786,"caption":"Hire an intern"},{"@type":"BreadcrumbList","@id":"https:\/\/www.estbb.fr\/en\/company\/hire-an-intern\/#breadcrumb","itemListElement":[{"@type":"ListItem","position":1,"name":"Accueil","item":"https:\/\/www.estbb.fr\/en\/"},{"@type":"ListItem","position":2,"name":"Company","item":"https:\/\/www.estbb.fr\/en\/company\/"},{"@type":"ListItem","position":3,"name":"Hire an intern"}]},{"@type":"WebSite","@id":"https:\/\/www.estbb.fr\/en\/#website","url":"https:\/\/www.estbb.fr\/en\/","name":"ESTBB - \u00c9cole d&#039;Ing\u00e9nieurs en Biotechnologies","description":"\u00c9cole d&#039;Ing\u00e9nieurs en Biotechnologies","publisher":{"@id":"https:\/\/www.estbb.fr\/en\/#organization"},"potentialAction":[{"@type":"SearchAction","target":{"@type":"EntryPoint","urlTemplate":"https:\/\/www.estbb.fr\/en\/?s={search_term_string}"},"query-input":{"@type":"PropertyValueSpecification","valueRequired":true,"valueName":"search_term_string"}}],"inLanguage":"en-US"},{"@type":"Organization","@id":"https:\/\/www.estbb.fr\/en\/#organization","name":"ESTBB - \u00c9cole d&#039;Ing\u00e9nieurs en Biotechnologies","url":"https:\/\/www.estbb.fr\/en\/","logo":{"@type":"ImageObject","inLanguage":"en-US","@id":"https:\/\/www.estbb.fr\/en\/#\/schema\/logo\/image\/","url":"https:\/\/www.estbb.fr\/wp-content\/uploads\/sites\/25\/2019\/12\/estbb-fr_blanc.svg","contentUrl":"https:\/\/www.estbb.fr\/wp-content\/uploads\/sites\/25\/2019\/12\/estbb-fr_blanc.svg","caption":"ESTBB - \u00c9cole d&#039;Ing\u00e9nieurs en Biotechnologies"},"image":{"@id":"https:\/\/www.estbb.fr\/en\/#\/schema\/logo\/image\/"}}]}},"_links":{"self":[{"href":"https:\/\/www.estbb.fr\/en\/wp-json\/wp\/v2\/pages\/6007","targetHints":{"allow":["GET"]}}],"collection":[{"href":"https:\/\/www.estbb.fr\/en\/wp-json\/wp\/v2\/pages"}],"about":[{"href":"https:\/\/www.estbb.fr\/en\/wp-json\/wp\/v2\/types\/page"}],"author":[{"embeddable":true,"href":"https:\/\/www.estbb.fr\/en\/wp-json\/wp\/v2\/users\/27"}],"replies":[{"embeddable":true,"href":"https:\/\/www.estbb.fr\/en\/wp-json\/wp\/v2\/comments?post=6007"}],"version-history":[{"count":11,"href":"https:\/\/www.estbb.fr\/en\/wp-json\/wp\/v2\/pages\/6007\/revisions"}],"predecessor-version":[{"id":21500,"href":"https:\/\/www.estbb.fr\/en\/wp-json\/wp\/v2\/pages\/6007\/revisions\/21500"}],"up":[{"embeddable":true,"href":"https:\/\/www.estbb.fr\/en\/wp-json\/wp\/v2\/pages\/5967"}],"wp:featuredmedia":[{"embeddable":true,"href":"https:\/\/www.estbb.fr\/en\/wp-json\/wp\/v2\/media\/21479"}],"wp:attachment":[{"href":"https:\/\/www.estbb.fr\/en\/wp-json\/wp\/v2\/media?parent=6007"}],"curies":[{"name":"wp","href":"https:\/\/api.w.org\/{rel}","templated":true}]}}