{"id":6005,"date":"2020-01-27T12:33:14","date_gmt":"2020-01-27T11:33:14","guid":{"rendered":"https:\/\/www.estbb.fr\/?page_id=6005"},"modified":"2025-04-15T15:02:34","modified_gmt":"2025-04-15T13:02:34","slug":"applicationprocedure","status":"publish","type":"page","link":"https:\/\/www.estbb.fr\/en\/foreign-student\/programmes\/applicationprocedure\/","title":{"rendered":"Application Procedure | For \"Non-Exchange\" Students"},"content":{"rendered":"<p><img loading=\"lazy\" decoding=\"async\" width=\"800\" height=\"533\" class=\"wp-image-21579\" style=\"width: 800px;\" src=\"https:\/\/www.estbb.fr\/wp-content\/uploads\/sites\/25\/2025\/03\/campus-st-paul-exterieur.png\" alt=\"Campus St Paul Ext\u00e9rieur\" srcset=\"https:\/\/www.estbb.fr\/wp-content\/uploads\/sites\/25\/2025\/03\/campus-st-paul-exterieur.png 1772w, https:\/\/www.estbb.fr\/wp-content\/uploads\/sites\/25\/2025\/03\/campus-st-paul-exterieur-1536x1024.png 1536w, https:\/\/www.estbb.fr\/wp-content\/uploads\/sites\/25\/2025\/03\/campus-st-paul-exterieur-210x140.png 210w, https:\/\/www.estbb.fr\/wp-content\/uploads\/sites\/25\/2025\/03\/campus-st-paul-exterieur-550x366.png 550w, https:\/\/www.estbb.fr\/wp-content\/uploads\/sites\/25\/2025\/03\/campus-st-paul-exterieur-520x347.png 520w, https:\/\/www.estbb.fr\/wp-content\/uploads\/sites\/25\/2025\/03\/campus-st-paul-exterieur-494x329.png 494w\" sizes=\"auto, (max-width: 800px) 100vw, 800px\" \/><\/p><p><img loading=\"lazy\" decoding=\"async\" width=\"200\" height=\"200\" class=\"wp-image-21106\" style=\"width: 200px;\" src=\"https:\/\/www.estbb.fr\/wp-content\/uploads\/sites\/25\/2025\/02\/logo-bienvenue-en-france_v2.png\" alt=\"\" srcset=\"https:\/\/www.estbb.fr\/wp-content\/uploads\/sites\/25\/2025\/02\/logo-bienvenue-en-france_v2.png 400w, https:\/\/www.estbb.fr\/wp-content\/uploads\/sites\/25\/2025\/02\/logo-bienvenue-en-france_v2-150x150.png 150w, https:\/\/www.estbb.fr\/wp-content\/uploads\/sites\/25\/2025\/02\/logo-bienvenue-en-france_v2-140x140.png 140w, https:\/\/www.estbb.fr\/wp-content\/uploads\/sites\/25\/2025\/02\/logo-bienvenue-en-france_v2-100x100.png 100w\" sizes=\"auto, (max-width: 200px) 100vw, 200px\" \/><img loading=\"lazy\" decoding=\"async\" width=\"70\" height=\"70\" class=\"wp-image-21923\" style=\"width: 70px;\" src=\"https:\/\/www.estbb.fr\/wp-content\/uploads\/sites\/25\/2025\/03\/carre-blanc.png\" alt=\"\" srcset=\"https:\/\/www.estbb.fr\/wp-content\/uploads\/sites\/25\/2025\/03\/carre-blanc.png 142w, https:\/\/www.estbb.fr\/wp-content\/uploads\/sites\/25\/2025\/03\/carre-blanc-140x140.png 140w, https:\/\/www.estbb.fr\/wp-content\/uploads\/sites\/25\/2025\/03\/carre-blanc-100x100.png 100w\" sizes=\"auto, (max-width: 70px) 100vw, 70px\" \/> <img loading=\"lazy\" decoding=\"async\" width=\"180\" height=\"191\" class=\"wp-image-21574\" style=\"width: 180px;\" src=\"https:\/\/www.estbb.fr\/wp-content\/uploads\/sites\/25\/2025\/03\/logo-campus-france.png\" alt=\"\" srcset=\"https:\/\/www.estbb.fr\/wp-content\/uploads\/sites\/25\/2025\/03\/logo-campus-france.png 220w, https:\/\/www.estbb.fr\/wp-content\/uploads\/sites\/25\/2025\/03\/logo-campus-france-132x140.png 132w\" sizes=\"auto, (max-width: 180px) 100vw, 180px\" \/><img loading=\"lazy\" decoding=\"async\" width=\"70\" height=\"70\" class=\"wp-image-21923\" style=\"width: 70px;\" src=\"https:\/\/www.estbb.fr\/wp-content\/uploads\/sites\/25\/2025\/03\/carre-blanc.png\" alt=\"\" srcset=\"https:\/\/www.estbb.fr\/wp-content\/uploads\/sites\/25\/2025\/03\/carre-blanc.png 142w, https:\/\/www.estbb.fr\/wp-content\/uploads\/sites\/25\/2025\/03\/carre-blanc-140x140.png 140w, https:\/\/www.estbb.fr\/wp-content\/uploads\/sites\/25\/2025\/03\/carre-blanc-100x100.png 100w\" sizes=\"auto, (max-width: 70px) 100vw, 70px\" \/> <img loading=\"lazy\" decoding=\"async\" width=\"200\" height=\"200\" class=\"wp-image-21066\" style=\"width: 200px;\" src=\"https:\/\/www.estbb.fr\/wp-content\/uploads\/sites\/25\/2025\/02\/stickers-pc_transparent.png\" alt=\"\" srcset=\"https:\/\/www.estbb.fr\/wp-content\/uploads\/sites\/25\/2025\/02\/stickers-pc_transparent.png 827w, https:\/\/www.estbb.fr\/wp-content\/uploads\/sites\/25\/2025\/02\/stickers-pc_transparent-150x150.png 150w, https:\/\/www.estbb.fr\/wp-content\/uploads\/sites\/25\/2025\/02\/stickers-pc_transparent-140x140.png 140w, https:\/\/www.estbb.fr\/wp-content\/uploads\/sites\/25\/2025\/02\/stickers-pc_transparent-520x520.png 520w, https:\/\/www.estbb.fr\/wp-content\/uploads\/sites\/25\/2025\/02\/stickers-pc_transparent-640x640.png 640w, https:\/\/www.estbb.fr\/wp-content\/uploads\/sites\/25\/2025\/02\/stickers-pc_transparent-494x494.png 494w, https:\/\/www.estbb.fr\/wp-content\/uploads\/sites\/25\/2025\/02\/stickers-pc_transparent-100x100.png 100w\" sizes=\"auto, (max-width: 200px) 100vw, 200px\" \/><\/p><h2 class=\"wp-block-heading\">How to apply ?<\/h2><h3 class=\"wp-block-heading\"><strong>1. YOU ARE A EUROPEAN STUDENT<\/strong><\/h3><h4 class=\"wp-block-heading\"><strong>To apply in the first year of a training<\/strong><\/h4><p>European students wishing to join estbb in the 1st year of a training must apply on the \u201c<a href=\"https:\/\/www.parcoursup.gouv.fr\/calendrier-2024-4\">Parcoursup<\/a>\u201d platform.<\/p><p>This <strong>application process is mandatory<\/strong> to apply.<\/p><h4 class=\"wp-block-heading\"><strong>To apply in the 2nd or 3rd year<\/strong> <strong>of a training<\/strong><\/h4><p>There is no specific procedure for enrolling in the 2nd or 3rd year of a Bachelor's or our Engineering program. It is not necessary to obtain a visa. You must directly contact ESTBB to request enrolment&nbsp;: <a href=\"estbb@univ-catholyon.fr\">estbb@univ-catholyon.fr<\/a><\/p><p><img loading=\"lazy\" decoding=\"async\" width=\"800\" height=\"532\" class=\"wp-image-21033\" style=\"width: 800px;\" src=\"https:\/\/www.estbb.fr\/wp-content\/uploads\/sites\/25\/2025\/02\/labo-etudiants-estbb.png\" alt=\"\" srcset=\"https:\/\/www.estbb.fr\/wp-content\/uploads\/sites\/25\/2025\/02\/labo-etudiants-estbb.png 1419w, https:\/\/www.estbb.fr\/wp-content\/uploads\/sites\/25\/2025\/02\/labo-etudiants-estbb-210x140.png 210w, https:\/\/www.estbb.fr\/wp-content\/uploads\/sites\/25\/2025\/02\/labo-etudiants-estbb-550x366.png 550w, https:\/\/www.estbb.fr\/wp-content\/uploads\/sites\/25\/2025\/02\/labo-etudiants-estbb-520x346.png 520w, https:\/\/www.estbb.fr\/wp-content\/uploads\/sites\/25\/2025\/02\/labo-etudiants-estbb-494x329.png 494w\" sizes=\"auto, (max-width: 800px) 100vw, 800px\" \/><\/p><h3 class=\"wp-block-heading\"><strong>2. YOU ARE NON EUROPEAN LIVING IN EUROPE<\/strong><\/h3><h4 class=\"wp-block-heading\"><strong>To apply in the first year of a training<\/strong><\/h4><p>Students who reside in Europe but do not have the nationality of a European country and who wish to enrol in estbb in the first year of training at \u201cLicence\u201d (Bachelor's) level must file a \"<a href=\"https:\/\/www.enseignementsup-recherche.gouv.fr\/fr\/dossier-blanc-demande-d-admission-prealable-dap-pour-une-premiere-inscription-dans-une-universite-46452\"><strong>Demande d'Admission Pr\u00e9alable<\/strong><\/a><strong> - DAP<\/strong>\" preliminary request for admission.<\/p><p>It must be filed between October and December preceding the academic year in which they wish to begin studying in estbb. Applications (white file) must be sent to the department of cooperation and cultural action at the French Embassy in the applicant's country of residence.<\/p><p>This <strong>application process is mandatory<\/strong> to apply.<\/p><h4 class=\"wp-block-heading\"><strong>To apply in the 2nd or 3rd year<\/strong> <strong>of a training<\/strong><\/h4><p>There is no specific procedure for enrolling in the 2nd or 3rd year of a Bachelor's or our Engineering program. It is not necessary to obtain a visa. You must directly contact estbb to request enrolment&nbsp;: <a href=\"estbb@univ-catholyon.fr\">estbb@univ-catholyon.fr<\/a><\/p><p><img loading=\"lazy\" decoding=\"async\" width=\"800\" height=\"532\" class=\"wp-image-21524\" style=\"width: 800px;\" src=\"https:\/\/www.estbb.fr\/wp-content\/uploads\/sites\/25\/2025\/03\/photo-campus-escaliers-hall.png\" alt=\"Photo campus escaliers hall\" srcset=\"https:\/\/www.estbb.fr\/wp-content\/uploads\/sites\/25\/2025\/03\/photo-campus-escaliers-hall.png 1772w, https:\/\/www.estbb.fr\/wp-content\/uploads\/sites\/25\/2025\/03\/photo-campus-escaliers-hall-1536x1022.png 1536w, https:\/\/www.estbb.fr\/wp-content\/uploads\/sites\/25\/2025\/03\/photo-campus-escaliers-hall-210x140.png 210w, https:\/\/www.estbb.fr\/wp-content\/uploads\/sites\/25\/2025\/03\/photo-campus-escaliers-hall-550x366.png 550w, https:\/\/www.estbb.fr\/wp-content\/uploads\/sites\/25\/2025\/03\/photo-campus-escaliers-hall-520x346.png 520w, https:\/\/www.estbb.fr\/wp-content\/uploads\/sites\/25\/2025\/03\/photo-campus-escaliers-hall-494x329.png 494w\" sizes=\"auto, (max-width: 800px) 100vw, 800px\" \/><\/p><h3 class=\"wp-block-heading\"><strong>3. YOU RESIDE IN A COUNTRY AFFECTED BY THE \"ETUDES EN FRANCE\" PROCEDURE<\/strong><\/h3><h4 class=\"wp-block-heading\"><strong>To apply in the first year of a training<\/strong><\/h4><p>If you live in one of the following countries, <strong>the \"<\/strong><a href=\"https:\/\/www.campusfrance.org\/en\/application-etudes-en-france-procedure\"><strong>Etudes en France \" procedure<\/strong><\/a><strong> is mandatory<\/strong> to enroll in estbb&nbsp;:<\/p><p>Algeria, Argentina, Azerbaijan, Bahrain, Benin, Bolivia, Brazil, Burkina Faso, Burundi, Cambodia, Cameroon, Canada, Chad, Chile, China, Colombia, Comoros, Congo, Democratic Republic of Congo, Djibouti, Dominican Republic, Ecuador, Egypt, Ethiopia, Gabon, Georgia, Ghana, Guinea, Haiti, Hong-KongIndia, Indonesia, Iran, Israel, Ivory Coast, Japan, Jordan, Kenya, Kuwait, Lebanon, Madagascar, Malaysia, Mali, Mauritania, Mauritius, Mexico, Morocco, Nepal, Niger, Nigeria, Pakistan, Peru, Qatar, Russia, Saudi Arabia, Senegal, Singapore, South Africa, South Korea, Taiwan, Thailand, Togo, Tunisia, Turkey, Ukraine, United Arab Emirates, United Kingdom, United States, Vietnam.<\/p><p>The procedure is conducted online, from the enrollment request to obtaining a visa.<\/p><p>If you are living in a country affected by the \u201cEtudes en France\" procedure and have the nationality of the country in which you are living (for instance, if you are living in Morocco and have the Moroccan nationality)&nbsp;:<\/p><ul class=\"wp-block-list\"><li>If you are preparing a <strong>French or European Baccalaur\u00e9at\/A-levels<\/strong> you must enter your academic choices on the \u201c<strong>Parcoursup<\/strong>\u201d platform <strong>and<\/strong> follow the steps of the \"<strong>Etudes en France\" process<\/strong><\/li>\n\n<li>If you are preparing <strong>another degree course<\/strong> (granting access to higher education), you must make a \"<strong>Demande d'Admission Pr\u00e9alable<\/strong> - DAP (Preliminary Admission Request) <strong>and<\/strong> follow the \u201c<strong>Etudes en France\u201d procedure<\/strong>. You can make the DAP online on the \u201cEtudes en France\u201d.<\/li><\/ul><h4 class=\"wp-block-heading\"><strong>To apply in the 2nd or 3rd year<\/strong> <strong>of a training<\/strong><\/h4><p>Please note that it is <strong>not possible<\/strong> for you to enroll <a>in the 2<sup>nd<\/sup> or 3rd year of Bachelor\u2019s <\/a>at estbb.<\/p><p><strong>You can only apply in the first year <\/strong>of a training at Bachelor\u2019s.<\/p><p><\/p><h3 class=\"wp-block-heading\"><strong>4. YOU ARE NOT EUROPEAN OR LIVING IN A COUNTRY AFFECTED BY THE \"ETUDES EN FRANCE\" PROCEDURE<\/strong><\/h3><h4 class=\"wp-block-heading\"><strong>To apply in the first year of a training<\/strong><\/h4><p>If you are not European and you do not reside in one of the countries affected by the \"Etudes en France\" procedure, you must follow the \"<a href=\"https:\/\/www.enseignementsup-recherche.gouv.fr\/fr\/dossier-blanc-demande-d-admission-prealable-dap-pour-une-premiere-inscription-dans-une-universite-46452\"><strong>Demande d'Admission Pr\u00e9alable<\/strong><\/a> - DAP\" (Preliminary request for admission) procedure to continue your studies in estbb from the first year of training at \u201cLicence\u201d (Bachelor's) degree course.<\/p><p>Applications must be sent to the department of cooperation and cultural action at the French Embassy in your country of residence. The white files concern enrolment in first-year university, and the green files are for international students already living in France.<\/p><h4 class=\"wp-block-heading\"><strong>To apply in the 2nd or 3rd year<\/strong> <strong>of a training<\/strong><\/h4><p>Please note that it is <strong>not possible<\/strong> for you to enroll <a>in the 2<sup>nd<\/sup> or 3rd year of Bachelor\u2019s <\/a>at estbb.<\/p><p><strong>You can only apply in the first year <\/strong>of a training at Bachelor\u2019s.<\/p><div class=\"wp-block-button js-fade-scroll\">\n\n    <a href=\"https:\/\/www.campusfrance.org\/en\/application-etudes-en-france-procedure\" target=\"_blank\" title=\"Studying in France procedure \" class=\"button primary\">Studying in France procedure <\/a>\n\n  <\/div><p><\/p>","protected":false},"excerpt":{"rendered":"<p>How to apply ?1. YOU ARE A EUROPEAN STUDENTTo apply in the first year of a trainingEuropean students wishing to join estbb in the [&hellip;]<\/p>\n","protected":false},"author":27,"featured_media":4764,"parent":5940,"menu_order":1,"comment_status":"closed","ping_status":"closed","template":"","meta":{"_acf_changed":false,"footnotes":""},"class_list":["post-6005","page","type-page","status-publish","has-post-thumbnail","hentry"],"acf":[],"yoast_head":"<!-- This site is optimized with the Yoast SEO plugin v24.1 - https:\/\/yoast.com\/wordpress\/plugins\/seo\/ -->\n<title>Application Procedure | For &quot;Non-Exchange&quot; Students - ESTBB - \u00c9cole d&#039;Ing\u00e9nieurs en Biotechnologies<\/title>\n<meta name=\"robots\" content=\"index, follow, max-snippet:-1, max-image-preview:large, max-video-preview:-1\" \/>\n<link rel=\"canonical\" href=\"https:\/\/www.estbb.fr\/en\/foreign-student\/programmes\/applicationprocedure\/\" \/>\n<meta property=\"og:locale\" content=\"en_US\" \/>\n<meta property=\"og:type\" content=\"article\" \/>\n<meta property=\"og:title\" content=\"Application Procedure | For &quot;Non-Exchange&quot; Students - ESTBB - \u00c9cole d&#039;Ing\u00e9nieurs en Biotechnologies\" \/>\n<meta property=\"og:description\" content=\"How to apply ?1. YOU ARE A EUROPEAN STUDENTTo apply in the first year of a trainingEuropean students wishing to join estbb in the [&hellip;]\" \/>\n<meta property=\"og:url\" content=\"https:\/\/www.estbb.fr\/en\/foreign-student\/programmes\/applicationprocedure\/\" \/>\n<meta property=\"og:site_name\" content=\"ESTBB - \u00c9cole d&#039;Ing\u00e9nieurs en Biotechnologies\" \/>\n<meta property=\"article:modified_time\" content=\"2025-04-15T13:02:34+00:00\" \/>\n<meta property=\"og:image\" content=\"https:\/\/www.estbb.fr\/wp-content\/uploads\/sites\/25\/2020\/01\/header-candidater-a-lestbb.jpg\" \/>\n\t<meta property=\"og:image:width\" content=\"1920\" \/>\n\t<meta property=\"og:image:height\" content=\"575\" \/>\n\t<meta property=\"og:image:type\" content=\"image\/jpeg\" \/>\n<meta name=\"twitter:card\" content=\"summary_large_image\" \/>\n<meta name=\"twitter:label1\" content=\"Est. reading time\" \/>\n\t<meta name=\"twitter:data1\" content=\"6 minutes\" \/>\n<script type=\"application\/ld+json\" class=\"yoast-schema-graph\">{\"@context\":\"https:\/\/schema.org\",\"@graph\":[{\"@type\":\"WebPage\",\"@id\":\"https:\/\/www.estbb.fr\/en\/foreign-student\/programmes\/applicationprocedure\/\",\"url\":\"https:\/\/www.estbb.fr\/en\/foreign-student\/programmes\/applicationprocedure\/\",\"name\":\"Application Procedure | For \\\"Non-Exchange\\\" Students - ESTBB - \u00c9cole d&#039;Ing\u00e9nieurs en Biotechnologies\",\"isPartOf\":{\"@id\":\"https:\/\/www.estbb.fr\/en\/#website\"},\"primaryImageOfPage\":{\"@id\":\"https:\/\/www.estbb.fr\/en\/foreign-student\/programmes\/applicationprocedure\/#primaryimage\"},\"image\":{\"@id\":\"https:\/\/www.estbb.fr\/en\/foreign-student\/programmes\/applicationprocedure\/#primaryimage\"},\"thumbnailUrl\":\"https:\/\/www.estbb.fr\/wp-content\/uploads\/sites\/25\/2020\/01\/header-candidater-a-lestbb.jpg\",\"datePublished\":\"2020-01-27T11:33:14+00:00\",\"dateModified\":\"2025-04-15T13:02:34+00:00\",\"breadcrumb\":{\"@id\":\"https:\/\/www.estbb.fr\/en\/foreign-student\/programmes\/applicationprocedure\/#breadcrumb\"},\"inLanguage\":\"en-US\",\"potentialAction\":[{\"@type\":\"ReadAction\",\"target\":[\"https:\/\/www.estbb.fr\/en\/foreign-student\/programmes\/applicationprocedure\/\"]}]},{\"@type\":\"ImageObject\",\"inLanguage\":\"en-US\",\"@id\":\"https:\/\/www.estbb.fr\/en\/foreign-student\/programmes\/applicationprocedure\/#primaryimage\",\"url\":\"https:\/\/www.estbb.fr\/wp-content\/uploads\/sites\/25\/2020\/01\/header-candidater-a-lestbb.jpg\",\"contentUrl\":\"https:\/\/www.estbb.fr\/wp-content\/uploads\/sites\/25\/2020\/01\/header-candidater-a-lestbb.jpg\",\"width\":1920,\"height\":575,\"caption\":\"Close up of a woman hand using a pen to filling form on a table\"},{\"@type\":\"BreadcrumbList\",\"@id\":\"https:\/\/www.estbb.fr\/en\/foreign-student\/programmes\/applicationprocedure\/#breadcrumb\",\"itemListElement\":[{\"@type\":\"ListItem\",\"position\":1,\"name\":\"Accueil\",\"item\":\"https:\/\/www.estbb.fr\/en\/\"},{\"@type\":\"ListItem\",\"position\":2,\"name\":\"Foreign Student\",\"item\":\"https:\/\/www.estbb.fr\/en\/foreign-student\/\"},{\"@type\":\"ListItem\",\"position\":3,\"name\":\"Programs\",\"item\":\"https:\/\/www.estbb.fr\/en\/foreign-student\/programmes\/\"},{\"@type\":\"ListItem\",\"position\":4,\"name\":\"Application Procedure | For \\\"Non-Exchange\\\" Students\"}]},{\"@type\":\"WebSite\",\"@id\":\"https:\/\/www.estbb.fr\/en\/#website\",\"url\":\"https:\/\/www.estbb.fr\/en\/\",\"name\":\"ESTBB - \u00c9cole d&#039;Ing\u00e9nieurs en Biotechnologies\",\"description\":\"\u00c9cole d&#039;Ing\u00e9nieurs en Biotechnologies\",\"publisher\":{\"@id\":\"https:\/\/www.estbb.fr\/en\/#organization\"},\"potentialAction\":[{\"@type\":\"SearchAction\",\"target\":{\"@type\":\"EntryPoint\",\"urlTemplate\":\"https:\/\/www.estbb.fr\/en\/?s={search_term_string}\"},\"query-input\":{\"@type\":\"PropertyValueSpecification\",\"valueRequired\":true,\"valueName\":\"search_term_string\"}}],\"inLanguage\":\"en-US\"},{\"@type\":\"Organization\",\"@id\":\"https:\/\/www.estbb.fr\/en\/#organization\",\"name\":\"ESTBB - \u00c9cole d&#039;Ing\u00e9nieurs en Biotechnologies\",\"url\":\"https:\/\/www.estbb.fr\/en\/\",\"logo\":{\"@type\":\"ImageObject\",\"inLanguage\":\"en-US\",\"@id\":\"https:\/\/www.estbb.fr\/en\/#\/schema\/logo\/image\/\",\"url\":\"https:\/\/www.estbb.fr\/wp-content\/uploads\/sites\/25\/2019\/12\/estbb-fr_blanc.svg\",\"contentUrl\":\"https:\/\/www.estbb.fr\/wp-content\/uploads\/sites\/25\/2019\/12\/estbb-fr_blanc.svg\",\"caption\":\"ESTBB - \u00c9cole d&#039;Ing\u00e9nieurs en Biotechnologies\"},\"image\":{\"@id\":\"https:\/\/www.estbb.fr\/en\/#\/schema\/logo\/image\/\"}}]}<\/script>\n<!-- \/ Yoast SEO plugin. -->","yoast_head_json":{"title":"Application Procedure | For \"Non-Exchange\" Students - ESTBB - \u00c9cole d&#039;Ing\u00e9nieurs en Biotechnologies","robots":{"index":"index","follow":"follow","max-snippet":"max-snippet:-1","max-image-preview":"max-image-preview:large","max-video-preview":"max-video-preview:-1"},"canonical":"https:\/\/www.estbb.fr\/en\/foreign-student\/programmes\/applicationprocedure\/","og_locale":"en_US","og_type":"article","og_title":"Application Procedure | For \"Non-Exchange\" Students - ESTBB - \u00c9cole d&#039;Ing\u00e9nieurs en Biotechnologies","og_description":"How to apply ?1. YOU ARE A EUROPEAN STUDENTTo apply in the first year of a trainingEuropean students wishing to join estbb in the [&hellip;]","og_url":"https:\/\/www.estbb.fr\/en\/foreign-student\/programmes\/applicationprocedure\/","og_site_name":"ESTBB - \u00c9cole d&#039;Ing\u00e9nieurs en Biotechnologies","article_modified_time":"2025-04-15T13:02:34+00:00","og_image":[{"width":1920,"height":575,"url":"https:\/\/www.estbb.fr\/wp-content\/uploads\/sites\/25\/2020\/01\/header-candidater-a-lestbb.jpg","type":"image\/jpeg"}],"twitter_card":"summary_large_image","twitter_misc":{"Est. reading time":"6 minutes"},"schema":{"@context":"https:\/\/schema.org","@graph":[{"@type":"WebPage","@id":"https:\/\/www.estbb.fr\/en\/foreign-student\/programmes\/applicationprocedure\/","url":"https:\/\/www.estbb.fr\/en\/foreign-student\/programmes\/applicationprocedure\/","name":"Application Procedure | For \"Non-Exchange\" Students - ESTBB - \u00c9cole d&#039;Ing\u00e9nieurs en Biotechnologies","isPartOf":{"@id":"https:\/\/www.estbb.fr\/en\/#website"},"primaryImageOfPage":{"@id":"https:\/\/www.estbb.fr\/en\/foreign-student\/programmes\/applicationprocedure\/#primaryimage"},"image":{"@id":"https:\/\/www.estbb.fr\/en\/foreign-student\/programmes\/applicationprocedure\/#primaryimage"},"thumbnailUrl":"https:\/\/www.estbb.fr\/wp-content\/uploads\/sites\/25\/2020\/01\/header-candidater-a-lestbb.jpg","datePublished":"2020-01-27T11:33:14+00:00","dateModified":"2025-04-15T13:02:34+00:00","breadcrumb":{"@id":"https:\/\/www.estbb.fr\/en\/foreign-student\/programmes\/applicationprocedure\/#breadcrumb"},"inLanguage":"en-US","potentialAction":[{"@type":"ReadAction","target":["https:\/\/www.estbb.fr\/en\/foreign-student\/programmes\/applicationprocedure\/"]}]},{"@type":"ImageObject","inLanguage":"en-US","@id":"https:\/\/www.estbb.fr\/en\/foreign-student\/programmes\/applicationprocedure\/#primaryimage","url":"https:\/\/www.estbb.fr\/wp-content\/uploads\/sites\/25\/2020\/01\/header-candidater-a-lestbb.jpg","contentUrl":"https:\/\/www.estbb.fr\/wp-content\/uploads\/sites\/25\/2020\/01\/header-candidater-a-lestbb.jpg","width":1920,"height":575,"caption":"Close up of a woman hand using a pen to filling form on a table"},{"@type":"BreadcrumbList","@id":"https:\/\/www.estbb.fr\/en\/foreign-student\/programmes\/applicationprocedure\/#breadcrumb","itemListElement":[{"@type":"ListItem","position":1,"name":"Accueil","item":"https:\/\/www.estbb.fr\/en\/"},{"@type":"ListItem","position":2,"name":"Foreign Student","item":"https:\/\/www.estbb.fr\/en\/foreign-student\/"},{"@type":"ListItem","position":3,"name":"Programs","item":"https:\/\/www.estbb.fr\/en\/foreign-student\/programmes\/"},{"@type":"ListItem","position":4,"name":"Application Procedure | For \"Non-Exchange\" Students"}]},{"@type":"WebSite","@id":"https:\/\/www.estbb.fr\/en\/#website","url":"https:\/\/www.estbb.fr\/en\/","name":"ESTBB - \u00c9cole d&#039;Ing\u00e9nieurs en Biotechnologies","description":"\u00c9cole d&#039;Ing\u00e9nieurs en Biotechnologies","publisher":{"@id":"https:\/\/www.estbb.fr\/en\/#organization"},"potentialAction":[{"@type":"SearchAction","target":{"@type":"EntryPoint","urlTemplate":"https:\/\/www.estbb.fr\/en\/?s={search_term_string}"},"query-input":{"@type":"PropertyValueSpecification","valueRequired":true,"valueName":"search_term_string"}}],"inLanguage":"en-US"},{"@type":"Organization","@id":"https:\/\/www.estbb.fr\/en\/#organization","name":"ESTBB - \u00c9cole d&#039;Ing\u00e9nieurs en Biotechnologies","url":"https:\/\/www.estbb.fr\/en\/","logo":{"@type":"ImageObject","inLanguage":"en-US","@id":"https:\/\/www.estbb.fr\/en\/#\/schema\/logo\/image\/","url":"https:\/\/www.estbb.fr\/wp-content\/uploads\/sites\/25\/2019\/12\/estbb-fr_blanc.svg","contentUrl":"https:\/\/www.estbb.fr\/wp-content\/uploads\/sites\/25\/2019\/12\/estbb-fr_blanc.svg","caption":"ESTBB - \u00c9cole d&#039;Ing\u00e9nieurs en Biotechnologies"},"image":{"@id":"https:\/\/www.estbb.fr\/en\/#\/schema\/logo\/image\/"}}]}},"_links":{"self":[{"href":"https:\/\/www.estbb.fr\/en\/wp-json\/wp\/v2\/pages\/6005","targetHints":{"allow":["GET"]}}],"collection":[{"href":"https:\/\/www.estbb.fr\/en\/wp-json\/wp\/v2\/pages"}],"about":[{"href":"https:\/\/www.estbb.fr\/en\/wp-json\/wp\/v2\/types\/page"}],"author":[{"embeddable":true,"href":"https:\/\/www.estbb.fr\/en\/wp-json\/wp\/v2\/users\/27"}],"replies":[{"embeddable":true,"href":"https:\/\/www.estbb.fr\/en\/wp-json\/wp\/v2\/comments?post=6005"}],"version-history":[{"count":2,"href":"https:\/\/www.estbb.fr\/en\/wp-json\/wp\/v2\/pages\/6005\/revisions"}],"predecessor-version":[{"id":22007,"href":"https:\/\/www.estbb.fr\/en\/wp-json\/wp\/v2\/pages\/6005\/revisions\/22007"}],"up":[{"embeddable":true,"href":"https:\/\/www.estbb.fr\/en\/wp-json\/wp\/v2\/pages\/5940"}],"wp:featuredmedia":[{"embeddable":true,"href":"https:\/\/www.estbb.fr\/en\/wp-json\/wp\/v2\/media\/4764"}],"wp:attachment":[{"href":"https:\/\/www.estbb.fr\/en\/wp-json\/wp\/v2\/media?parent=6005"}],"curies":[{"name":"wp","href":"https:\/\/api.w.org\/{rel}","templated":true}]}}