{"id":5999,"date":"2020-01-27T12:30:37","date_gmt":"2020-01-27T11:30:37","guid":{"rendered":"https:\/\/www.estbb.fr\/?page_id=5999"},"modified":"2025-06-06T11:25:26","modified_gmt":"2025-06-06T09:25:26","slug":"corporate-partners","status":"publish","type":"page","link":"https:\/\/www.estbb.fr\/en\/company\/corporate-partners\/","title":{"rendered":"Corporate Partners"},"content":{"rendered":"<div class=\"wp-block-button js-fade-scroll\">\n\n    <a href=\"https:\/\/www.estbb.fr\/wp-content\/uploads\/sites\/25\/2024\/09\/plaquette-estbb-entreprises-2024-2025_bd.pdf\" target=\"_blank\" title=\"Download our brochure\" class=\"button primary\">Download our brochure<\/a>\n\n  <\/div><div class=\"wp-block-button js-fade-scroll\">\n\n    <a href=\"https:\/\/www.estbb.fr\/en\/company\/build-a-partnership-with-estbb\/\" target=\"\" title=\"Become an ESTBB partner\" class=\"button primary\">Become an ESTBB partner<\/a>\n\n  <\/div><p>Our training courses allow us to reach a very large number of structures.<\/p><p>Some of these companies have privileged links with ESTBB.<br>In particular, six of Lyon's largest bio-industries which have signed a partnership agreement with ESTBB:<\/p><p><img loading=\"lazy\" decoding=\"async\" width=\"500\" height=\"297\" class=\"wp-image-21087\" style=\"width: 500px;\" src=\"https:\/\/www.estbb.fr\/wp-content\/uploads\/sites\/25\/2025\/02\/6-partenaires-entreprises.png\" alt=\"\" srcset=\"https:\/\/www.estbb.fr\/wp-content\/uploads\/sites\/25\/2025\/02\/6-partenaires-entreprises.png 448w, https:\/\/www.estbb.fr\/wp-content\/uploads\/sites\/25\/2025\/02\/6-partenaires-entreprises-236x140.png 236w\" sizes=\"auto, (max-width: 500px) 100vw, 500px\" \/><\/p><div class=\"wp-block-separator js-fade-scroll\"><\/div><h2 class=\"wp-block-heading\">Some of our partner laboratories<\/h2><p>\u2022 Centre International de Recherche sur le Cancer (Lyon)<br>\u2022 Centre International de Recherche en Infectiologie (Lyon)<br>\u2022 Centre de Recherche en Canc\u00e9rologie de Lyon<br>\u2022 Direction de la Recherche clinique et de l'innovation (DRCI) des Hospices Civils de Lyon (HCL)<br>\u2022 Institute for Advanced Biosciences (Grenoble)<br>\u2022 Et tous les autres laboratoires de recherche INSERM, CNRS, INRA, CIRAD, ANSES, universitaires, hospitaliers, EFS\u2026<\/p><h2 class=\"wp-block-heading\">Some of our partner companies<\/h2><p>\u2022 Adocia<br>\u2022 Bayer<br>\u2022 Becton Dickinson<br>\u2022 BioMeca<br>\u2022 Biosellal<br>\u2022 Cell&amp;Co<br>\u2022 Charles River Laboratories<br>\u2022 Conidia<br>\u2022 Episkin (R&amp;D de L\u2019Or\u00e9al)<br>\u2022 Fab\u2019entech<br>\u2022 LXRepair<br>\u2022 Maatpharma<br>\u2022 Mylan<br>\u2022 Nanobiose<br>\u2022 Noraker<br>\u2022 Orisae<br>\u2022 Phytocontrol<br>\u2022 Roche Diagnostic<br>\u2022 Sanofi<br>\u2022 Stryker<br>\u2022 TBF G\u00e9nie Tissulaire<br>\u2022 Yoplait<\/p><h2 class=\"wp-block-heading\">Our sectors of activity<\/h2><div class=\"wp-block-text-image\">\n  <div class=\"row align-bottom collapse\">\n    <div class=\"column small-12 medium-6 xlarge-5 xxlarge-expand wp-block-text-image-info js-fade-scroll\">\n      <p class=\"wp-block-text-image-title\">Research and development<\/p>\n      <div class=\"wp-block-text-image-intro\"><\/div>\n    <\/div>\n\n    <div class=\"column small-12 medium-6 xlarge-7 xxlarge-shrink wp-block-text-image-picture js-fade-scroll\">\n      <img loading=\"lazy\" decoding=\"async\" width=\"300\" height=\"300\" src=\"https:\/\/www.estbb.fr\/wp-content\/uploads\/sites\/25\/2025\/02\/research-and-development-ok.png\" class=\"attachment-text_image size-text_image\" alt=\"research and development\" srcset=\"https:\/\/www.estbb.fr\/wp-content\/uploads\/sites\/25\/2025\/02\/research-and-development-ok.png 300w, https:\/\/www.estbb.fr\/wp-content\/uploads\/sites\/25\/2025\/02\/research-and-development-ok-150x150.png 150w, https:\/\/www.estbb.fr\/wp-content\/uploads\/sites\/25\/2025\/02\/research-and-development-ok-140x140.png 140w, https:\/\/www.estbb.fr\/wp-content\/uploads\/sites\/25\/2025\/02\/research-and-development-ok-100x100.png 100w\" sizes=\"auto, (max-width: 300px) 100vw, 300px\" \/>    <\/div>\n  <\/div>\n<\/div><div class=\"wp-block-text-image\">\n  <div class=\"row align-bottom collapse wp-block-text-image-reverse\">\n    <div class=\"column small-12 medium-6 xlarge-5 xxlarge-expand wp-block-text-image-info js-fade-scroll\">\n      <p class=\"wp-block-text-image-title\">Bioresources and data<\/p>\n      <div class=\"wp-block-text-image-intro\"><\/div>\n    <\/div>\n\n    <div class=\"column small-12 medium-6 xlarge-7 xxlarge-shrink wp-block-text-image-picture js-fade-scroll\">\n      <img loading=\"lazy\" decoding=\"async\" width=\"300\" height=\"300\" src=\"https:\/\/www.estbb.fr\/wp-content\/uploads\/sites\/25\/2025\/02\/bioresources-and-data-ok.png\" class=\"attachment-text_image size-text_image\" alt=\"bioresources and data\" srcset=\"https:\/\/www.estbb.fr\/wp-content\/uploads\/sites\/25\/2025\/02\/bioresources-and-data-ok.png 300w, https:\/\/www.estbb.fr\/wp-content\/uploads\/sites\/25\/2025\/02\/bioresources-and-data-ok-150x150.png 150w, https:\/\/www.estbb.fr\/wp-content\/uploads\/sites\/25\/2025\/02\/bioresources-and-data-ok-140x140.png 140w, https:\/\/www.estbb.fr\/wp-content\/uploads\/sites\/25\/2025\/02\/bioresources-and-data-ok-100x100.png 100w\" sizes=\"auto, (max-width: 300px) 100vw, 300px\" \/>    <\/div>\n  <\/div>\n<\/div><div class=\"wp-block-text-image\">\n  <div class=\"row align-bottom collapse\">\n    <div class=\"column small-12 medium-6 xlarge-5 xxlarge-expand wp-block-text-image-info js-fade-scroll\">\n      <p class=\"wp-block-text-image-title\">Bioprocesses<\/p>\n      <div class=\"wp-block-text-image-intro\"><\/div>\n    <\/div>\n\n    <div class=\"column small-12 medium-6 xlarge-7 xxlarge-shrink wp-block-text-image-picture js-fade-scroll\">\n      <img loading=\"lazy\" decoding=\"async\" width=\"300\" height=\"300\" src=\"https:\/\/www.estbb.fr\/wp-content\/uploads\/sites\/25\/2025\/02\/bioprocesses-ok.png\" class=\"attachment-text_image size-text_image\" alt=\"bioprocesses\" srcset=\"https:\/\/www.estbb.fr\/wp-content\/uploads\/sites\/25\/2025\/02\/bioprocesses-ok.png 300w, https:\/\/www.estbb.fr\/wp-content\/uploads\/sites\/25\/2025\/02\/bioprocesses-ok-150x150.png 150w, https:\/\/www.estbb.fr\/wp-content\/uploads\/sites\/25\/2025\/02\/bioprocesses-ok-140x140.png 140w, https:\/\/www.estbb.fr\/wp-content\/uploads\/sites\/25\/2025\/02\/bioprocesses-ok-100x100.png 100w\" sizes=\"auto, (max-width: 300px) 100vw, 300px\" \/>    <\/div>\n  <\/div>\n<\/div><div class=\"wp-block-text-image\">\n  <div class=\"row align-bottom collapse wp-block-text-image-reverse\">\n    <div class=\"column small-12 medium-6 xlarge-5 xxlarge-expand wp-block-text-image-info js-fade-scroll\">\n      <p class=\"wp-block-text-image-title\">Project management<\/p>\n      <div class=\"wp-block-text-image-intro\"><\/div>\n    <\/div>\n\n    <div class=\"column small-12 medium-6 xlarge-7 xxlarge-shrink wp-block-text-image-picture js-fade-scroll\">\n      <img loading=\"lazy\" decoding=\"async\" width=\"300\" height=\"300\" src=\"https:\/\/www.estbb.fr\/wp-content\/uploads\/sites\/25\/2025\/02\/project-management-ok.png\" class=\"attachment-text_image size-text_image\" alt=\"project management\" srcset=\"https:\/\/www.estbb.fr\/wp-content\/uploads\/sites\/25\/2025\/02\/project-management-ok.png 300w, https:\/\/www.estbb.fr\/wp-content\/uploads\/sites\/25\/2025\/02\/project-management-ok-150x150.png 150w, https:\/\/www.estbb.fr\/wp-content\/uploads\/sites\/25\/2025\/02\/project-management-ok-140x140.png 140w, https:\/\/www.estbb.fr\/wp-content\/uploads\/sites\/25\/2025\/02\/project-management-ok-100x100.png 100w\" sizes=\"auto, (max-width: 300px) 100vw, 300px\" \/>    <\/div>\n  <\/div>\n<\/div><div class=\"wp-block-text-image\">\n  <div class=\"row align-bottom collapse\">\n    <div class=\"column small-12 medium-6 xlarge-5 xxlarge-expand wp-block-text-image-info js-fade-scroll\">\n      <p class=\"wp-block-text-image-title\">Digital transformation<\/p>\n      <div class=\"wp-block-text-image-intro\"><\/div>\n    <\/div>\n\n    <div class=\"column small-12 medium-6 xlarge-7 xxlarge-shrink wp-block-text-image-picture js-fade-scroll\">\n      <img loading=\"lazy\" decoding=\"async\" width=\"300\" height=\"300\" src=\"https:\/\/www.estbb.fr\/wp-content\/uploads\/sites\/25\/2025\/02\/digital-transformation-ok.png\" class=\"attachment-text_image size-text_image\" alt=\"digital transformation\" srcset=\"https:\/\/www.estbb.fr\/wp-content\/uploads\/sites\/25\/2025\/02\/digital-transformation-ok.png 300w, https:\/\/www.estbb.fr\/wp-content\/uploads\/sites\/25\/2025\/02\/digital-transformation-ok-150x150.png 150w, https:\/\/www.estbb.fr\/wp-content\/uploads\/sites\/25\/2025\/02\/digital-transformation-ok-140x140.png 140w, https:\/\/www.estbb.fr\/wp-content\/uploads\/sites\/25\/2025\/02\/digital-transformation-ok-100x100.png 100w\" sizes=\"auto, (max-width: 300px) 100vw, 300px\" \/>    <\/div>\n  <\/div>\n<\/div><div class=\"wp-block-testimony js-fade-scroll\">\n\n  <div class=\"row collapse\">\n    <div class=\"column small-12 small-order-2 medium-order-1\">\n      <div class=\"testimony-image\">\n        <img loading=\"lazy\" decoding=\"async\" width=\"300\" height=\"300\" src=\"https:\/\/www.estbb.fr\/wp-content\/uploads\/sites\/25\/2025\/02\/rachel-rama-bayer-png.png\" class=\"attachment-testimony_large size-testimony_large wp-post-image\" alt=\"Rachel RAMA - BAYER\" srcset=\"https:\/\/www.estbb.fr\/wp-content\/uploads\/sites\/25\/2025\/02\/rachel-rama-bayer-png.png 300w, https:\/\/www.estbb.fr\/wp-content\/uploads\/sites\/25\/2025\/02\/rachel-rama-bayer-png-150x150.png 150w, https:\/\/www.estbb.fr\/wp-content\/uploads\/sites\/25\/2025\/02\/rachel-rama-bayer-png-140x140.png 140w, https:\/\/www.estbb.fr\/wp-content\/uploads\/sites\/25\/2025\/02\/rachel-rama-bayer-png-100x100.png 100w\" sizes=\"auto, (max-width: 300px) 100vw, 300px\" \/>      <\/div>\n    <\/div>\n    <div class=\"column small-12 small-order-1 medium-order-2\">\n      <p class=\"testimony-title\">Rachel RAMA<\/p>\n      <p class=\"testimony-caption\">DIRECTOR OR RESEARCH FOR PLANT PROTECTION PRODUCTS - BAYER<\/p>\n    <\/div>\n    <div class=\"column small-12 small-order-3\">\n      <div class=\"testimony-text\">\n        <p><em>ESTBB offers courses in line with the needs of the Biotechnology sector and pays particular attention to its students, <\/em><br \/>\n<em>to support their career goals and develop their employability. Students have the opportunity to work in teaching laboratories with cutting-edge equipment, including a new laboratory where, under the supervision of teachers, they can carry out proofs of concept for companies.<\/em><\/p>\n\n              <\/div>\n    <\/div>\n  <\/div>\n\n<\/div><div class=\"wp-block-testimony js-fade-scroll\">\n\n  <div class=\"row collapse\">\n    <div class=\"column small-12 small-order-2 medium-order-1\">\n      <div class=\"testimony-image\">\n        <img loading=\"lazy\" decoding=\"async\" width=\"300\" height=\"300\" src=\"https:\/\/www.estbb.fr\/wp-content\/uploads\/sites\/25\/2025\/02\/bastien-labadie-sanofi-png.png\" class=\"attachment-testimony_large size-testimony_large wp-post-image\" alt=\"Bastien LABADIE - SANOFI\" srcset=\"https:\/\/www.estbb.fr\/wp-content\/uploads\/sites\/25\/2025\/02\/bastien-labadie-sanofi-png.png 300w, https:\/\/www.estbb.fr\/wp-content\/uploads\/sites\/25\/2025\/02\/bastien-labadie-sanofi-png-150x150.png 150w, https:\/\/www.estbb.fr\/wp-content\/uploads\/sites\/25\/2025\/02\/bastien-labadie-sanofi-png-140x140.png 140w, https:\/\/www.estbb.fr\/wp-content\/uploads\/sites\/25\/2025\/02\/bastien-labadie-sanofi-png-100x100.png 100w\" sizes=\"auto, (max-width: 300px) 100vw, 300px\" \/>      <\/div>\n    <\/div>\n    <div class=\"column small-12 small-order-1 medium-order-2\">\n      <p class=\"testimony-title\">Bastien LABADIE<\/p>\n      <p class=\"testimony-caption\">HEAD OF THE IMMUNOLOGY LABORATORY - SANOFI<\/p>\n    <\/div>\n    <div class=\"column small-12 small-order-3\">\n      <div class=\"testimony-text\">\n        <p><em>Sanofi, a long-standing ESTBB partner company, hosts ESTBB students on work-study contracts every year. Within my department, we currently have a number of students on apprenticeships: these are students who are very well educated in experimental practice and able to get involved in complex biotechnology projects. I also work as an expert with students at the school to train them in bioprocesses.<\/em><\/p>\n\n              <\/div>\n    <\/div>\n  <\/div>\n\n<\/div><div class=\"wp-block-cross-content js-fade-scroll\">\n    <p class=\"wp-block-cross-content-title\">More about this topic<\/p>\n            <div class=\"row wp-block-cross-content-row\">\n                                <div class=\"column small-12 medium-6 large-4 wp-block-cross-content-col\">\n                        <a class=\"wp-block-cross-content-top\" href=\"https:\/\/www.estbb.fr\/en\/company\/build-a-partnership-with-estbb\/\" title=\"Build a partnership with ESTBB\">\n                            <span class=\"wp-block-cross-content-name\">Build a partnership with ESTBB<\/span>\n                            <span class=\"wp-block-cross-content-image\"><img loading=\"lazy\" decoding=\"async\" width=\"630\" height=\"570\" src=\"https:\/\/www.estbb.fr\/wp-content\/uploads\/sites\/25\/2025\/02\/handshake-man-woman-after-signing-business-630x570.jpg\" class=\" wp-post-image\" alt=\"\" \/><\/span>\n                            <span class=\"wp-block-cross-content-more\">\n                                <span class=\"icon-more\"><\/span>\n                            <\/span>\n                        <\/a>\n                        <div class=\"wp-block-cross-content-excerpt\"><\/div>\n                    <\/div>\n                                                <div class=\"column small-12 medium-6 large-4 wp-block-cross-content-col\">\n                        <a class=\"wp-block-cross-content-top\" href=\"https:\/\/www.estbb.fr\/en\/?page_id=6001\" title=\"Private: Academic partners\">\n                            <span class=\"wp-block-cross-content-name\">Private: Academic partners<\/span>\n                            <span class=\"wp-block-cross-content-image\"><img loading=\"lazy\" decoding=\"async\" width=\"630\" height=\"570\" src=\"https:\/\/www.estbb.fr\/wp-content\/uploads\/sites\/25\/2019\/12\/formation-continue-biotechnologie-lyon-630x570.jpg\" class=\" wp-post-image\" alt=\"formation continue biotechnologie \u00e0 Lyon\" \/><\/span>\n                            <span class=\"wp-block-cross-content-more\">\n                                <span class=\"icon-more\"><\/span>\n                            <\/span>\n                        <\/a>\n                        <div class=\"wp-block-cross-content-excerpt\"><\/div>\n                    <\/div>\n                                                <div class=\"column small-12 medium-6 large-4 wp-block-cross-content-col\">\n                        <a class=\"wp-block-cross-content-top\" href=\"https:\/\/www.estbb.fr\/en\/company\/hire-an-intern\/\" title=\"Hire an intern\">\n                            <span class=\"wp-block-cross-content-name\">Hire an intern<\/span>\n                            <span class=\"wp-block-cross-content-image\"><img loading=\"lazy\" decoding=\"async\" width=\"630\" height=\"570\" src=\"https:\/\/www.estbb.fr\/wp-content\/uploads\/sites\/25\/2025\/03\/hire-an-intern-630x570.png\" class=\" wp-post-image\" alt=\"Hire an intern\" \/><\/span>\n                            <span class=\"wp-block-cross-content-more\">\n                                <span class=\"icon-more\"><\/span>\n                            <\/span>\n                        <\/a>\n                        <div class=\"wp-block-cross-content-excerpt\"><\/div>\n                    <\/div>\n                                    <\/div>\n    <\/div>","protected":false},"excerpt":{"rendered":"<p>Our training courses allow us to reach a very large number of structures.Some of these companies have privileged links with ESTBB.In particular, six of [&hellip;]<\/p>\n","protected":false},"author":27,"featured_media":22779,"parent":5967,"menu_order":0,"comment_status":"closed","ping_status":"closed","template":"","meta":{"_acf_changed":false,"footnotes":""},"class_list":["post-5999","page","type-page","status-publish","has-post-thumbnail","hentry"],"acf":[],"yoast_head":"<!-- This site is optimized with the Yoast SEO plugin v24.1 - https:\/\/yoast.com\/wordpress\/plugins\/seo\/ -->\n<title>Corporate Partners - ESTBB - \u00c9cole d&#039;Ing\u00e9nieurs en Biotechnologies<\/title>\n<meta name=\"robots\" content=\"index, follow, max-snippet:-1, max-image-preview:large, max-video-preview:-1\" \/>\n<link rel=\"canonical\" href=\"https:\/\/www.estbb.fr\/en\/company\/corporate-partners\/\" \/>\n<meta property=\"og:locale\" content=\"en_US\" \/>\n<meta property=\"og:type\" content=\"article\" \/>\n<meta property=\"og:title\" content=\"Corporate Partners - ESTBB - \u00c9cole d&#039;Ing\u00e9nieurs en Biotechnologies\" \/>\n<meta property=\"og:description\" content=\"Our training courses allow us to reach a very large number of structures.Some of these companies have privileged links with ESTBB.In particular, six of [&hellip;]\" \/>\n<meta property=\"og:url\" content=\"https:\/\/www.estbb.fr\/en\/company\/corporate-partners\/\" \/>\n<meta property=\"og:site_name\" content=\"ESTBB - \u00c9cole d&#039;Ing\u00e9nieurs en Biotechnologies\" \/>\n<meta property=\"article:modified_time\" content=\"2025-06-06T09:25:26+00:00\" \/>\n<meta property=\"og:image\" content=\"https:\/\/www.estbb.fr\/wp-content\/uploads\/sites\/25\/2025\/06\/header-estbb-corporate-partners.jpg\" \/>\n\t<meta property=\"og:image:width\" content=\"1920\" \/>\n\t<meta property=\"og:image:height\" content=\"575\" \/>\n\t<meta property=\"og:image:type\" content=\"image\/jpeg\" \/>\n<meta name=\"twitter:card\" content=\"summary_large_image\" \/>\n<meta name=\"twitter:label1\" content=\"Est. reading time\" \/>\n\t<meta name=\"twitter:data1\" content=\"2 minutes\" \/>\n<script type=\"application\/ld+json\" class=\"yoast-schema-graph\">{\"@context\":\"https:\/\/schema.org\",\"@graph\":[{\"@type\":\"WebPage\",\"@id\":\"https:\/\/www.estbb.fr\/en\/company\/corporate-partners\/\",\"url\":\"https:\/\/www.estbb.fr\/en\/company\/corporate-partners\/\",\"name\":\"Corporate Partners - ESTBB - \u00c9cole d&#039;Ing\u00e9nieurs en Biotechnologies\",\"isPartOf\":{\"@id\":\"https:\/\/www.estbb.fr\/en\/#website\"},\"primaryImageOfPage\":{\"@id\":\"https:\/\/www.estbb.fr\/en\/company\/corporate-partners\/#primaryimage\"},\"image\":{\"@id\":\"https:\/\/www.estbb.fr\/en\/company\/corporate-partners\/#primaryimage\"},\"thumbnailUrl\":\"https:\/\/www.estbb.fr\/wp-content\/uploads\/sites\/25\/2025\/06\/header-estbb-corporate-partners.jpg\",\"datePublished\":\"2020-01-27T11:30:37+00:00\",\"dateModified\":\"2025-06-06T09:25:26+00:00\",\"breadcrumb\":{\"@id\":\"https:\/\/www.estbb.fr\/en\/company\/corporate-partners\/#breadcrumb\"},\"inLanguage\":\"en-US\",\"potentialAction\":[{\"@type\":\"ReadAction\",\"target\":[\"https:\/\/www.estbb.fr\/en\/company\/corporate-partners\/\"]}]},{\"@type\":\"ImageObject\",\"inLanguage\":\"en-US\",\"@id\":\"https:\/\/www.estbb.fr\/en\/company\/corporate-partners\/#primaryimage\",\"url\":\"https:\/\/www.estbb.fr\/wp-content\/uploads\/sites\/25\/2025\/06\/header-estbb-corporate-partners.jpg\",\"contentUrl\":\"https:\/\/www.estbb.fr\/wp-content\/uploads\/sites\/25\/2025\/06\/header-estbb-corporate-partners.jpg\",\"width\":1920,\"height\":575},{\"@type\":\"BreadcrumbList\",\"@id\":\"https:\/\/www.estbb.fr\/en\/company\/corporate-partners\/#breadcrumb\",\"itemListElement\":[{\"@type\":\"ListItem\",\"position\":1,\"name\":\"Accueil\",\"item\":\"https:\/\/www.estbb.fr\/en\/\"},{\"@type\":\"ListItem\",\"position\":2,\"name\":\"Company\",\"item\":\"https:\/\/www.estbb.fr\/en\/company\/\"},{\"@type\":\"ListItem\",\"position\":3,\"name\":\"Corporate Partners\"}]},{\"@type\":\"WebSite\",\"@id\":\"https:\/\/www.estbb.fr\/en\/#website\",\"url\":\"https:\/\/www.estbb.fr\/en\/\",\"name\":\"ESTBB - \u00c9cole d&#039;Ing\u00e9nieurs en Biotechnologies\",\"description\":\"\u00c9cole d&#039;Ing\u00e9nieurs en Biotechnologies\",\"publisher\":{\"@id\":\"https:\/\/www.estbb.fr\/en\/#organization\"},\"potentialAction\":[{\"@type\":\"SearchAction\",\"target\":{\"@type\":\"EntryPoint\",\"urlTemplate\":\"https:\/\/www.estbb.fr\/en\/?s={search_term_string}\"},\"query-input\":{\"@type\":\"PropertyValueSpecification\",\"valueRequired\":true,\"valueName\":\"search_term_string\"}}],\"inLanguage\":\"en-US\"},{\"@type\":\"Organization\",\"@id\":\"https:\/\/www.estbb.fr\/en\/#organization\",\"name\":\"ESTBB - \u00c9cole d&#039;Ing\u00e9nieurs en Biotechnologies\",\"url\":\"https:\/\/www.estbb.fr\/en\/\",\"logo\":{\"@type\":\"ImageObject\",\"inLanguage\":\"en-US\",\"@id\":\"https:\/\/www.estbb.fr\/en\/#\/schema\/logo\/image\/\",\"url\":\"https:\/\/www.estbb.fr\/wp-content\/uploads\/sites\/25\/2019\/12\/estbb-fr_blanc.svg\",\"contentUrl\":\"https:\/\/www.estbb.fr\/wp-content\/uploads\/sites\/25\/2019\/12\/estbb-fr_blanc.svg\",\"caption\":\"ESTBB - \u00c9cole d&#039;Ing\u00e9nieurs en Biotechnologies\"},\"image\":{\"@id\":\"https:\/\/www.estbb.fr\/en\/#\/schema\/logo\/image\/\"}}]}<\/script>\n<!-- \/ Yoast SEO plugin. -->","yoast_head_json":{"title":"Corporate Partners - ESTBB - \u00c9cole d&#039;Ing\u00e9nieurs en Biotechnologies","robots":{"index":"index","follow":"follow","max-snippet":"max-snippet:-1","max-image-preview":"max-image-preview:large","max-video-preview":"max-video-preview:-1"},"canonical":"https:\/\/www.estbb.fr\/en\/company\/corporate-partners\/","og_locale":"en_US","og_type":"article","og_title":"Corporate Partners - ESTBB - \u00c9cole d&#039;Ing\u00e9nieurs en Biotechnologies","og_description":"Our training courses allow us to reach a very large number of structures.Some of these companies have privileged links with ESTBB.In particular, six of [&hellip;]","og_url":"https:\/\/www.estbb.fr\/en\/company\/corporate-partners\/","og_site_name":"ESTBB - \u00c9cole d&#039;Ing\u00e9nieurs en Biotechnologies","article_modified_time":"2025-06-06T09:25:26+00:00","og_image":[{"width":1920,"height":575,"url":"https:\/\/www.estbb.fr\/wp-content\/uploads\/sites\/25\/2025\/06\/header-estbb-corporate-partners.jpg","type":"image\/jpeg"}],"twitter_card":"summary_large_image","twitter_misc":{"Est. reading time":"2 minutes"},"schema":{"@context":"https:\/\/schema.org","@graph":[{"@type":"WebPage","@id":"https:\/\/www.estbb.fr\/en\/company\/corporate-partners\/","url":"https:\/\/www.estbb.fr\/en\/company\/corporate-partners\/","name":"Corporate Partners - ESTBB - \u00c9cole d&#039;Ing\u00e9nieurs en Biotechnologies","isPartOf":{"@id":"https:\/\/www.estbb.fr\/en\/#website"},"primaryImageOfPage":{"@id":"https:\/\/www.estbb.fr\/en\/company\/corporate-partners\/#primaryimage"},"image":{"@id":"https:\/\/www.estbb.fr\/en\/company\/corporate-partners\/#primaryimage"},"thumbnailUrl":"https:\/\/www.estbb.fr\/wp-content\/uploads\/sites\/25\/2025\/06\/header-estbb-corporate-partners.jpg","datePublished":"2020-01-27T11:30:37+00:00","dateModified":"2025-06-06T09:25:26+00:00","breadcrumb":{"@id":"https:\/\/www.estbb.fr\/en\/company\/corporate-partners\/#breadcrumb"},"inLanguage":"en-US","potentialAction":[{"@type":"ReadAction","target":["https:\/\/www.estbb.fr\/en\/company\/corporate-partners\/"]}]},{"@type":"ImageObject","inLanguage":"en-US","@id":"https:\/\/www.estbb.fr\/en\/company\/corporate-partners\/#primaryimage","url":"https:\/\/www.estbb.fr\/wp-content\/uploads\/sites\/25\/2025\/06\/header-estbb-corporate-partners.jpg","contentUrl":"https:\/\/www.estbb.fr\/wp-content\/uploads\/sites\/25\/2025\/06\/header-estbb-corporate-partners.jpg","width":1920,"height":575},{"@type":"BreadcrumbList","@id":"https:\/\/www.estbb.fr\/en\/company\/corporate-partners\/#breadcrumb","itemListElement":[{"@type":"ListItem","position":1,"name":"Accueil","item":"https:\/\/www.estbb.fr\/en\/"},{"@type":"ListItem","position":2,"name":"Company","item":"https:\/\/www.estbb.fr\/en\/company\/"},{"@type":"ListItem","position":3,"name":"Corporate Partners"}]},{"@type":"WebSite","@id":"https:\/\/www.estbb.fr\/en\/#website","url":"https:\/\/www.estbb.fr\/en\/","name":"ESTBB - \u00c9cole d&#039;Ing\u00e9nieurs en Biotechnologies","description":"\u00c9cole d&#039;Ing\u00e9nieurs en Biotechnologies","publisher":{"@id":"https:\/\/www.estbb.fr\/en\/#organization"},"potentialAction":[{"@type":"SearchAction","target":{"@type":"EntryPoint","urlTemplate":"https:\/\/www.estbb.fr\/en\/?s={search_term_string}"},"query-input":{"@type":"PropertyValueSpecification","valueRequired":true,"valueName":"search_term_string"}}],"inLanguage":"en-US"},{"@type":"Organization","@id":"https:\/\/www.estbb.fr\/en\/#organization","name":"ESTBB - \u00c9cole d&#039;Ing\u00e9nieurs en Biotechnologies","url":"https:\/\/www.estbb.fr\/en\/","logo":{"@type":"ImageObject","inLanguage":"en-US","@id":"https:\/\/www.estbb.fr\/en\/#\/schema\/logo\/image\/","url":"https:\/\/www.estbb.fr\/wp-content\/uploads\/sites\/25\/2019\/12\/estbb-fr_blanc.svg","contentUrl":"https:\/\/www.estbb.fr\/wp-content\/uploads\/sites\/25\/2019\/12\/estbb-fr_blanc.svg","caption":"ESTBB - \u00c9cole d&#039;Ing\u00e9nieurs en Biotechnologies"},"image":{"@id":"https:\/\/www.estbb.fr\/en\/#\/schema\/logo\/image\/"}}]}},"_links":{"self":[{"href":"https:\/\/www.estbb.fr\/en\/wp-json\/wp\/v2\/pages\/5999","targetHints":{"allow":["GET"]}}],"collection":[{"href":"https:\/\/www.estbb.fr\/en\/wp-json\/wp\/v2\/pages"}],"about":[{"href":"https:\/\/www.estbb.fr\/en\/wp-json\/wp\/v2\/types\/page"}],"author":[{"embeddable":true,"href":"https:\/\/www.estbb.fr\/en\/wp-json\/wp\/v2\/users\/27"}],"replies":[{"embeddable":true,"href":"https:\/\/www.estbb.fr\/en\/wp-json\/wp\/v2\/comments?post=5999"}],"version-history":[{"count":19,"href":"https:\/\/www.estbb.fr\/en\/wp-json\/wp\/v2\/pages\/5999\/revisions"}],"predecessor-version":[{"id":21646,"href":"https:\/\/www.estbb.fr\/en\/wp-json\/wp\/v2\/pages\/5999\/revisions\/21646"}],"up":[{"embeddable":true,"href":"https:\/\/www.estbb.fr\/en\/wp-json\/wp\/v2\/pages\/5967"}],"wp:featuredmedia":[{"embeddable":true,"href":"https:\/\/www.estbb.fr\/en\/wp-json\/wp\/v2\/media\/22779"}],"wp:attachment":[{"href":"https:\/\/www.estbb.fr\/en\/wp-json\/wp\/v2\/media?parent=5999"}],"curies":[{"name":"wp","href":"https:\/\/api.w.org\/{rel}","templated":true}]}}