{"id":5991,"date":"2020-01-27T12:22:19","date_gmt":"2020-01-27T11:22:19","guid":{"rendered":"https:\/\/www.estbb.fr\/?page_id=5991"},"modified":"2026-02-24T15:10:18","modified_gmt":"2026-02-24T14:10:18","slug":"contact","status":"publish","type":"page","link":"https:\/\/www.estbb.fr\/en\/company\/about-estbb\/contact\/","title":{"rendered":"Location &#038; Contact"},"content":{"rendered":"<h2 class=\"wp-block-heading\">Contact us<\/h2><p><\/p><div class=\"wp-block-contact js-fade-scroll\">\n  <p class=\"wp-block-contact-title\">INTERNATIONAL RELATIONS OFFICE<\/p>\n\n        <div class=\"contact-info\">\n        <p class=\"contact-item\">\n          <span class=\"contact-strong\">International Relations Office<\/span><br>\n          <span class=\"contact-light\"><\/span>\n        <\/p>\n        <span class=\"contact-separate\"><\/span>\n        <p class=\"contact-item\">\n          <a class=\"icon-phone contact-button show-for-small-only\" href=\"tel:+33 (0)4 72 32 51 98\"><\/a>\n          <span class=\"contact-strong hide-for-small-only\">+33 (0)4 72 32 51 98<\/span><br>\n          <a class=\"icon-mail contact-button show-for-small-only\" href=\"mailto:estbb-relationsinternationales@univ-catholyon.fr\"><\/a>\n          <span class=\"contact-light hide-for-small-only\">estbb-relationsinternationales@univ-catholyon.fr<\/span>\n        <\/p>\n      <\/div>\n    <\/div><p><\/p><div class=\"wp-block-formidable-form js-fade-scroll\">\n\n    <div class=\"frm_forms \" id=\"frm_form_53_container\" >\n<form enctype=\"multipart\/form-data\" method=\"post\" class=\"frm-show-form  frm_js_validate  frm_ajax_submit  frm_pro_form \" id=\"form_templatepardfaut224\" >\n<div class=\"frm_form_fields \">\n<fieldset>\n<legend class=\"frm_screen_reader\">Contact form<\/legend>\r\n\r\n<div class=\"frm_fields_container\">\n<input type=\"hidden\" name=\"frm_action\" value=\"create\" \/>\n<input type=\"hidden\" name=\"form_id\" value=\"53\" \/>\n<input type=\"hidden\" name=\"frm_hide_fields_53\" id=\"frm_hide_fields_53\" value=\"\" \/>\n<input type=\"hidden\" name=\"form_key\" value=\"templatepardfaut224\" \/>\n<input type=\"hidden\" name=\"item_meta[0]\" value=\"\" \/>\n<input type=\"hidden\" id=\"frm_submit_entry_53\" name=\"frm_submit_entry_53\" value=\"8ad81ea7de\" \/><input type=\"hidden\" name=\"_wp_http_referer\" value=\"\/en\/wp-json\/wp\/v2\/pages\/5991\" \/><input type=\"hidden\" name=\"item_meta[530]\" id=\"field_email_notification8\" value=\"estbb-admissions@univ-catholyon.fr\"  data-frmval=\"estbb-admissions@univ-catholyon.fr\"   \/>\n<div id=\"frm_field_531_container\" class=\"frm_form_field form-field  frm_required_field frm_top_container\">\r\n    <label for=\"field_bcqd36\" id=\"field_bcqd36_label\" class=\"frm_primary_label\">Name\r\n        <span class=\"frm_required\">*<\/span>\r\n    <\/label>\r\n    <input type=\"text\" id=\"field_bcqd36\" name=\"item_meta[531]\" value=\"\"  data-reqmsg=\"Veuillez remplir ce champ\" aria-required=\"true\" data-invmsg=\"texte est non valide\" aria-invalid=\"false\"  \/>\r\n    \r\n    \r\n<\/div>\n<div id=\"frm_field_532_container\" class=\"frm_form_field form-field  frm_required_field frm_top_container\">\r\n    <label for=\"field_jv86u6\" id=\"field_jv86u6_label\" class=\"frm_primary_label\">First name\r\n        <span class=\"frm_required\">*<\/span>\r\n    <\/label>\r\n    <input type=\"text\" id=\"field_jv86u6\" name=\"item_meta[532]\" value=\"\"  data-reqmsg=\"Veuillez remplir ce champ\" aria-required=\"true\" data-invmsg=\"texte est non valide\" aria-invalid=\"false\"  \/>\r\n    \r\n    \r\n<\/div>\n<div id=\"frm_field_534_container\" class=\"frm_form_field form-field  frm_required_field frm_top_container\">\r\n    <label for=\"field_yl0ea6\" id=\"field_yl0ea6_label\" class=\"frm_primary_label\">E-mail address\r\n        <span class=\"frm_required\">*<\/span>\r\n    <\/label>\r\n    <input type=\"email\" id=\"field_yl0ea6\" name=\"item_meta[534]\" value=\"\"  data-reqmsg=\"Veuillez remplir ce champ\" aria-required=\"true\" data-invmsg=\"E-mail est non valide\" aria-invalid=\"false\"  \/>\r\n    \r\n    \r\n<\/div>\n<div id=\"frm_field_533_container\" class=\"frm_form_field form-field  frm_required_field frm_top_container\">\r\n    <label for=\"field_wom8z5\" id=\"field_wom8z5_label\" class=\"frm_primary_label\">Phone number\r\n        <span class=\"frm_required\">*<\/span>\r\n    <\/label>\r\n    <input type=\"tel\" id=\"field_wom8z5\" name=\"item_meta[533]\" value=\"\"  data-reqmsg=\"Veuillez remplir ce champ\" aria-required=\"true\" data-invmsg=\"Phone est non valide\" aria-invalid=\"false\" pattern=\"((\\+\\d{1,3}(-|.| )?\\(?\\d\\)?(-| |.)?\\d{1,5})|(\\(?\\d{2,6}\\)?))(-|.| )?(\\d{3,4})(-|.| )?(\\d{4})(( x| ext)\\d{1,5}){0,1}$\"  \/>\r\n    \r\n    \r\n<\/div>\n<div id=\"frm_field_541_container\" class=\"frm_form_field form-field  frm_required_field frm_top_container\">\r\n    <label for=\"field_lybhg\" id=\"field_lybhg_label\" class=\"frm_primary_label\">Your country\r\n        <span class=\"frm_required\">*<\/span>\r\n    <\/label>\r\n    <input type=\"text\" id=\"field_lybhg\" name=\"item_meta[541]\" value=\"\"  data-reqmsg=\"Veuillez remplir ce champ\" aria-required=\"true\" data-invmsg=\"E-mail est non valide\" aria-invalid=\"false\"  \/>\r\n    \r\n    \r\n<\/div>\n<div id=\"frm_field_537_container\" class=\"frm_form_field form-field  frm_required_field frm_top_container\">\r\n    <label for=\"field_lqbjs2\" id=\"field_lqbjs2_label\" class=\"frm_primary_label\">Object\r\n        <span class=\"frm_required\">*<\/span>\r\n    <\/label>\r\n    <input type=\"text\" id=\"field_lqbjs2\" name=\"item_meta[537]\" value=\"\"  data-reqmsg=\"Veuillez remplir ce champ\" aria-required=\"true\" data-invmsg=\"texte est non valide\" aria-invalid=\"false\"  \/>\r\n    \r\n    \r\n<\/div>\n<div id=\"frm_field_538_container\" class=\"frm_form_field form-field  frm_required_field frm_top_container\">\r\n    <label for=\"field_sj5vj5\" id=\"field_sj5vj5_label\" class=\"frm_primary_label\">Your message\r\n        <span class=\"frm_required\">*<\/span>\r\n    <\/label>\r\n    <div id=\"wp-field_sj5vj5-wrap\" class=\"wp-core-ui wp-editor-wrap tmce-active\"><link rel='stylesheet' id='dashicons-css' href='https:\/\/www.estbb.fr\/wp-includes\/css\/dashicons.min.css?ver=6.7.1' type='text\/css' media='all' \/>\n<link rel='stylesheet' id='editor-buttons-css' href='https:\/\/www.estbb.fr\/wp-includes\/css\/editor.min.css?ver=6.7.1' type='text\/css' media='all' \/>\n<div id=\"wp-field_sj5vj5-editor-tools\" class=\"wp-editor-tools hide-if-no-js\"><div class=\"wp-editor-tabs\"><button type=\"button\" id=\"field_sj5vj5-tmce\" aria-pressed=\"true\" class=\"wp-switch-editor switch-tmce\" data-wp-editor-id=\"field_sj5vj5\">Visual<\/button>\n<button type=\"button\" id=\"field_sj5vj5-html\" class=\"wp-switch-editor switch-html\" data-wp-editor-id=\"field_sj5vj5\">Text<\/button>\n<\/div>\n<\/div>\n<div id=\"wp-field_sj5vj5-editor-container\" class=\"wp-editor-container\"><div id=\"qt_field_sj5vj5_toolbar\" class=\"quicktags-toolbar hide-if-no-js\"><\/div><textarea class=\"wp-editor-area\" rows=\"7\" autocomplete=\"off\" cols=\"40\" name=\"item_meta[538]\" id=\"field_sj5vj5\"><\/textarea><\/div>\n<\/div>\n\n\r\n    \r\n    \r\n<\/div>\n<div id=\"frm_field_539_container\" class=\"frm_form_field form-field  frm_required_field frm_none_container vertical_radio\">\r\n    <div  id=\"field_pcbv5_label\" class=\"frm_primary_label\">\r\n        <span class=\"frm_required\">*<\/span>\r\n    <\/div>\r\n    <div class=\"frm_opt_container\" aria-labelledby=\"field_pcbv5_label\" role=\"group\">\t\t<div class=\"frm_checkbox\" id=\"frm_checkbox_539-0\">\t\t\t<label  for=\"field_pcbv5-0\">\n\t\t\t<input type=\"checkbox\" name=\"item_meta[539][]\" id=\"field_pcbv5-0\" value=\"&lt;p style=&quot;font-size:9px;&quot;&gt;&lt;i&gt;By checking this box and submitting this form, I agree that my personal data will be used to contact me in the context of my request indicated in this form.&lt;\/i&gt;&lt;\/p&gt;\"  data-reqmsg=\"Veuillez remplir ce champ\" data-invmsg=\"This field is invalid\" aria-invalid=\"false\"   aria-required=\"true\"  \/> <p><i>By checking this box and submitting this form, I agree that my personal data will be used to contact me in the context of my request indicated in this form.<\/i><\/p><\/label><\/div>\n<\/div>\r\n    \r\n    \r\n<\/div>\n<div id=\"frm_field_540_container\" class=\"frm_form_field  frm_html_container form-field\">\n<p style=\"font-size:9px;\"><i>No other processing will be carried out with my information. The information collected by AFPICL - UCLy from this form is subject to computer processing intended to allow UCLy to constitute a distribution list in order to send you its newsletters and to communicate information to you on the application procedure. Fields with an asterisk are required. These data will be kept for a maximum of 3 years from our last contact. In accordance with the provisions of the GDPR, you have the right to access, rectify, withdraw and delete data concerning you on simple written request and to the following address estbb@univ-catholyon.fr.<\/i><\/p>\n<\/div>\n<div id=\"frm_field_1125_container\" class=\"frm_form_field form-field  frm_none_container\">\n    <label for=\"g-recaptcha-response\" id=\"field_qlobv_label\" class=\"frm_primary_label\">Captcha\n        <span class=\"frm_required\" aria-hidden=\"true\"><\/span>\n    <\/label>\n    <div  id=\"field_qlobv\" class=\"frm-g-recaptcha\" data-sitekey=\"6LdZecoZAAAAAASWV36E1d8R47CXs9iA1-vJaWki\" data-size=\"normal\" data-theme=\"light\"><\/div>\n    \n    \n<\/div>\n<div id=\"frm_field_1283_container\" class=\"frm_form_field form-field \">\n\t<div class=\"frm_submit\">\r\n\r\n<button class=\"frm_button_submit frm_final_submit\" type=\"submit\"   formnovalidate=\"formnovalidate\">Send<\/button>\r\n\r\n<\/div>\n<\/div>\n\t<input type=\"hidden\" name=\"item_key\" value=\"\" \/>\n\t\t\t\t<div class=\"frm__65279ca0ea5b7\">\n\t\t\t\t<label for=\"frm_email_53\" >\n\t\t\t\t\tIf you are human, leave this field blank.\t\t\t\t<\/label>\n\t\t\t\t<input  id=\"frm_email_53\" type=\"text\" class=\"frm_verify\" name=\"frm__65279ca0ea5b7\" value=\"\" autocomplete=\"off\"  \/>\n\t\t\t<\/div>\n\t\t<input name=\"frm_state\" type=\"hidden\" value=\"gaQBWokpb8y8aJKaCguMVVfVBKsavwXD1\/kfuSWyOhY=\" \/><\/div>\n<\/fieldset>\n<\/div>\n\n<\/form>\n<\/div>\n\n  <\/div><div class=\"wp-block-separator js-fade-scroll\"><\/div><h2 class=\"wp-block-heading\">Visit us<\/h2><p>ESTBB is located in Lyon, France.<\/p><p>ESTBB&nbsp;- Catholic University of Lyon<br>10 place des Archives - 69002 LYON<br>FRANCE <\/p><iframe loading=\"lazy\" src=\"https:\/\/www.google.com\/maps\/embed?pb=!1m18!1m12!1m3!1d11404118.654912047!2d-4.138346159485806!3d45.746962722552944!2m3!1f0!2f0!3f0!3m2!1i1024!2i768!4f13.1!3m3!1m2!1s0x47f4ea52d7536b7f%3A0x9636d49676dad1df!2sESTBB+-+%C3%89cole+Sup%C3%A9rieure+de+Biologie%2C+Biochimie%2C+Biotechnologies+(UCLy)!5e0!3m2!1sfr!2sfr!4v1476515040351\" style=\"border:0\" allowfullscreen=\"\" width=\"600\" height=\"450\" frameborder=\"0\"><\/iframe>","protected":false},"excerpt":{"rendered":"<p>Contact usVisit usESTBB is located in Lyon, France.ESTBB&nbsp;&#8211; Catholic University of Lyon10 place des Archives &#8211; 69002 LYONFRANCE<\/p>\n","protected":false},"author":27,"featured_media":21315,"parent":5955,"menu_order":0,"comment_status":"closed","ping_status":"closed","template":"","meta":{"_acf_changed":false,"footnotes":""},"class_list":["post-5991","page","type-page","status-publish","has-post-thumbnail","hentry"],"acf":[],"yoast_head":"<!-- This site is optimized with the Yoast SEO plugin v24.1 - https:\/\/yoast.com\/wordpress\/plugins\/seo\/ -->\n<title>Location &amp; Contact - ESTBB - \u00c9cole d&#039;Ing\u00e9nieurs en Biotechnologies<\/title>\n<meta name=\"robots\" content=\"index, follow, max-snippet:-1, max-image-preview:large, max-video-preview:-1\" \/>\n<link rel=\"canonical\" href=\"https:\/\/www.estbb.fr\/en\/company\/about-estbb\/contact\/\" \/>\n<meta property=\"og:locale\" content=\"en_US\" \/>\n<meta property=\"og:type\" content=\"article\" \/>\n<meta property=\"og:title\" content=\"Location &amp; Contact - ESTBB - \u00c9cole d&#039;Ing\u00e9nieurs en Biotechnologies\" \/>\n<meta property=\"og:description\" content=\"Contact usVisit usESTBB is located in Lyon, France.ESTBB&nbsp;- Catholic University of Lyon10 place des Archives - 69002 LYONFRANCE\" \/>\n<meta property=\"og:url\" content=\"https:\/\/www.estbb.fr\/en\/company\/about-estbb\/contact\/\" \/>\n<meta property=\"og:site_name\" content=\"ESTBB - \u00c9cole d&#039;Ing\u00e9nieurs en Biotechnologies\" \/>\n<meta property=\"article:modified_time\" content=\"2026-02-24T14:10:18+00:00\" \/>\n<meta property=\"og:image\" content=\"https:\/\/www.estbb.fr\/wp-content\/uploads\/sites\/25\/2025\/02\/ucly-campus-st-paul-drone.jpg\" \/>\n\t<meta property=\"og:image:width\" content=\"1024\" \/>\n\t<meta property=\"og:image:height\" content=\"682\" \/>\n\t<meta property=\"og:image:type\" content=\"image\/jpeg\" \/>\n<meta name=\"twitter:card\" content=\"summary_large_image\" \/>\n<meta name=\"twitter:label1\" content=\"Est. reading time\" \/>\n\t<meta name=\"twitter:data1\" content=\"1 minute\" \/>\n<script type=\"application\/ld+json\" class=\"yoast-schema-graph\">{\"@context\":\"https:\/\/schema.org\",\"@graph\":[{\"@type\":\"WebPage\",\"@id\":\"https:\/\/www.estbb.fr\/en\/company\/about-estbb\/contact\/\",\"url\":\"https:\/\/www.estbb.fr\/en\/company\/about-estbb\/contact\/\",\"name\":\"Location & Contact - ESTBB - \u00c9cole d&#039;Ing\u00e9nieurs en Biotechnologies\",\"isPartOf\":{\"@id\":\"https:\/\/www.estbb.fr\/en\/#website\"},\"primaryImageOfPage\":{\"@id\":\"https:\/\/www.estbb.fr\/en\/company\/about-estbb\/contact\/#primaryimage\"},\"image\":{\"@id\":\"https:\/\/www.estbb.fr\/en\/company\/about-estbb\/contact\/#primaryimage\"},\"thumbnailUrl\":\"https:\/\/www.estbb.fr\/wp-content\/uploads\/sites\/25\/2025\/02\/ucly-campus-st-paul-drone-1772x576.jpg\",\"datePublished\":\"2020-01-27T11:22:19+00:00\",\"dateModified\":\"2026-02-24T14:10:18+00:00\",\"breadcrumb\":{\"@id\":\"https:\/\/www.estbb.fr\/en\/company\/about-estbb\/contact\/#breadcrumb\"},\"inLanguage\":\"en-US\",\"potentialAction\":[{\"@type\":\"ReadAction\",\"target\":[\"https:\/\/www.estbb.fr\/en\/company\/about-estbb\/contact\/\"]}]},{\"@type\":\"ImageObject\",\"inLanguage\":\"en-US\",\"@id\":\"https:\/\/www.estbb.fr\/en\/company\/about-estbb\/contact\/#primaryimage\",\"url\":\"https:\/\/www.estbb.fr\/wp-content\/uploads\/sites\/25\/2025\/02\/ucly-campus-st-paul-drone-1772x576.jpg\",\"contentUrl\":\"https:\/\/www.estbb.fr\/wp-content\/uploads\/sites\/25\/2025\/02\/ucly-campus-st-paul-drone-1772x576.jpg\",\"width\":1772,\"height\":1181,\"caption\":\"UCLy Campus St-Paul Drone\"},{\"@type\":\"BreadcrumbList\",\"@id\":\"https:\/\/www.estbb.fr\/en\/company\/about-estbb\/contact\/#breadcrumb\",\"itemListElement\":[{\"@type\":\"ListItem\",\"position\":1,\"name\":\"Accueil\",\"item\":\"https:\/\/www.estbb.fr\/en\/\"},{\"@type\":\"ListItem\",\"position\":2,\"name\":\"Company\",\"item\":\"https:\/\/www.estbb.fr\/en\/company\/\"},{\"@type\":\"ListItem\",\"position\":3,\"name\":\"About ESTBB\",\"item\":\"https:\/\/www.estbb.fr\/en\/company\/about-estbb\/\"},{\"@type\":\"ListItem\",\"position\":4,\"name\":\"Location &#038; Contact\"}]},{\"@type\":\"WebSite\",\"@id\":\"https:\/\/www.estbb.fr\/en\/#website\",\"url\":\"https:\/\/www.estbb.fr\/en\/\",\"name\":\"ESTBB - \u00c9cole d&#039;Ing\u00e9nieurs en Biotechnologies\",\"description\":\"\u00c9cole d&#039;Ing\u00e9nieurs en Biotechnologies\",\"publisher\":{\"@id\":\"https:\/\/www.estbb.fr\/en\/#organization\"},\"potentialAction\":[{\"@type\":\"SearchAction\",\"target\":{\"@type\":\"EntryPoint\",\"urlTemplate\":\"https:\/\/www.estbb.fr\/en\/?s={search_term_string}\"},\"query-input\":{\"@type\":\"PropertyValueSpecification\",\"valueRequired\":true,\"valueName\":\"search_term_string\"}}],\"inLanguage\":\"en-US\"},{\"@type\":\"Organization\",\"@id\":\"https:\/\/www.estbb.fr\/en\/#organization\",\"name\":\"ESTBB - \u00c9cole d&#039;Ing\u00e9nieurs en Biotechnologies\",\"url\":\"https:\/\/www.estbb.fr\/en\/\",\"logo\":{\"@type\":\"ImageObject\",\"inLanguage\":\"en-US\",\"@id\":\"https:\/\/www.estbb.fr\/en\/#\/schema\/logo\/image\/\",\"url\":\"https:\/\/www.estbb.fr\/wp-content\/uploads\/sites\/25\/2019\/12\/estbb-fr_blanc.svg\",\"contentUrl\":\"https:\/\/www.estbb.fr\/wp-content\/uploads\/sites\/25\/2019\/12\/estbb-fr_blanc.svg\",\"caption\":\"ESTBB - \u00c9cole d&#039;Ing\u00e9nieurs en Biotechnologies\"},\"image\":{\"@id\":\"https:\/\/www.estbb.fr\/en\/#\/schema\/logo\/image\/\"}}]}<\/script>\n<!-- \/ Yoast SEO plugin. -->","yoast_head_json":{"title":"Location & Contact - ESTBB - \u00c9cole d&#039;Ing\u00e9nieurs en Biotechnologies","robots":{"index":"index","follow":"follow","max-snippet":"max-snippet:-1","max-image-preview":"max-image-preview:large","max-video-preview":"max-video-preview:-1"},"canonical":"https:\/\/www.estbb.fr\/en\/company\/about-estbb\/contact\/","og_locale":"en_US","og_type":"article","og_title":"Location & Contact - ESTBB - \u00c9cole d&#039;Ing\u00e9nieurs en Biotechnologies","og_description":"Contact usVisit usESTBB is located in Lyon, France.ESTBB&nbsp;- Catholic University of Lyon10 place des Archives - 69002 LYONFRANCE","og_url":"https:\/\/www.estbb.fr\/en\/company\/about-estbb\/contact\/","og_site_name":"ESTBB - \u00c9cole d&#039;Ing\u00e9nieurs en Biotechnologies","article_modified_time":"2026-02-24T14:10:18+00:00","og_image":[{"url":"https:\/\/www.estbb.fr\/wp-content\/uploads\/sites\/25\/2025\/02\/ucly-campus-st-paul-drone.jpg","width":1024,"height":682,"type":"image\/jpeg"}],"twitter_card":"summary_large_image","twitter_misc":{"Est. reading time":"1 minute"},"schema":{"@context":"https:\/\/schema.org","@graph":[{"@type":"WebPage","@id":"https:\/\/www.estbb.fr\/en\/company\/about-estbb\/contact\/","url":"https:\/\/www.estbb.fr\/en\/company\/about-estbb\/contact\/","name":"Location & Contact - ESTBB - \u00c9cole d&#039;Ing\u00e9nieurs en Biotechnologies","isPartOf":{"@id":"https:\/\/www.estbb.fr\/en\/#website"},"primaryImageOfPage":{"@id":"https:\/\/www.estbb.fr\/en\/company\/about-estbb\/contact\/#primaryimage"},"image":{"@id":"https:\/\/www.estbb.fr\/en\/company\/about-estbb\/contact\/#primaryimage"},"thumbnailUrl":"https:\/\/www.estbb.fr\/wp-content\/uploads\/sites\/25\/2025\/02\/ucly-campus-st-paul-drone-1772x576.jpg","datePublished":"2020-01-27T11:22:19+00:00","dateModified":"2026-02-24T14:10:18+00:00","breadcrumb":{"@id":"https:\/\/www.estbb.fr\/en\/company\/about-estbb\/contact\/#breadcrumb"},"inLanguage":"en-US","potentialAction":[{"@type":"ReadAction","target":["https:\/\/www.estbb.fr\/en\/company\/about-estbb\/contact\/"]}]},{"@type":"ImageObject","inLanguage":"en-US","@id":"https:\/\/www.estbb.fr\/en\/company\/about-estbb\/contact\/#primaryimage","url":"https:\/\/www.estbb.fr\/wp-content\/uploads\/sites\/25\/2025\/02\/ucly-campus-st-paul-drone-1772x576.jpg","contentUrl":"https:\/\/www.estbb.fr\/wp-content\/uploads\/sites\/25\/2025\/02\/ucly-campus-st-paul-drone-1772x576.jpg","width":1772,"height":1181,"caption":"UCLy Campus St-Paul Drone"},{"@type":"BreadcrumbList","@id":"https:\/\/www.estbb.fr\/en\/company\/about-estbb\/contact\/#breadcrumb","itemListElement":[{"@type":"ListItem","position":1,"name":"Accueil","item":"https:\/\/www.estbb.fr\/en\/"},{"@type":"ListItem","position":2,"name":"Company","item":"https:\/\/www.estbb.fr\/en\/company\/"},{"@type":"ListItem","position":3,"name":"About ESTBB","item":"https:\/\/www.estbb.fr\/en\/company\/about-estbb\/"},{"@type":"ListItem","position":4,"name":"Location &#038; Contact"}]},{"@type":"WebSite","@id":"https:\/\/www.estbb.fr\/en\/#website","url":"https:\/\/www.estbb.fr\/en\/","name":"ESTBB - \u00c9cole d&#039;Ing\u00e9nieurs en Biotechnologies","description":"\u00c9cole d&#039;Ing\u00e9nieurs en Biotechnologies","publisher":{"@id":"https:\/\/www.estbb.fr\/en\/#organization"},"potentialAction":[{"@type":"SearchAction","target":{"@type":"EntryPoint","urlTemplate":"https:\/\/www.estbb.fr\/en\/?s={search_term_string}"},"query-input":{"@type":"PropertyValueSpecification","valueRequired":true,"valueName":"search_term_string"}}],"inLanguage":"en-US"},{"@type":"Organization","@id":"https:\/\/www.estbb.fr\/en\/#organization","name":"ESTBB - \u00c9cole d&#039;Ing\u00e9nieurs en Biotechnologies","url":"https:\/\/www.estbb.fr\/en\/","logo":{"@type":"ImageObject","inLanguage":"en-US","@id":"https:\/\/www.estbb.fr\/en\/#\/schema\/logo\/image\/","url":"https:\/\/www.estbb.fr\/wp-content\/uploads\/sites\/25\/2019\/12\/estbb-fr_blanc.svg","contentUrl":"https:\/\/www.estbb.fr\/wp-content\/uploads\/sites\/25\/2019\/12\/estbb-fr_blanc.svg","caption":"ESTBB - \u00c9cole d&#039;Ing\u00e9nieurs en Biotechnologies"},"image":{"@id":"https:\/\/www.estbb.fr\/en\/#\/schema\/logo\/image\/"}}]}},"_links":{"self":[{"href":"https:\/\/www.estbb.fr\/en\/wp-json\/wp\/v2\/pages\/5991","targetHints":{"allow":["GET"]}}],"collection":[{"href":"https:\/\/www.estbb.fr\/en\/wp-json\/wp\/v2\/pages"}],"about":[{"href":"https:\/\/www.estbb.fr\/en\/wp-json\/wp\/v2\/types\/page"}],"author":[{"embeddable":true,"href":"https:\/\/www.estbb.fr\/en\/wp-json\/wp\/v2\/users\/27"}],"replies":[{"embeddable":true,"href":"https:\/\/www.estbb.fr\/en\/wp-json\/wp\/v2\/comments?post=5991"}],"version-history":[{"count":2,"href":"https:\/\/www.estbb.fr\/en\/wp-json\/wp\/v2\/pages\/5991\/revisions"}],"predecessor-version":[{"id":24948,"href":"https:\/\/www.estbb.fr\/en\/wp-json\/wp\/v2\/pages\/5991\/revisions\/24948"}],"up":[{"embeddable":true,"href":"https:\/\/www.estbb.fr\/en\/wp-json\/wp\/v2\/pages\/5955"}],"wp:featuredmedia":[{"embeddable":true,"href":"https:\/\/www.estbb.fr\/en\/wp-json\/wp\/v2\/media\/21315"}],"wp:attachment":[{"href":"https:\/\/www.estbb.fr\/en\/wp-json\/wp\/v2\/media?parent=5991"}],"curies":[{"name":"wp","href":"https:\/\/api.w.org\/{rel}","templated":true}]}}