{"id":5989,"date":"2020-01-27T12:22:01","date_gmt":"2020-01-27T11:22:01","guid":{"rendered":"https:\/\/www.estbb.fr\/?page_id=5989"},"modified":"2020-01-29T10:22:10","modified_gmt":"2020-01-29T09:22:10","slug":"events","status":"publish","type":"page","link":"https:\/\/www.estbb.fr\/en\/company\/about-estbb\/events\/","title":{"rendered":"Events"},"content":{"rendered":"","protected":false},"excerpt":{"rendered":"","protected":false},"author":27,"featured_media":2126,"parent":5955,"menu_order":0,"comment_status":"closed","ping_status":"closed","template":"","meta":{"_acf_changed":false,"footnotes":""},"class_list":["post-5989","page","type-page","status-publish","has-post-thumbnail","hentry"],"acf":[],"yoast_head":"<!-- This site is optimized with the Yoast SEO plugin v24.1 - https:\/\/yoast.com\/wordpress\/plugins\/seo\/ -->\n<title>Events - ESTBB - \u00c9cole d&#039;Ing\u00e9nieurs en Biotechnologies<\/title>\n<meta name=\"robots\" content=\"index, follow, max-snippet:-1, max-image-preview:large, max-video-preview:-1\" \/>\n<link rel=\"canonical\" href=\"https:\/\/www.estbb.fr\/en\/company\/about-estbb\/events\/\" \/>\n<meta property=\"og:locale\" content=\"en_US\" \/>\n<meta property=\"og:type\" content=\"article\" \/>\n<meta property=\"og:title\" content=\"Events - ESTBB - \u00c9cole d&#039;Ing\u00e9nieurs en Biotechnologies\" \/>\n<meta property=\"og:url\" content=\"https:\/\/www.estbb.fr\/en\/company\/about-estbb\/events\/\" \/>\n<meta property=\"og:site_name\" content=\"ESTBB - \u00c9cole d&#039;Ing\u00e9nieurs en Biotechnologies\" \/>\n<meta property=\"article:modified_time\" content=\"2020-01-29T09:22:10+00:00\" \/>\n<meta property=\"og:image\" content=\"https:\/\/www.estbb.fr\/wp-content\/uploads\/sites\/25\/2019\/12\/header-etudiants-science-biotechnologie-lyon-1.jpg\" \/>\n\t<meta property=\"og:image:width\" content=\"1920\" \/>\n\t<meta property=\"og:image:height\" content=\"575\" \/>\n\t<meta property=\"og:image:type\" content=\"image\/jpeg\" \/>\n<meta name=\"twitter:card\" content=\"summary_large_image\" \/>\n<script type=\"application\/ld+json\" class=\"yoast-schema-graph\">{\"@context\":\"https:\/\/schema.org\",\"@graph\":[{\"@type\":\"WebPage\",\"@id\":\"https:\/\/www.estbb.fr\/en\/company\/about-estbb\/events\/\",\"url\":\"https:\/\/www.estbb.fr\/en\/company\/about-estbb\/events\/\",\"name\":\"Events - ESTBB - \u00c9cole d&#039;Ing\u00e9nieurs en Biotechnologies\",\"isPartOf\":{\"@id\":\"https:\/\/www.estbb.fr\/en\/#website\"},\"primaryImageOfPage\":{\"@id\":\"https:\/\/www.estbb.fr\/en\/company\/about-estbb\/events\/#primaryimage\"},\"image\":{\"@id\":\"https:\/\/www.estbb.fr\/en\/company\/about-estbb\/events\/#primaryimage\"},\"thumbnailUrl\":\"https:\/\/www.estbb.fr\/wp-content\/uploads\/sites\/25\/2019\/12\/header-etudiants-science-biotechnologie-lyon-1.jpg\",\"datePublished\":\"2020-01-27T11:22:01+00:00\",\"dateModified\":\"2020-01-29T09:22:10+00:00\",\"breadcrumb\":{\"@id\":\"https:\/\/www.estbb.fr\/en\/company\/about-estbb\/events\/#breadcrumb\"},\"inLanguage\":\"en-US\",\"potentialAction\":[{\"@type\":\"ReadAction\",\"target\":[\"https:\/\/www.estbb.fr\/en\/company\/about-estbb\/events\/\"]}]},{\"@type\":\"ImageObject\",\"inLanguage\":\"en-US\",\"@id\":\"https:\/\/www.estbb.fr\/en\/company\/about-estbb\/events\/#primaryimage\",\"url\":\"https:\/\/www.estbb.fr\/wp-content\/uploads\/sites\/25\/2019\/12\/header-etudiants-science-biotechnologie-lyon-1.jpg\",\"contentUrl\":\"https:\/\/www.estbb.fr\/wp-content\/uploads\/sites\/25\/2019\/12\/header-etudiants-science-biotechnologie-lyon-1.jpg\",\"width\":1920,\"height\":575,\"caption\":\"OLYMPUS DIGITAL CAMERA\"},{\"@type\":\"BreadcrumbList\",\"@id\":\"https:\/\/www.estbb.fr\/en\/company\/about-estbb\/events\/#breadcrumb\",\"itemListElement\":[{\"@type\":\"ListItem\",\"position\":1,\"name\":\"Accueil\",\"item\":\"https:\/\/www.estbb.fr\/en\/\"},{\"@type\":\"ListItem\",\"position\":2,\"name\":\"Company\",\"item\":\"https:\/\/www.estbb.fr\/en\/company\/\"},{\"@type\":\"ListItem\",\"position\":3,\"name\":\"About ESTBB\",\"item\":\"https:\/\/www.estbb.fr\/en\/company\/about-estbb\/\"},{\"@type\":\"ListItem\",\"position\":4,\"name\":\"Events\"}]},{\"@type\":\"WebSite\",\"@id\":\"https:\/\/www.estbb.fr\/en\/#website\",\"url\":\"https:\/\/www.estbb.fr\/en\/\",\"name\":\"ESTBB - \u00c9cole d&#039;Ing\u00e9nieurs en Biotechnologies\",\"description\":\"\u00c9cole d&#039;Ing\u00e9nieurs en Biotechnologies\",\"publisher\":{\"@id\":\"https:\/\/www.estbb.fr\/en\/#organization\"},\"potentialAction\":[{\"@type\":\"SearchAction\",\"target\":{\"@type\":\"EntryPoint\",\"urlTemplate\":\"https:\/\/www.estbb.fr\/en\/?s={search_term_string}\"},\"query-input\":{\"@type\":\"PropertyValueSpecification\",\"valueRequired\":true,\"valueName\":\"search_term_string\"}}],\"inLanguage\":\"en-US\"},{\"@type\":\"Organization\",\"@id\":\"https:\/\/www.estbb.fr\/en\/#organization\",\"name\":\"ESTBB - \u00c9cole d&#039;Ing\u00e9nieurs en Biotechnologies\",\"url\":\"https:\/\/www.estbb.fr\/en\/\",\"logo\":{\"@type\":\"ImageObject\",\"inLanguage\":\"en-US\",\"@id\":\"https:\/\/www.estbb.fr\/en\/#\/schema\/logo\/image\/\",\"url\":\"https:\/\/www.estbb.fr\/wp-content\/uploads\/sites\/25\/2019\/12\/estbb-fr_blanc.svg\",\"contentUrl\":\"https:\/\/www.estbb.fr\/wp-content\/uploads\/sites\/25\/2019\/12\/estbb-fr_blanc.svg\",\"caption\":\"ESTBB - \u00c9cole d&#039;Ing\u00e9nieurs en Biotechnologies\"},\"image\":{\"@id\":\"https:\/\/www.estbb.fr\/en\/#\/schema\/logo\/image\/\"}}]}<\/script>\n<!-- \/ Yoast SEO plugin. -->","yoast_head_json":{"title":"Events - ESTBB - \u00c9cole d&#039;Ing\u00e9nieurs en Biotechnologies","robots":{"index":"index","follow":"follow","max-snippet":"max-snippet:-1","max-image-preview":"max-image-preview:large","max-video-preview":"max-video-preview:-1"},"canonical":"https:\/\/www.estbb.fr\/en\/company\/about-estbb\/events\/","og_locale":"en_US","og_type":"article","og_title":"Events - ESTBB - \u00c9cole d&#039;Ing\u00e9nieurs en Biotechnologies","og_url":"https:\/\/www.estbb.fr\/en\/company\/about-estbb\/events\/","og_site_name":"ESTBB - \u00c9cole d&#039;Ing\u00e9nieurs en Biotechnologies","article_modified_time":"2020-01-29T09:22:10+00:00","og_image":[{"width":1920,"height":575,"url":"https:\/\/www.estbb.fr\/wp-content\/uploads\/sites\/25\/2019\/12\/header-etudiants-science-biotechnologie-lyon-1.jpg","type":"image\/jpeg"}],"twitter_card":"summary_large_image","schema":{"@context":"https:\/\/schema.org","@graph":[{"@type":"WebPage","@id":"https:\/\/www.estbb.fr\/en\/company\/about-estbb\/events\/","url":"https:\/\/www.estbb.fr\/en\/company\/about-estbb\/events\/","name":"Events - ESTBB - \u00c9cole d&#039;Ing\u00e9nieurs en Biotechnologies","isPartOf":{"@id":"https:\/\/www.estbb.fr\/en\/#website"},"primaryImageOfPage":{"@id":"https:\/\/www.estbb.fr\/en\/company\/about-estbb\/events\/#primaryimage"},"image":{"@id":"https:\/\/www.estbb.fr\/en\/company\/about-estbb\/events\/#primaryimage"},"thumbnailUrl":"https:\/\/www.estbb.fr\/wp-content\/uploads\/sites\/25\/2019\/12\/header-etudiants-science-biotechnologie-lyon-1.jpg","datePublished":"2020-01-27T11:22:01+00:00","dateModified":"2020-01-29T09:22:10+00:00","breadcrumb":{"@id":"https:\/\/www.estbb.fr\/en\/company\/about-estbb\/events\/#breadcrumb"},"inLanguage":"en-US","potentialAction":[{"@type":"ReadAction","target":["https:\/\/www.estbb.fr\/en\/company\/about-estbb\/events\/"]}]},{"@type":"ImageObject","inLanguage":"en-US","@id":"https:\/\/www.estbb.fr\/en\/company\/about-estbb\/events\/#primaryimage","url":"https:\/\/www.estbb.fr\/wp-content\/uploads\/sites\/25\/2019\/12\/header-etudiants-science-biotechnologie-lyon-1.jpg","contentUrl":"https:\/\/www.estbb.fr\/wp-content\/uploads\/sites\/25\/2019\/12\/header-etudiants-science-biotechnologie-lyon-1.jpg","width":1920,"height":575,"caption":"OLYMPUS DIGITAL CAMERA"},{"@type":"BreadcrumbList","@id":"https:\/\/www.estbb.fr\/en\/company\/about-estbb\/events\/#breadcrumb","itemListElement":[{"@type":"ListItem","position":1,"name":"Accueil","item":"https:\/\/www.estbb.fr\/en\/"},{"@type":"ListItem","position":2,"name":"Company","item":"https:\/\/www.estbb.fr\/en\/company\/"},{"@type":"ListItem","position":3,"name":"About ESTBB","item":"https:\/\/www.estbb.fr\/en\/company\/about-estbb\/"},{"@type":"ListItem","position":4,"name":"Events"}]},{"@type":"WebSite","@id":"https:\/\/www.estbb.fr\/en\/#website","url":"https:\/\/www.estbb.fr\/en\/","name":"ESTBB - \u00c9cole d&#039;Ing\u00e9nieurs en Biotechnologies","description":"\u00c9cole d&#039;Ing\u00e9nieurs en Biotechnologies","publisher":{"@id":"https:\/\/www.estbb.fr\/en\/#organization"},"potentialAction":[{"@type":"SearchAction","target":{"@type":"EntryPoint","urlTemplate":"https:\/\/www.estbb.fr\/en\/?s={search_term_string}"},"query-input":{"@type":"PropertyValueSpecification","valueRequired":true,"valueName":"search_term_string"}}],"inLanguage":"en-US"},{"@type":"Organization","@id":"https:\/\/www.estbb.fr\/en\/#organization","name":"ESTBB - \u00c9cole d&#039;Ing\u00e9nieurs en Biotechnologies","url":"https:\/\/www.estbb.fr\/en\/","logo":{"@type":"ImageObject","inLanguage":"en-US","@id":"https:\/\/www.estbb.fr\/en\/#\/schema\/logo\/image\/","url":"https:\/\/www.estbb.fr\/wp-content\/uploads\/sites\/25\/2019\/12\/estbb-fr_blanc.svg","contentUrl":"https:\/\/www.estbb.fr\/wp-content\/uploads\/sites\/25\/2019\/12\/estbb-fr_blanc.svg","caption":"ESTBB - \u00c9cole d&#039;Ing\u00e9nieurs en Biotechnologies"},"image":{"@id":"https:\/\/www.estbb.fr\/en\/#\/schema\/logo\/image\/"}}]}},"_links":{"self":[{"href":"https:\/\/www.estbb.fr\/en\/wp-json\/wp\/v2\/pages\/5989","targetHints":{"allow":["GET"]}}],"collection":[{"href":"https:\/\/www.estbb.fr\/en\/wp-json\/wp\/v2\/pages"}],"about":[{"href":"https:\/\/www.estbb.fr\/en\/wp-json\/wp\/v2\/types\/page"}],"author":[{"embeddable":true,"href":"https:\/\/www.estbb.fr\/en\/wp-json\/wp\/v2\/users\/27"}],"replies":[{"embeddable":true,"href":"https:\/\/www.estbb.fr\/en\/wp-json\/wp\/v2\/comments?post=5989"}],"version-history":[{"count":1,"href":"https:\/\/www.estbb.fr\/en\/wp-json\/wp\/v2\/pages\/5989\/revisions"}],"predecessor-version":[{"id":5990,"href":"https:\/\/www.estbb.fr\/en\/wp-json\/wp\/v2\/pages\/5989\/revisions\/5990"}],"up":[{"embeddable":true,"href":"https:\/\/www.estbb.fr\/en\/wp-json\/wp\/v2\/pages\/5955"}],"wp:featuredmedia":[{"embeddable":true,"href":"https:\/\/www.estbb.fr\/en\/wp-json\/wp\/v2\/media\/2126"}],"wp:attachment":[{"href":"https:\/\/www.estbb.fr\/en\/wp-json\/wp\/v2\/media?parent=5989"}],"curies":[{"name":"wp","href":"https:\/\/api.w.org\/{rel}","templated":true}]}}