{"id":5987,"date":"2020-01-27T12:21:36","date_gmt":"2020-01-27T11:21:36","guid":{"rendered":"https:\/\/www.estbb.fr\/?page_id=5987"},"modified":"2025-06-26T16:33:46","modified_gmt":"2025-06-26T14:33:46","slug":"what-is-like-to-be-an-estbb-graduate","status":"publish","type":"page","link":"https:\/\/www.estbb.fr\/en\/company\/about-estbb\/what-is-like-to-be-an-estbb-graduate\/","title":{"rendered":"What is it like to be an ESTBB graduate ?"},"content":{"rendered":"<div class=\"wp-block-gallery-ucly js-fade-scroll\"><div class=\"owl-carousel owl-theme owl-gallery\"><div class=\"item\"><img loading=\"lazy\" decoding=\"async\" width=\"850\" height=\"492\" src=\"https:\/\/www.estbb.fr\/wp-content\/uploads\/sites\/25\/2025\/03\/departure-for-semester-of-studies.jpg\" class=\"\" alt=\"departure for semester of studies\" srcset=\"https:\/\/www.estbb.fr\/wp-content\/uploads\/sites\/25\/2025\/03\/departure-for-semester-of-studies.jpg 850w, https:\/\/www.estbb.fr\/wp-content\/uploads\/sites\/25\/2025\/03\/departure-for-semester-of-studies-242x140.jpg 242w, https:\/\/www.estbb.fr\/wp-content\/uploads\/sites\/25\/2025\/03\/departure-for-semester-of-studies-520x301.jpg 520w, https:\/\/www.estbb.fr\/wp-content\/uploads\/sites\/25\/2025\/03\/departure-for-semester-of-studies-494x286.jpg 494w\" sizes=\"auto, (max-width: 850px) 100vw, 850px\" \/><div class=\"wp-block-gallery-ucly-caption\"><\/div><\/div><div class=\"item\"><img loading=\"lazy\" decoding=\"async\" width=\"850\" height=\"520\" src=\"https:\/\/www.estbb.fr\/wp-content\/uploads\/sites\/25\/2025\/03\/graduation-ceremony-850x520.png\" class=\"\" alt=\"graduation ceremony\" \/><div class=\"wp-block-gallery-ucly-caption\"><\/div><\/div><\/div><div class=\"owl-numbers\"><span class=\"owl-number-current\"><\/span><span class=\"owl-number-sep\"><\/span><span class=\"owl-number-total\"><\/span><\/div><\/div><h2 class=\"wp-block-heading\">Be an ESTBB graduate is...<\/h2><ul class=\"wp-block-list\"><li>EXPERT: solid theoretical and technical bases, numerous applied lessons, knowledge of the living industries \u2026<\/li>\n\n<li>COLLABORATIVE: numerous group works in project mode, concrete case studies \u2026<\/li>\n\n<li>INTERNATIONAL: internships and semesters of international study, scientific courses in English \u2026<\/li>\n\n<li>HUMANIST: multidisciplinary approach, ethical reflection, adaptability, gap year \u2026<\/li>\n\n<li>COMMITTED: international solidarity actions, tutoring between students \u2026<\/li>\n\n<li>CURIOUS: student life, sports and cultural associations, Science Festival, Bike &amp; Run of companies \u2026<\/li>\n\n<li>INSERTED: numerous internships, work-study programs, professional approach, professional integration upon leaving, alumni network \u2026<\/li><\/ul><h2 class=\"wp-block-heading\">Innovative Learning<\/h2><div class=\"wp-block-text-image\">\n  <div class=\"row align-bottom collapse\">\n    <div class=\"column small-12 medium-6 xlarge-5 xxlarge-expand wp-block-text-image-info js-fade-scroll\">\n      <p class=\"wp-block-text-image-title\">PROJECT MANAGEMENT<\/p>\n      <div class=\"wp-block-text-image-intro\"><p>Students get hands-on experience in our advanced labs, independently managing real-world research projects. These projects tackle challenges provided by industry partners like you, ensuring their skills are directly relevant to your needs.<\/p>\n<\/div>\n    <\/div>\n\n    <div class=\"column small-12 medium-6 xlarge-7 xxlarge-shrink wp-block-text-image-picture js-fade-scroll\">\n      <img loading=\"lazy\" decoding=\"async\" width=\"810\" height=\"560\" src=\"https:\/\/www.estbb.fr\/wp-content\/uploads\/sites\/25\/2025\/03\/innovative-learning-810x560.jpg\" class=\"attachment-text_image size-text_image\" alt=\"Innovative learning\" \/>    <\/div>\n  <\/div>\n<\/div><div class=\"wp-block-text-image\">\n  <div class=\"row align-bottom collapse wp-block-text-image-reverse\">\n    <div class=\"column small-12 medium-6 xlarge-5 xxlarge-expand wp-block-text-image-info js-fade-scroll\">\n      <p class=\"wp-block-text-image-title\">ENTREPRENEURSHIP<\/p>\n      <div class=\"wp-block-text-image-intro\"><p>We go beyond science. Our group projects hone communication and problem-solving skills. Students gain valuable insights into the challenges and opportunities faced by private companies. This equips them to understand the bigger picture and propose cost-effective, sustainable solutions that directly impact your bottom line.<\/p>\n<p>A PRIZE WON EVERY YEAR<br \/>\n2022: the POSSIBLE team won 3 prizes including the Public Grand Prize in the European competition Arqus.<br \/>\n2023 &amp; 2024: our team won the Grand Prize in the Jeunes Pousses competition.<\/p>\n<\/div>\n    <\/div>\n\n    <div class=\"column small-12 medium-6 xlarge-7 xxlarge-shrink wp-block-text-image-picture js-fade-scroll\">\n      <img loading=\"lazy\" decoding=\"async\" width=\"768\" height=\"560\" src=\"https:\/\/www.estbb.fr\/wp-content\/uploads\/sites\/25\/2025\/03\/the-possible-team-768x560.jpg\" class=\"attachment-text_image size-text_image\" alt=\"The possible team\" \/>    <\/div>\n  <\/div>\n<\/div><h2 class=\"wp-block-heading\">It's also be able to enjoy...<\/h2><ul class=\"wp-block-list\"><li>the alumni network: around 4,100 ESTBB alumni, a wonderful support for networking!<\/li>\n\n<li>the network of partner companies: around 1,400 ESTBB partner companies <\/li><\/ul><div class=\"wp-block-testimony js-fade-scroll\">\n\n  <div class=\"row collapse\">\n    <div class=\"column small-12 small-order-2 medium-order-1\">\n      <div class=\"testimony-image\">\n        <img loading=\"lazy\" decoding=\"async\" width=\"300\" height=\"300\" src=\"https:\/\/www.estbb.fr\/wp-content\/uploads\/sites\/25\/2025\/02\/bastien-labadie-sanofi-png.png\" class=\"attachment-testimony_large size-testimony_large wp-post-image\" alt=\"Bastien LABADIE - SANOFI\" srcset=\"https:\/\/www.estbb.fr\/wp-content\/uploads\/sites\/25\/2025\/02\/bastien-labadie-sanofi-png.png 300w, https:\/\/www.estbb.fr\/wp-content\/uploads\/sites\/25\/2025\/02\/bastien-labadie-sanofi-png-150x150.png 150w, https:\/\/www.estbb.fr\/wp-content\/uploads\/sites\/25\/2025\/02\/bastien-labadie-sanofi-png-140x140.png 140w, https:\/\/www.estbb.fr\/wp-content\/uploads\/sites\/25\/2025\/02\/bastien-labadie-sanofi-png-100x100.png 100w\" sizes=\"auto, (max-width: 300px) 100vw, 300px\" \/>      <\/div>\n    <\/div>\n    <div class=\"column small-12 small-order-1 medium-order-2\">\n      <p class=\"testimony-title\">Bastien LABADIE<\/p>\n      <p class=\"testimony-caption\">HEAD OF THE IMMUNOLOGY LABORATORY - SANOFI<\/p>\n    <\/div>\n    <div class=\"column small-12 small-order-3\">\n      <div class=\"testimony-text\">\n        <p><em>Sanofi, a long-standing ESTBB partner company, hosts ESTBB students on work-study contracts every year. Within my department, we currently have a number of students on apprenticeships: these are students who are very well educated in experimental practice and able to get involved in complex biotechnology projects. I also work as an expert with students at the school to train them in bioprocesses.<\/em><\/p>\n\n              <\/div>\n    <\/div>\n  <\/div>\n\n<\/div><div class=\"wp-block-button js-fade-scroll\">\n\n    <a href=\"https:\/\/www.estbb.fr\/en\/cooperation\/\" target=\"\" title=\" Discover the ESTBB networks and partners\" class=\"button primary\"> Discover the ESTBB networks and partners<\/a>\n\n  <\/div><div class=\"wp-block-cross-content js-fade-scroll\">\n    <p class=\"wp-block-cross-content-title\">See more about ESTBB<\/p>\n            <div class=\"row wp-block-cross-content-row\">\n                                <div class=\"column small-12 medium-6 large-4 wp-block-cross-content-col\">\n                        <a class=\"wp-block-cross-content-top\" href=\"https:\/\/www.estbb.fr\/en\/foreign-student\/programmes\/\" title=\"Programs\">\n                            <span class=\"wp-block-cross-content-name\">Programs<\/span>\n                            <span class=\"wp-block-cross-content-image\"><img loading=\"lazy\" decoding=\"async\" width=\"630\" height=\"570\" src=\"https:\/\/www.estbb.fr\/wp-content\/uploads\/sites\/25\/2019\/12\/header-biotechnologie-ecole-lyon-630x570.jpg\" class=\" wp-post-image\" alt=\"\u00e9cole de biotechnologie \u00e0 Lyon\" \/><\/span>\n                            <span class=\"wp-block-cross-content-more\">\n                                <span class=\"icon-more\"><\/span>\n                            <\/span>\n                        <\/a>\n                        <div class=\"wp-block-cross-content-excerpt\"><\/div>\n                    <\/div>\n                                                <div class=\"column small-12 medium-6 large-4 wp-block-cross-content-col\">\n                        <a class=\"wp-block-cross-content-top\" href=\"https:\/\/www.estbb.fr\/en\/company\/build-a-partnership-with-estbb\/\" title=\"Build a partnership with ESTBB\">\n                            <span class=\"wp-block-cross-content-name\">Build a partnership with ESTBB<\/span>\n                            <span class=\"wp-block-cross-content-image\"><img loading=\"lazy\" decoding=\"async\" width=\"630\" height=\"570\" src=\"https:\/\/www.estbb.fr\/wp-content\/uploads\/sites\/25\/2025\/02\/handshake-man-woman-after-signing-business-630x570.jpg\" class=\" wp-post-image\" alt=\"\" \/><\/span>\n                            <span class=\"wp-block-cross-content-more\">\n                                <span class=\"icon-more\"><\/span>\n                            <\/span>\n                        <\/a>\n                        <div class=\"wp-block-cross-content-excerpt\"><\/div>\n                    <\/div>\n                                                <div class=\"column small-12 medium-6 large-4 wp-block-cross-content-col\">\n                        <a class=\"wp-block-cross-content-top\" href=\"https:\/\/www.ucly.fr\/en\/student-life\/\" title=\"Student Life\">\n                            <span class=\"wp-block-cross-content-name\">Student Life<\/span>\n                            <span class=\"wp-block-cross-content-image\">\n                                <img decoding=\"async\" src=\"https:\/\/www.estbb.fr\/wp-content\/uploads\/sites\/25\/2023\/09\/rentree-estbb-23-24.jpg\" alt=\"\" srcset=\"\">\n                            <\/span>\n                            <span class=\"wp-block-cross-content-more\">\n                                <span class=\"icon-more\"><\/span>\n                            <\/span>\n                        <\/a>\n                    <\/div>\n                                    <\/div>\n    <\/div>","protected":false},"excerpt":{"rendered":"<p>Be an ESTBB graduate is&#8230;Innovative LearningIt&#8217;s also be able to enjoy&#8230;<\/p>\n","protected":false},"author":27,"featured_media":0,"parent":5955,"menu_order":0,"comment_status":"closed","ping_status":"closed","template":"","meta":{"_acf_changed":false,"footnotes":""},"class_list":["post-5987","page","type-page","status-publish","hentry"],"acf":[],"yoast_head":"<!-- This site is optimized with the Yoast SEO plugin v24.1 - https:\/\/yoast.com\/wordpress\/plugins\/seo\/ -->\n<title>What is it like to be an ESTBB graduate ? - ESTBB - \u00c9cole d&#039;Ing\u00e9nieurs en Biotechnologies<\/title>\n<meta name=\"robots\" content=\"index, follow, max-snippet:-1, max-image-preview:large, max-video-preview:-1\" \/>\n<link rel=\"canonical\" href=\"https:\/\/www.estbb.fr\/en\/company\/about-estbb\/what-is-like-to-be-an-estbb-graduate\/\" \/>\n<meta property=\"og:locale\" content=\"en_US\" \/>\n<meta property=\"og:type\" content=\"article\" \/>\n<meta property=\"og:title\" content=\"What is it like to be an ESTBB graduate ? - ESTBB - \u00c9cole d&#039;Ing\u00e9nieurs en Biotechnologies\" \/>\n<meta property=\"og:description\" content=\"Be an ESTBB graduate is...Innovative LearningIt&#039;s also be able to enjoy...\" \/>\n<meta property=\"og:url\" content=\"https:\/\/www.estbb.fr\/en\/company\/about-estbb\/what-is-like-to-be-an-estbb-graduate\/\" \/>\n<meta property=\"og:site_name\" content=\"ESTBB - \u00c9cole d&#039;Ing\u00e9nieurs en Biotechnologies\" \/>\n<meta property=\"article:modified_time\" content=\"2025-06-26T14:33:46+00:00\" \/>\n<meta property=\"og:image\" content=\"https:\/\/www.estbb.fr\/wp-content\/uploads\/sites\/25\/2025\/03\/departure-for-semester-of-studies.jpg\" \/>\n<meta name=\"twitter:card\" content=\"summary_large_image\" \/>\n<meta name=\"twitter:label1\" content=\"Est. reading time\" \/>\n\t<meta name=\"twitter:data1\" content=\"1 minute\" \/>\n<script type=\"application\/ld+json\" class=\"yoast-schema-graph\">{\"@context\":\"https:\/\/schema.org\",\"@graph\":[{\"@type\":\"WebPage\",\"@id\":\"https:\/\/www.estbb.fr\/en\/company\/about-estbb\/what-is-like-to-be-an-estbb-graduate\/\",\"url\":\"https:\/\/www.estbb.fr\/en\/company\/about-estbb\/what-is-like-to-be-an-estbb-graduate\/\",\"name\":\"What is it like to be an ESTBB graduate ? - ESTBB - \u00c9cole d&#039;Ing\u00e9nieurs en Biotechnologies\",\"isPartOf\":{\"@id\":\"https:\/\/www.estbb.fr\/en\/#website\"},\"primaryImageOfPage\":{\"@id\":\"https:\/\/www.estbb.fr\/en\/company\/about-estbb\/what-is-like-to-be-an-estbb-graduate\/#primaryimage\"},\"image\":{\"@id\":\"https:\/\/www.estbb.fr\/en\/company\/about-estbb\/what-is-like-to-be-an-estbb-graduate\/#primaryimage\"},\"thumbnailUrl\":\"https:\/\/www.estbb.fr\/wp-content\/uploads\/sites\/25\/2025\/03\/departure-for-semester-of-studies.jpg\",\"datePublished\":\"2020-01-27T11:21:36+00:00\",\"dateModified\":\"2025-06-26T14:33:46+00:00\",\"breadcrumb\":{\"@id\":\"https:\/\/www.estbb.fr\/en\/company\/about-estbb\/what-is-like-to-be-an-estbb-graduate\/#breadcrumb\"},\"inLanguage\":\"en-US\",\"potentialAction\":[{\"@type\":\"ReadAction\",\"target\":[\"https:\/\/www.estbb.fr\/en\/company\/about-estbb\/what-is-like-to-be-an-estbb-graduate\/\"]}]},{\"@type\":\"ImageObject\",\"inLanguage\":\"en-US\",\"@id\":\"https:\/\/www.estbb.fr\/en\/company\/about-estbb\/what-is-like-to-be-an-estbb-graduate\/#primaryimage\",\"url\":\"https:\/\/www.estbb.fr\/wp-content\/uploads\/sites\/25\/2025\/03\/departure-for-semester-of-studies.jpg\",\"contentUrl\":\"https:\/\/www.estbb.fr\/wp-content\/uploads\/sites\/25\/2025\/03\/departure-for-semester-of-studies.jpg\"},{\"@type\":\"BreadcrumbList\",\"@id\":\"https:\/\/www.estbb.fr\/en\/company\/about-estbb\/what-is-like-to-be-an-estbb-graduate\/#breadcrumb\",\"itemListElement\":[{\"@type\":\"ListItem\",\"position\":1,\"name\":\"Accueil\",\"item\":\"https:\/\/www.estbb.fr\/en\/\"},{\"@type\":\"ListItem\",\"position\":2,\"name\":\"Company\",\"item\":\"https:\/\/www.estbb.fr\/en\/company\/\"},{\"@type\":\"ListItem\",\"position\":3,\"name\":\"About ESTBB\",\"item\":\"https:\/\/www.estbb.fr\/en\/company\/about-estbb\/\"},{\"@type\":\"ListItem\",\"position\":4,\"name\":\"What is it like to be an ESTBB graduate ?\"}]},{\"@type\":\"WebSite\",\"@id\":\"https:\/\/www.estbb.fr\/en\/#website\",\"url\":\"https:\/\/www.estbb.fr\/en\/\",\"name\":\"ESTBB - \u00c9cole d&#039;Ing\u00e9nieurs en Biotechnologies\",\"description\":\"\u00c9cole d&#039;Ing\u00e9nieurs en Biotechnologies\",\"publisher\":{\"@id\":\"https:\/\/www.estbb.fr\/en\/#organization\"},\"potentialAction\":[{\"@type\":\"SearchAction\",\"target\":{\"@type\":\"EntryPoint\",\"urlTemplate\":\"https:\/\/www.estbb.fr\/en\/?s={search_term_string}\"},\"query-input\":{\"@type\":\"PropertyValueSpecification\",\"valueRequired\":true,\"valueName\":\"search_term_string\"}}],\"inLanguage\":\"en-US\"},{\"@type\":\"Organization\",\"@id\":\"https:\/\/www.estbb.fr\/en\/#organization\",\"name\":\"ESTBB - \u00c9cole d&#039;Ing\u00e9nieurs en Biotechnologies\",\"url\":\"https:\/\/www.estbb.fr\/en\/\",\"logo\":{\"@type\":\"ImageObject\",\"inLanguage\":\"en-US\",\"@id\":\"https:\/\/www.estbb.fr\/en\/#\/schema\/logo\/image\/\",\"url\":\"https:\/\/www.estbb.fr\/wp-content\/uploads\/sites\/25\/2019\/12\/estbb-fr_blanc.svg\",\"contentUrl\":\"https:\/\/www.estbb.fr\/wp-content\/uploads\/sites\/25\/2019\/12\/estbb-fr_blanc.svg\",\"caption\":\"ESTBB - \u00c9cole d&#039;Ing\u00e9nieurs en Biotechnologies\"},\"image\":{\"@id\":\"https:\/\/www.estbb.fr\/en\/#\/schema\/logo\/image\/\"}}]}<\/script>\n<!-- \/ Yoast SEO plugin. -->","yoast_head_json":{"title":"What is it like to be an ESTBB graduate ? - ESTBB - \u00c9cole d&#039;Ing\u00e9nieurs en Biotechnologies","robots":{"index":"index","follow":"follow","max-snippet":"max-snippet:-1","max-image-preview":"max-image-preview:large","max-video-preview":"max-video-preview:-1"},"canonical":"https:\/\/www.estbb.fr\/en\/company\/about-estbb\/what-is-like-to-be-an-estbb-graduate\/","og_locale":"en_US","og_type":"article","og_title":"What is it like to be an ESTBB graduate ? - ESTBB - \u00c9cole d&#039;Ing\u00e9nieurs en Biotechnologies","og_description":"Be an ESTBB graduate is...Innovative LearningIt's also be able to enjoy...","og_url":"https:\/\/www.estbb.fr\/en\/company\/about-estbb\/what-is-like-to-be-an-estbb-graduate\/","og_site_name":"ESTBB - \u00c9cole d&#039;Ing\u00e9nieurs en Biotechnologies","article_modified_time":"2025-06-26T14:33:46+00:00","og_image":[{"url":"https:\/\/www.estbb.fr\/wp-content\/uploads\/sites\/25\/2025\/03\/departure-for-semester-of-studies.jpg","type":"","width":"","height":""}],"twitter_card":"summary_large_image","twitter_misc":{"Est. reading time":"1 minute"},"schema":{"@context":"https:\/\/schema.org","@graph":[{"@type":"WebPage","@id":"https:\/\/www.estbb.fr\/en\/company\/about-estbb\/what-is-like-to-be-an-estbb-graduate\/","url":"https:\/\/www.estbb.fr\/en\/company\/about-estbb\/what-is-like-to-be-an-estbb-graduate\/","name":"What is it like to be an ESTBB graduate ? - ESTBB - \u00c9cole d&#039;Ing\u00e9nieurs en Biotechnologies","isPartOf":{"@id":"https:\/\/www.estbb.fr\/en\/#website"},"primaryImageOfPage":{"@id":"https:\/\/www.estbb.fr\/en\/company\/about-estbb\/what-is-like-to-be-an-estbb-graduate\/#primaryimage"},"image":{"@id":"https:\/\/www.estbb.fr\/en\/company\/about-estbb\/what-is-like-to-be-an-estbb-graduate\/#primaryimage"},"thumbnailUrl":"https:\/\/www.estbb.fr\/wp-content\/uploads\/sites\/25\/2025\/03\/departure-for-semester-of-studies.jpg","datePublished":"2020-01-27T11:21:36+00:00","dateModified":"2025-06-26T14:33:46+00:00","breadcrumb":{"@id":"https:\/\/www.estbb.fr\/en\/company\/about-estbb\/what-is-like-to-be-an-estbb-graduate\/#breadcrumb"},"inLanguage":"en-US","potentialAction":[{"@type":"ReadAction","target":["https:\/\/www.estbb.fr\/en\/company\/about-estbb\/what-is-like-to-be-an-estbb-graduate\/"]}]},{"@type":"ImageObject","inLanguage":"en-US","@id":"https:\/\/www.estbb.fr\/en\/company\/about-estbb\/what-is-like-to-be-an-estbb-graduate\/#primaryimage","url":"https:\/\/www.estbb.fr\/wp-content\/uploads\/sites\/25\/2025\/03\/departure-for-semester-of-studies.jpg","contentUrl":"https:\/\/www.estbb.fr\/wp-content\/uploads\/sites\/25\/2025\/03\/departure-for-semester-of-studies.jpg"},{"@type":"BreadcrumbList","@id":"https:\/\/www.estbb.fr\/en\/company\/about-estbb\/what-is-like-to-be-an-estbb-graduate\/#breadcrumb","itemListElement":[{"@type":"ListItem","position":1,"name":"Accueil","item":"https:\/\/www.estbb.fr\/en\/"},{"@type":"ListItem","position":2,"name":"Company","item":"https:\/\/www.estbb.fr\/en\/company\/"},{"@type":"ListItem","position":3,"name":"About ESTBB","item":"https:\/\/www.estbb.fr\/en\/company\/about-estbb\/"},{"@type":"ListItem","position":4,"name":"What is it like to be an ESTBB graduate ?"}]},{"@type":"WebSite","@id":"https:\/\/www.estbb.fr\/en\/#website","url":"https:\/\/www.estbb.fr\/en\/","name":"ESTBB - \u00c9cole d&#039;Ing\u00e9nieurs en Biotechnologies","description":"\u00c9cole d&#039;Ing\u00e9nieurs en Biotechnologies","publisher":{"@id":"https:\/\/www.estbb.fr\/en\/#organization"},"potentialAction":[{"@type":"SearchAction","target":{"@type":"EntryPoint","urlTemplate":"https:\/\/www.estbb.fr\/en\/?s={search_term_string}"},"query-input":{"@type":"PropertyValueSpecification","valueRequired":true,"valueName":"search_term_string"}}],"inLanguage":"en-US"},{"@type":"Organization","@id":"https:\/\/www.estbb.fr\/en\/#organization","name":"ESTBB - \u00c9cole d&#039;Ing\u00e9nieurs en Biotechnologies","url":"https:\/\/www.estbb.fr\/en\/","logo":{"@type":"ImageObject","inLanguage":"en-US","@id":"https:\/\/www.estbb.fr\/en\/#\/schema\/logo\/image\/","url":"https:\/\/www.estbb.fr\/wp-content\/uploads\/sites\/25\/2019\/12\/estbb-fr_blanc.svg","contentUrl":"https:\/\/www.estbb.fr\/wp-content\/uploads\/sites\/25\/2019\/12\/estbb-fr_blanc.svg","caption":"ESTBB - \u00c9cole d&#039;Ing\u00e9nieurs en Biotechnologies"},"image":{"@id":"https:\/\/www.estbb.fr\/en\/#\/schema\/logo\/image\/"}}]}},"_links":{"self":[{"href":"https:\/\/www.estbb.fr\/en\/wp-json\/wp\/v2\/pages\/5987","targetHints":{"allow":["GET"]}}],"collection":[{"href":"https:\/\/www.estbb.fr\/en\/wp-json\/wp\/v2\/pages"}],"about":[{"href":"https:\/\/www.estbb.fr\/en\/wp-json\/wp\/v2\/types\/page"}],"author":[{"embeddable":true,"href":"https:\/\/www.estbb.fr\/en\/wp-json\/wp\/v2\/users\/27"}],"replies":[{"embeddable":true,"href":"https:\/\/www.estbb.fr\/en\/wp-json\/wp\/v2\/comments?post=5987"}],"version-history":[{"count":3,"href":"https:\/\/www.estbb.fr\/en\/wp-json\/wp\/v2\/pages\/5987\/revisions"}],"predecessor-version":[{"id":23022,"href":"https:\/\/www.estbb.fr\/en\/wp-json\/wp\/v2\/pages\/5987\/revisions\/23022"}],"up":[{"embeddable":true,"href":"https:\/\/www.estbb.fr\/en\/wp-json\/wp\/v2\/pages\/5955"}],"wp:attachment":[{"href":"https:\/\/www.estbb.fr\/en\/wp-json\/wp\/v2\/media?parent=5987"}],"curies":[{"name":"wp","href":"https:\/\/api.w.org\/{rel}","templated":true}]}}