{"id":5985,"date":"2020-01-27T12:21:21","date_gmt":"2020-01-27T11:21:21","guid":{"rendered":"https:\/\/www.estbb.fr\/?page_id=5985"},"modified":"2025-02-18T16:20:19","modified_gmt":"2025-02-18T15:20:19","slug":"our-labels","status":"publish","type":"page","link":"https:\/\/www.estbb.fr\/en\/company\/about-estbb\/our-labels\/","title":{"rendered":"Our labels"},"content":{"rendered":"<p>All the institutes of the Faculty of Sciences, including ESTBB, are engaged in a Quality Approach since 2011, which was materialized in December 2013 by obtaining the<strong> ISO 9001:2008 certification, <\/strong>which was renewed in December 2016 and then passed <strong>ISO 9001: 2015<\/strong> in December 2017. Which was renewed in December 2019.<\/p><p>Obtaining this certification is a pledge of confidence for our students and future students, for our partner companies, and for the recruiters.<\/p><p>As part of this quality approach, the directors of these institutes, including Isabelle HARDY, director of ESTBB, have committed to promote:<\/p><ul class=\"wp-block-list\"><li>teaching and research activities compliance with regulatory requirements and other requirements to which we have subscribed, including those of HCERES;<\/li>\n\n<li>the continuous improvement of our quality performance<\/li>\n\n<li>the improvement of our students' satisfaction, which notably involves increasing the autonomy, openness and integration rate of our students, by expanding research and its dissemination and by strengthening partnerships.<\/li><\/ul><p>The success of our students, their development... The adequacy of knowledge and skills with the current and future needs of companies are at the center of our concerns.<\/p><div class=\"wp-block-text-image\">\n  <div class=\"row align-bottom collapse\">\n    <div class=\"column small-12 medium-6 xlarge-5 xxlarge-expand wp-block-text-image-info js-fade-scroll\">\n      <p class=\"wp-block-text-image-title\">ESTBB is accredited by the French Commission for Engineering Diplomas (CTI) ensuring our students receive a top-tier engineering education.<\/p>\n      <div class=\"wp-block-text-image-intro\"><\/div>\n    <\/div>\n\n    <div class=\"column small-12 medium-6 xlarge-7 xxlarge-shrink wp-block-text-image-picture js-fade-scroll\">\n      <img loading=\"lazy\" decoding=\"async\" width=\"250\" height=\"250\" src=\"https:\/\/www.estbb.fr\/wp-content\/uploads\/sites\/25\/2025\/02\/cti-logo_recadre.png\" class=\"attachment-text_image size-text_image\" alt=\"\" srcset=\"https:\/\/www.estbb.fr\/wp-content\/uploads\/sites\/25\/2025\/02\/cti-logo_recadre.png 250w, https:\/\/www.estbb.fr\/wp-content\/uploads\/sites\/25\/2025\/02\/cti-logo_recadre-150x150.png 150w, https:\/\/www.estbb.fr\/wp-content\/uploads\/sites\/25\/2025\/02\/cti-logo_recadre-140x140.png 140w, https:\/\/www.estbb.fr\/wp-content\/uploads\/sites\/25\/2025\/02\/cti-logo_recadre-100x100.png 100w\" sizes=\"auto, (max-width: 250px) 100vw, 250px\" \/>    <\/div>\n  <\/div>\n<\/div><div class=\"wp-block-separator js-fade-scroll\"><\/div><div class=\"wp-block-text-image\">\n  <div class=\"row align-bottom collapse\">\n    <div class=\"column small-12 medium-6 xlarge-5 xxlarge-expand wp-block-text-image-info js-fade-scroll\">\n      <p class=\"wp-block-text-image-title\">ESTBB is part of the Catholic University of Lyon, a private establishment under associative status. It is therefore a non-profit establishment.<\/p>\n      <div class=\"wp-block-text-image-intro\"><\/div>\n    <\/div>\n\n    <div class=\"column small-12 medium-6 xlarge-7 xxlarge-shrink wp-block-text-image-picture js-fade-scroll\">\n      <img loading=\"lazy\" decoding=\"async\" width=\"250\" height=\"250\" src=\"https:\/\/www.estbb.fr\/wp-content\/uploads\/sites\/25\/2025\/02\/logo-eespig-recadre.png\" class=\"attachment-text_image size-text_image\" alt=\"\" srcset=\"https:\/\/www.estbb.fr\/wp-content\/uploads\/sites\/25\/2025\/02\/logo-eespig-recadre.png 250w, https:\/\/www.estbb.fr\/wp-content\/uploads\/sites\/25\/2025\/02\/logo-eespig-recadre-150x150.png 150w, https:\/\/www.estbb.fr\/wp-content\/uploads\/sites\/25\/2025\/02\/logo-eespig-recadre-140x140.png 140w, https:\/\/www.estbb.fr\/wp-content\/uploads\/sites\/25\/2025\/02\/logo-eespig-recadre-100x100.png 100w\" sizes=\"auto, (max-width: 250px) 100vw, 250px\" \/>    <\/div>\n  <\/div>\n<\/div><div class=\"wp-block-text-image\">\n  <div class=\"row align-bottom collapse\">\n    <div class=\"column small-12 medium-6 xlarge-5 xxlarge-expand wp-block-text-image-info js-fade-scroll\">\n      <p class=\"wp-block-text-image-title\">UCLy becomes the first Catholic university to be certified by Campus France in 2019!<\/p>\n      <div class=\"wp-block-text-image-intro\"><p>Awarded for a period of four years by Campus France, and validated by an independent commission, the label <em>\u00ab\u00a0Bienvenue en France\u00a0\u00bb <\/em>guarantees the quality of the reception reserved for international students.<\/p>\n<\/div>\n    <\/div>\n\n    <div class=\"column small-12 medium-6 xlarge-7 xxlarge-shrink wp-block-text-image-picture js-fade-scroll\">\n      <img loading=\"lazy\" decoding=\"async\" width=\"250\" height=\"250\" src=\"https:\/\/www.estbb.fr\/wp-content\/uploads\/sites\/25\/2025\/02\/logo-bienvenue-en-france_recadre.png\" class=\"attachment-text_image size-text_image\" alt=\"\" srcset=\"https:\/\/www.estbb.fr\/wp-content\/uploads\/sites\/25\/2025\/02\/logo-bienvenue-en-france_recadre.png 250w, https:\/\/www.estbb.fr\/wp-content\/uploads\/sites\/25\/2025\/02\/logo-bienvenue-en-france_recadre-150x150.png 150w, https:\/\/www.estbb.fr\/wp-content\/uploads\/sites\/25\/2025\/02\/logo-bienvenue-en-france_recadre-140x140.png 140w, https:\/\/www.estbb.fr\/wp-content\/uploads\/sites\/25\/2025\/02\/logo-bienvenue-en-france_recadre-100x100.png 100w\" sizes=\"auto, (max-width: 250px) 100vw, 250px\" \/>    <\/div>\n  <\/div>\n<\/div><div class=\"wp-block-cross-content js-fade-scroll\">\n    <p class=\"wp-block-cross-content-title\">See more<\/p>\n            <div class=\"row wp-block-cross-content-row\">\n                                <div class=\"column small-12 medium-6 large-4 wp-block-cross-content-col\">\n                        <a class=\"wp-block-cross-content-top\" href=\"https:\/\/www.estbb.fr\/en\/company\/about-estbb\/a-biotechnology-school\/\" title=\"A Biotechnology Engineering School\">\n                            <span class=\"wp-block-cross-content-name\">A Biotechnology Engineering School<\/span>\n                            <span class=\"wp-block-cross-content-image\"><img loading=\"lazy\" decoding=\"async\" width=\"630\" height=\"570\" src=\"https:\/\/www.estbb.fr\/wp-content\/uploads\/sites\/25\/2025\/02\/labo-etudiants-estbb-630x570.png\" class=\" wp-post-image\" alt=\"\" \/><\/span>\n                            <span class=\"wp-block-cross-content-more\">\n                                <span class=\"icon-more\"><\/span>\n                            <\/span>\n                        <\/a>\n                        <div class=\"wp-block-cross-content-excerpt\"><\/div>\n                    <\/div>\n                                                <div class=\"column small-12 medium-6 large-4 wp-block-cross-content-col\">\n                        <a class=\"wp-block-cross-content-top\" href=\"https:\/\/www.estbb.fr\/en\/foreign-student\/programmes\/\" title=\"Programs\">\n                            <span class=\"wp-block-cross-content-name\">Programs<\/span>\n                            <span class=\"wp-block-cross-content-image\"><img loading=\"lazy\" decoding=\"async\" width=\"630\" height=\"570\" src=\"https:\/\/www.estbb.fr\/wp-content\/uploads\/sites\/25\/2019\/12\/header-biotechnologie-ecole-lyon-630x570.jpg\" class=\" wp-post-image\" alt=\"\u00e9cole de biotechnologie \u00e0 Lyon\" \/><\/span>\n                            <span class=\"wp-block-cross-content-more\">\n                                <span class=\"icon-more\"><\/span>\n                            <\/span>\n                        <\/a>\n                        <div class=\"wp-block-cross-content-excerpt\"><\/div>\n                    <\/div>\n                                                <div class=\"column small-12 medium-6 large-4 wp-block-cross-content-col\">\n                        <a class=\"wp-block-cross-content-top\" href=\"https:\/\/www.estbb.fr\/en\/company\/about-estbb\/what-is-like-to-be-an-estbb-graduate\/\" title=\"What is it like to be an ESTBB graduate ?\">\n                            <span class=\"wp-block-cross-content-name\">What is it like to be an ESTBB graduate ?<\/span>\n                            <span class=\"wp-block-cross-content-image\"><\/span>\n                            <span class=\"wp-block-cross-content-more\">\n                                <span class=\"icon-more\"><\/span>\n                            <\/span>\n                        <\/a>\n                        <div class=\"wp-block-cross-content-excerpt\"><\/div>\n                    <\/div>\n                                    <\/div>\n    <\/div>","protected":false},"excerpt":{"rendered":"<p>All the institutes of the Faculty of Sciences, including ESTBB, are engaged in a Quality Approach since 2011, which was materialized in December 2013 [&hellip;]<\/p>\n","protected":false},"author":27,"featured_media":21099,"parent":5955,"menu_order":0,"comment_status":"closed","ping_status":"closed","template":"","meta":{"_acf_changed":false,"footnotes":""},"class_list":["post-5985","page","type-page","status-publish","has-post-thumbnail","hentry"],"acf":[],"yoast_head":"<!-- This site is optimized with the Yoast SEO plugin v24.1 - https:\/\/yoast.com\/wordpress\/plugins\/seo\/ -->\n<title>Our labels - ESTBB - \u00c9cole d&#039;Ing\u00e9nieurs en Biotechnologies<\/title>\n<meta name=\"robots\" content=\"index, follow, max-snippet:-1, max-image-preview:large, max-video-preview:-1\" \/>\n<link rel=\"canonical\" href=\"https:\/\/www.estbb.fr\/en\/company\/about-estbb\/our-labels\/\" \/>\n<meta property=\"og:locale\" content=\"en_US\" \/>\n<meta property=\"og:type\" content=\"article\" \/>\n<meta property=\"og:title\" content=\"Our labels - ESTBB - \u00c9cole d&#039;Ing\u00e9nieurs en Biotechnologies\" \/>\n<meta property=\"og:description\" content=\"All the institutes of the Faculty of Sciences, including ESTBB, are engaged in a Quality Approach since 2011, which was materialized in December 2013 [&hellip;]\" \/>\n<meta property=\"og:url\" content=\"https:\/\/www.estbb.fr\/en\/company\/about-estbb\/our-labels\/\" \/>\n<meta property=\"og:site_name\" content=\"ESTBB - \u00c9cole d&#039;Ing\u00e9nieurs en Biotechnologies\" \/>\n<meta property=\"article:modified_time\" content=\"2025-02-18T15:20:19+00:00\" \/>\n<meta property=\"og:image\" content=\"https:\/\/www.estbb.fr\/wp-content\/uploads\/sites\/25\/2025\/02\/etudiants-espace-vert-1920x576.jpg\" \/>\n\t<meta property=\"og:image:width\" content=\"2560\" \/>\n\t<meta property=\"og:image:height\" content=\"1707\" \/>\n\t<meta property=\"og:image:type\" content=\"image\/jpeg\" \/>\n<meta name=\"twitter:card\" content=\"summary_large_image\" \/>\n<meta name=\"twitter:label1\" content=\"Est. reading time\" \/>\n\t<meta name=\"twitter:data1\" content=\"2 minutes\" \/>\n<script type=\"application\/ld+json\" class=\"yoast-schema-graph\">{\"@context\":\"https:\/\/schema.org\",\"@graph\":[{\"@type\":\"WebPage\",\"@id\":\"https:\/\/www.estbb.fr\/en\/company\/about-estbb\/our-labels\/\",\"url\":\"https:\/\/www.estbb.fr\/en\/company\/about-estbb\/our-labels\/\",\"name\":\"Our labels - ESTBB - \u00c9cole d&#039;Ing\u00e9nieurs en Biotechnologies\",\"isPartOf\":{\"@id\":\"https:\/\/www.estbb.fr\/en\/#website\"},\"primaryImageOfPage\":{\"@id\":\"https:\/\/www.estbb.fr\/en\/company\/about-estbb\/our-labels\/#primaryimage\"},\"image\":{\"@id\":\"https:\/\/www.estbb.fr\/en\/company\/about-estbb\/our-labels\/#primaryimage\"},\"thumbnailUrl\":\"https:\/\/www.estbb.fr\/wp-content\/uploads\/sites\/25\/2025\/02\/etudiants-espace-vert-1920x576.jpg\",\"datePublished\":\"2020-01-27T11:21:21+00:00\",\"dateModified\":\"2025-02-18T15:20:19+00:00\",\"breadcrumb\":{\"@id\":\"https:\/\/www.estbb.fr\/en\/company\/about-estbb\/our-labels\/#breadcrumb\"},\"inLanguage\":\"en-US\",\"potentialAction\":[{\"@type\":\"ReadAction\",\"target\":[\"https:\/\/www.estbb.fr\/en\/company\/about-estbb\/our-labels\/\"]}]},{\"@type\":\"ImageObject\",\"inLanguage\":\"en-US\",\"@id\":\"https:\/\/www.estbb.fr\/en\/company\/about-estbb\/our-labels\/#primaryimage\",\"url\":\"https:\/\/www.estbb.fr\/wp-content\/uploads\/sites\/25\/2025\/02\/etudiants-espace-vert-1920x576.jpg\",\"contentUrl\":\"https:\/\/www.estbb.fr\/wp-content\/uploads\/sites\/25\/2025\/02\/etudiants-espace-vert-1920x576.jpg\",\"width\":2560,\"height\":1707},{\"@type\":\"BreadcrumbList\",\"@id\":\"https:\/\/www.estbb.fr\/en\/company\/about-estbb\/our-labels\/#breadcrumb\",\"itemListElement\":[{\"@type\":\"ListItem\",\"position\":1,\"name\":\"Accueil\",\"item\":\"https:\/\/www.estbb.fr\/en\/\"},{\"@type\":\"ListItem\",\"position\":2,\"name\":\"Company\",\"item\":\"https:\/\/www.estbb.fr\/en\/company\/\"},{\"@type\":\"ListItem\",\"position\":3,\"name\":\"About ESTBB\",\"item\":\"https:\/\/www.estbb.fr\/en\/company\/about-estbb\/\"},{\"@type\":\"ListItem\",\"position\":4,\"name\":\"Our labels\"}]},{\"@type\":\"WebSite\",\"@id\":\"https:\/\/www.estbb.fr\/en\/#website\",\"url\":\"https:\/\/www.estbb.fr\/en\/\",\"name\":\"ESTBB - \u00c9cole d&#039;Ing\u00e9nieurs en Biotechnologies\",\"description\":\"\u00c9cole d&#039;Ing\u00e9nieurs en Biotechnologies\",\"publisher\":{\"@id\":\"https:\/\/www.estbb.fr\/en\/#organization\"},\"potentialAction\":[{\"@type\":\"SearchAction\",\"target\":{\"@type\":\"EntryPoint\",\"urlTemplate\":\"https:\/\/www.estbb.fr\/en\/?s={search_term_string}\"},\"query-input\":{\"@type\":\"PropertyValueSpecification\",\"valueRequired\":true,\"valueName\":\"search_term_string\"}}],\"inLanguage\":\"en-US\"},{\"@type\":\"Organization\",\"@id\":\"https:\/\/www.estbb.fr\/en\/#organization\",\"name\":\"ESTBB - \u00c9cole d&#039;Ing\u00e9nieurs en Biotechnologies\",\"url\":\"https:\/\/www.estbb.fr\/en\/\",\"logo\":{\"@type\":\"ImageObject\",\"inLanguage\":\"en-US\",\"@id\":\"https:\/\/www.estbb.fr\/en\/#\/schema\/logo\/image\/\",\"url\":\"https:\/\/www.estbb.fr\/wp-content\/uploads\/sites\/25\/2019\/12\/estbb-fr_blanc.svg\",\"contentUrl\":\"https:\/\/www.estbb.fr\/wp-content\/uploads\/sites\/25\/2019\/12\/estbb-fr_blanc.svg\",\"caption\":\"ESTBB - \u00c9cole d&#039;Ing\u00e9nieurs en Biotechnologies\"},\"image\":{\"@id\":\"https:\/\/www.estbb.fr\/en\/#\/schema\/logo\/image\/\"}}]}<\/script>\n<!-- \/ Yoast SEO plugin. -->","yoast_head_json":{"title":"Our labels - ESTBB - \u00c9cole d&#039;Ing\u00e9nieurs en Biotechnologies","robots":{"index":"index","follow":"follow","max-snippet":"max-snippet:-1","max-image-preview":"max-image-preview:large","max-video-preview":"max-video-preview:-1"},"canonical":"https:\/\/www.estbb.fr\/en\/company\/about-estbb\/our-labels\/","og_locale":"en_US","og_type":"article","og_title":"Our labels - ESTBB - \u00c9cole d&#039;Ing\u00e9nieurs en Biotechnologies","og_description":"All the institutes of the Faculty of Sciences, including ESTBB, are engaged in a Quality Approach since 2011, which was materialized in December 2013 [&hellip;]","og_url":"https:\/\/www.estbb.fr\/en\/company\/about-estbb\/our-labels\/","og_site_name":"ESTBB - \u00c9cole d&#039;Ing\u00e9nieurs en Biotechnologies","article_modified_time":"2025-02-18T15:20:19+00:00","og_image":[{"width":2560,"height":1707,"url":"https:\/\/www.estbb.fr\/wp-content\/uploads\/sites\/25\/2025\/02\/etudiants-espace-vert-1920x576.jpg","type":"image\/jpeg"}],"twitter_card":"summary_large_image","twitter_misc":{"Est. reading time":"2 minutes"},"schema":{"@context":"https:\/\/schema.org","@graph":[{"@type":"WebPage","@id":"https:\/\/www.estbb.fr\/en\/company\/about-estbb\/our-labels\/","url":"https:\/\/www.estbb.fr\/en\/company\/about-estbb\/our-labels\/","name":"Our labels - ESTBB - \u00c9cole d&#039;Ing\u00e9nieurs en Biotechnologies","isPartOf":{"@id":"https:\/\/www.estbb.fr\/en\/#website"},"primaryImageOfPage":{"@id":"https:\/\/www.estbb.fr\/en\/company\/about-estbb\/our-labels\/#primaryimage"},"image":{"@id":"https:\/\/www.estbb.fr\/en\/company\/about-estbb\/our-labels\/#primaryimage"},"thumbnailUrl":"https:\/\/www.estbb.fr\/wp-content\/uploads\/sites\/25\/2025\/02\/etudiants-espace-vert-1920x576.jpg","datePublished":"2020-01-27T11:21:21+00:00","dateModified":"2025-02-18T15:20:19+00:00","breadcrumb":{"@id":"https:\/\/www.estbb.fr\/en\/company\/about-estbb\/our-labels\/#breadcrumb"},"inLanguage":"en-US","potentialAction":[{"@type":"ReadAction","target":["https:\/\/www.estbb.fr\/en\/company\/about-estbb\/our-labels\/"]}]},{"@type":"ImageObject","inLanguage":"en-US","@id":"https:\/\/www.estbb.fr\/en\/company\/about-estbb\/our-labels\/#primaryimage","url":"https:\/\/www.estbb.fr\/wp-content\/uploads\/sites\/25\/2025\/02\/etudiants-espace-vert-1920x576.jpg","contentUrl":"https:\/\/www.estbb.fr\/wp-content\/uploads\/sites\/25\/2025\/02\/etudiants-espace-vert-1920x576.jpg","width":2560,"height":1707},{"@type":"BreadcrumbList","@id":"https:\/\/www.estbb.fr\/en\/company\/about-estbb\/our-labels\/#breadcrumb","itemListElement":[{"@type":"ListItem","position":1,"name":"Accueil","item":"https:\/\/www.estbb.fr\/en\/"},{"@type":"ListItem","position":2,"name":"Company","item":"https:\/\/www.estbb.fr\/en\/company\/"},{"@type":"ListItem","position":3,"name":"About ESTBB","item":"https:\/\/www.estbb.fr\/en\/company\/about-estbb\/"},{"@type":"ListItem","position":4,"name":"Our labels"}]},{"@type":"WebSite","@id":"https:\/\/www.estbb.fr\/en\/#website","url":"https:\/\/www.estbb.fr\/en\/","name":"ESTBB - \u00c9cole d&#039;Ing\u00e9nieurs en Biotechnologies","description":"\u00c9cole d&#039;Ing\u00e9nieurs en Biotechnologies","publisher":{"@id":"https:\/\/www.estbb.fr\/en\/#organization"},"potentialAction":[{"@type":"SearchAction","target":{"@type":"EntryPoint","urlTemplate":"https:\/\/www.estbb.fr\/en\/?s={search_term_string}"},"query-input":{"@type":"PropertyValueSpecification","valueRequired":true,"valueName":"search_term_string"}}],"inLanguage":"en-US"},{"@type":"Organization","@id":"https:\/\/www.estbb.fr\/en\/#organization","name":"ESTBB - \u00c9cole d&#039;Ing\u00e9nieurs en Biotechnologies","url":"https:\/\/www.estbb.fr\/en\/","logo":{"@type":"ImageObject","inLanguage":"en-US","@id":"https:\/\/www.estbb.fr\/en\/#\/schema\/logo\/image\/","url":"https:\/\/www.estbb.fr\/wp-content\/uploads\/sites\/25\/2019\/12\/estbb-fr_blanc.svg","contentUrl":"https:\/\/www.estbb.fr\/wp-content\/uploads\/sites\/25\/2019\/12\/estbb-fr_blanc.svg","caption":"ESTBB - \u00c9cole d&#039;Ing\u00e9nieurs en Biotechnologies"},"image":{"@id":"https:\/\/www.estbb.fr\/en\/#\/schema\/logo\/image\/"}}]}},"_links":{"self":[{"href":"https:\/\/www.estbb.fr\/en\/wp-json\/wp\/v2\/pages\/5985","targetHints":{"allow":["GET"]}}],"collection":[{"href":"https:\/\/www.estbb.fr\/en\/wp-json\/wp\/v2\/pages"}],"about":[{"href":"https:\/\/www.estbb.fr\/en\/wp-json\/wp\/v2\/types\/page"}],"author":[{"embeddable":true,"href":"https:\/\/www.estbb.fr\/en\/wp-json\/wp\/v2\/users\/27"}],"replies":[{"embeddable":true,"href":"https:\/\/www.estbb.fr\/en\/wp-json\/wp\/v2\/comments?post=5985"}],"version-history":[{"count":11,"href":"https:\/\/www.estbb.fr\/en\/wp-json\/wp\/v2\/pages\/5985\/revisions"}],"predecessor-version":[{"id":21129,"href":"https:\/\/www.estbb.fr\/en\/wp-json\/wp\/v2\/pages\/5985\/revisions\/21129"}],"up":[{"embeddable":true,"href":"https:\/\/www.estbb.fr\/en\/wp-json\/wp\/v2\/pages\/5955"}],"wp:featuredmedia":[{"embeddable":true,"href":"https:\/\/www.estbb.fr\/en\/wp-json\/wp\/v2\/media\/21099"}],"wp:attachment":[{"href":"https:\/\/www.estbb.fr\/en\/wp-json\/wp\/v2\/media?parent=5985"}],"curies":[{"name":"wp","href":"https:\/\/api.w.org\/{rel}","templated":true}]}}