{"id":5983,"date":"2020-01-27T12:20:45","date_gmt":"2020-01-27T11:20:45","guid":{"rendered":"https:\/\/www.estbb.fr\/?page_id=5983"},"modified":"2025-06-25T10:17:34","modified_gmt":"2025-06-25T08:17:34","slug":"a-biotechnology-school","status":"publish","type":"page","link":"https:\/\/www.estbb.fr\/en\/company\/about-estbb\/a-biotechnology-school\/","title":{"rendered":"A Biotechnology Engineering School"},"content":{"rendered":"<p>ESTBB is the graduate School of biology - biochemistry - biotechnology, located in Lyon (France).<\/p><p>The School was created in 1952 at the initiative of the Lyon industrialists in response to their needs to recruit qualified and operational laboratory technicians. ESTBB has maintained this professionalising and applied vocation for all new education programmes which have been opened since.<\/p><p>The School offers five professional education programmes in the field of biology and biotechnology, from undergraduate to post-doctorate level.<\/p><p>Cherishing the spirit of international solidarity, the School has also developed two educational programmes for the reinforcement of biomedical competences abroad, in Mali and Ha\u00efti.<\/p><p><strong>In 2022, ESTBB becomes the Biotechnology Engineering School of the Catholic University of Lyon, accredited by the <\/strong><a href=\"https:\/\/www.cti-commission.fr\/en\/\"><strong>Commission for Engineering Qualifications - CTI<\/strong>.<\/a><\/p><p><img loading=\"lazy\" decoding=\"async\" width=\"100\" height=\"98\" class=\"wp-image-21037\" style=\"width: 100px;\" src=\"https:\/\/www.estbb.fr\/wp-content\/uploads\/sites\/25\/2025\/02\/cti-logo-baseline-rvb-121023.png\" alt=\"\" srcset=\"https:\/\/www.estbb.fr\/wp-content\/uploads\/sites\/25\/2025\/02\/cti-logo-baseline-rvb-121023.png 1179w, https:\/\/www.estbb.fr\/wp-content\/uploads\/sites\/25\/2025\/02\/cti-logo-baseline-rvb-121023-142x140.png 142w, https:\/\/www.estbb.fr\/wp-content\/uploads\/sites\/25\/2025\/02\/cti-logo-baseline-rvb-121023-520x511.png 520w, https:\/\/www.estbb.fr\/wp-content\/uploads\/sites\/25\/2025\/02\/cti-logo-baseline-rvb-121023-494x486.png 494w\" sizes=\"auto, (max-width: 100px) 100vw, 100px\" \/><\/p><h2 class=\"wp-block-heading\">Teaching for success<\/h2><ul class=\"wp-block-list\"><li>the curriculum according to European norms<\/li>\n\n<li>small numbers of students per class (about 60 for undergraduate course and about 20 for graduate courses and above)<\/li>\n\n<li>a personalised assistance to each student<\/li>\n\n<li>humane courses in the curriculum<\/li><\/ul><p><img loading=\"lazy\" decoding=\"async\" width=\"700\" height=\"272\" class=\"wp-image-21450\" style=\"width: 700px;\" src=\"https:\/\/www.estbb.fr\/wp-content\/uploads\/sites\/25\/2025\/03\/chiffres-cles-en-anglais-fond-blanc_v3.png\" alt=\"Chiffres cl\u00e9s en anglais fond blanc_V3\" srcset=\"https:\/\/www.estbb.fr\/wp-content\/uploads\/sites\/25\/2025\/03\/chiffres-cles-en-anglais-fond-blanc_v3.png 2480w, https:\/\/www.estbb.fr\/wp-content\/uploads\/sites\/25\/2025\/03\/chiffres-cles-en-anglais-fond-blanc_v3-1536x597.png 1536w, https:\/\/www.estbb.fr\/wp-content\/uploads\/sites\/25\/2025\/03\/chiffres-cles-en-anglais-fond-blanc_v3-2048x796.png 2048w, https:\/\/www.estbb.fr\/wp-content\/uploads\/sites\/25\/2025\/03\/chiffres-cles-en-anglais-fond-blanc_v3-360x140.png 360w, https:\/\/www.estbb.fr\/wp-content\/uploads\/sites\/25\/2025\/03\/chiffres-cles-en-anglais-fond-blanc_v3-520x202.png 520w, https:\/\/www.estbb.fr\/wp-content\/uploads\/sites\/25\/2025\/03\/chiffres-cles-en-anglais-fond-blanc_v3-494x192.png 494w\" sizes=\"auto, (max-width: 700px) 100vw, 700px\" \/><\/p><h2 class=\"wp-block-heading\">Applied education corresponding to the needs of employers<\/h2><ul class=\"wp-block-list\"><li>many applied courses (laboratory practicals, real case studies and other) to be operational at graduation<\/li>\n\n<li>constant evolution of the curricula to keep up with the evolution of techniques and industrial needs<\/li><\/ul><h2 class=\"wp-block-heading\">Science courses in English and with an international spirit<\/h2><ul class=\"wp-block-list\"><li>some scientific modules taught in English in the curriculum, in order to make the students acquire scientific and technical vocabulary specific for their future profession<\/li>\n\n<li>encouragement to go abroad for placements scheduled in the curriculum or for one semester of studies<\/li>\n\n<li>sensitising the students to the scientific and medical problems of the developing countries through actions of \"Scientifiques Solidaires\" (Scientists and Solidarity; a group of ESTBB students involved in projects aiming to help the developing countries or develop the awareness of their problems in the westernised countries)<\/li><\/ul><p><img loading=\"lazy\" decoding=\"async\" width=\"200\" height=\"200\" class=\"wp-image-21106\" style=\"width: 200px;\" src=\"https:\/\/www.estbb.fr\/wp-content\/uploads\/sites\/25\/2025\/02\/logo-bienvenue-en-france_v2.png\" alt=\"\" srcset=\"https:\/\/www.estbb.fr\/wp-content\/uploads\/sites\/25\/2025\/02\/logo-bienvenue-en-france_v2.png 400w, https:\/\/www.estbb.fr\/wp-content\/uploads\/sites\/25\/2025\/02\/logo-bienvenue-en-france_v2-150x150.png 150w, https:\/\/www.estbb.fr\/wp-content\/uploads\/sites\/25\/2025\/02\/logo-bienvenue-en-france_v2-140x140.png 140w, https:\/\/www.estbb.fr\/wp-content\/uploads\/sites\/25\/2025\/02\/logo-bienvenue-en-france_v2-100x100.png 100w\" sizes=\"auto, (max-width: 200px) 100vw, 200px\" \/><img loading=\"lazy\" decoding=\"async\" width=\"70\" height=\"70\" class=\"wp-image-21923\" style=\"width: 70px;\" src=\"https:\/\/www.estbb.fr\/wp-content\/uploads\/sites\/25\/2025\/03\/carre-blanc.png\" alt=\"\" srcset=\"https:\/\/www.estbb.fr\/wp-content\/uploads\/sites\/25\/2025\/03\/carre-blanc.png 142w, https:\/\/www.estbb.fr\/wp-content\/uploads\/sites\/25\/2025\/03\/carre-blanc-140x140.png 140w, https:\/\/www.estbb.fr\/wp-content\/uploads\/sites\/25\/2025\/03\/carre-blanc-100x100.png 100w\" sizes=\"auto, (max-width: 70px) 100vw, 70px\" \/> <img loading=\"lazy\" decoding=\"async\" width=\"200\" height=\"200\" class=\"wp-image-21066\" style=\"width: 200px;\" src=\"https:\/\/www.estbb.fr\/wp-content\/uploads\/sites\/25\/2025\/02\/stickers-pc_transparent.png\" alt=\"\" srcset=\"https:\/\/www.estbb.fr\/wp-content\/uploads\/sites\/25\/2025\/02\/stickers-pc_transparent.png 827w, https:\/\/www.estbb.fr\/wp-content\/uploads\/sites\/25\/2025\/02\/stickers-pc_transparent-150x150.png 150w, https:\/\/www.estbb.fr\/wp-content\/uploads\/sites\/25\/2025\/02\/stickers-pc_transparent-140x140.png 140w, https:\/\/www.estbb.fr\/wp-content\/uploads\/sites\/25\/2025\/02\/stickers-pc_transparent-520x520.png 520w, https:\/\/www.estbb.fr\/wp-content\/uploads\/sites\/25\/2025\/02\/stickers-pc_transparent-640x640.png 640w, https:\/\/www.estbb.fr\/wp-content\/uploads\/sites\/25\/2025\/02\/stickers-pc_transparent-494x494.png 494w, https:\/\/www.estbb.fr\/wp-content\/uploads\/sites\/25\/2025\/02\/stickers-pc_transparent-100x100.png 100w\" sizes=\"auto, (max-width: 200px) 100vw, 200px\" \/><\/p><h2 class=\"wp-block-heading\">A network of partner laboratories (industrial and academic) developed in France and abroad<\/h2><p>In France:<\/p><ul class=\"wp-block-list\"><li>multinational companies: Sanofi Pasteur, bioM\u00e9rieux, Merial, Genzyme, Bayer, Charles River, and others<\/li>\n\n<li>biotech start-ups<\/li>\n\n<li>public research laboratories: the French National Institute for Health and Medical Research (INSERM), the French National Centre for Scientific Research (CNRS), International Agency for Research on Cancer (WHO, IARC), hospital laboratories...<\/li><\/ul><p><img loading=\"lazy\" decoding=\"async\" width=\"500\" height=\"297\" class=\"wp-image-21087\" style=\"width: 500px;\" src=\"https:\/\/www.estbb.fr\/wp-content\/uploads\/sites\/25\/2025\/02\/6-partenaires-entreprises.png\" alt=\"\" srcset=\"https:\/\/www.estbb.fr\/wp-content\/uploads\/sites\/25\/2025\/02\/6-partenaires-entreprises.png 448w, https:\/\/www.estbb.fr\/wp-content\/uploads\/sites\/25\/2025\/02\/6-partenaires-entreprises-236x140.png 236w\" sizes=\"auto, (max-width: 500px) 100vw, 500px\" \/><\/p><p>Abroad:<\/p><ul class=\"wp-block-list\"><li>public research laboratories in Great Britain, Sweden, Germany, United States, Canada, Australia...<\/li>\n\n<li>companies in Europe and North America<\/li>\n\n<li>universities in Europe and North America<\/li><\/ul><h3 class=\"wp-block-heading\">A glimpe of our established partnerships with universities worldwide<\/h3><p><\/p><p><img loading=\"lazy\" decoding=\"async\" width=\"30\" height=\"30\" class=\"wp-image-18274\" style=\"width: 30px;\" src=\"https:\/\/www.estbb.fr\/wp-content\/uploads\/sites\/25\/2024\/04\/allemagne.png\" alt=\"\"> <a href=\"https:\/\/www.goethe-university-frankfurt.de\/en?locale=en\" target=\"_blank\" rel=\"noreferrer noopener\">Goethe-Universit\u00e4t<\/a>, Frankfurt - GERMANY<\/p><p><img loading=\"lazy\" decoding=\"async\" width=\"30\" height=\"30\" class=\"wp-image-18296\" style=\"width: 30px;\" src=\"https:\/\/www.estbb.fr\/wp-content\/uploads\/sites\/25\/2024\/04\/espagne.png\" alt=\"\"> <a href=\"https:\/\/www.ucv.es\/\" target=\"_blank\" rel=\"noreferrer noopener\">Universidad Catolica de Valencia<\/a>, Valencia - SPAIN<\/p><p><img loading=\"lazy\" decoding=\"async\" width=\"30\" height=\"30\" class=\"wp-image-18299\" style=\"width: 30px;\" src=\"https:\/\/www.estbb.fr\/wp-content\/uploads\/sites\/25\/2024\/04\/hongrie.png\" alt=\"\"> <a href=\"https:\/\/ppke.hu\/en\" target=\"_blank\" rel=\"noreferrer noopener\">Pazmany Peter Catholic University<\/a>, Budapest - HUNGARY<\/p><p><img loading=\"lazy\" decoding=\"async\" width=\"30\" height=\"30\" class=\"wp-image-18308\" style=\"width: 30px;\" src=\"https:\/\/www.estbb.fr\/wp-content\/uploads\/sites\/25\/2024\/04\/norvege.png\" alt=\"\"> <a href=\"https:\/\/www.ntnu.edu\/\" target=\"_blank\" rel=\"noreferrer noopener\">Norwegian University of Science and Technology<\/a>, Trondheim - NORWAY<\/p><p><img loading=\"lazy\" decoding=\"async\" width=\"30\" height=\"30\" class=\"wp-image-18400\" style=\"width: 30px;\" src=\"https:\/\/www.estbb.fr\/wp-content\/uploads\/sites\/25\/2024\/04\/republique-tcheque.png\" alt=\"\"> <a href=\"https:\/\/www.czu.cz\/en\" target=\"_blank\" rel=\"noreferrer noopener\">Czech University of Life Sciences (CZU)<\/a>, Prague - CZECH REPUBLIC<\/p><p><img loading=\"lazy\" decoding=\"async\" width=\"30\" height=\"30\" class=\"wp-image-18326\" style=\"width: 30px;\" src=\"https:\/\/www.estbb.fr\/wp-content\/uploads\/sites\/25\/2024\/04\/usa.png\" alt=\"\"> <a href=\"https:\/\/www.uhcl.edu\/\" target=\"_blank\" rel=\"noreferrer noopener\">University of Houston Clear Lake<\/a>, Houston, TX - UNITED STATES<\/p><p><img loading=\"lazy\" decoding=\"async\" width=\"30\" height=\"30\" class=\"wp-image-18323\" style=\"width: 30px;\" src=\"https:\/\/www.estbb.fr\/wp-content\/uploads\/sites\/25\/2024\/04\/canada.png\" alt=\"\"> <a href=\"https:\/\/www.usherbrooke.ca\/admission\/programme\/204\/baccalaureat-en-biochimie-de-la-sante\/\" target=\"_blank\" rel=\"noreferrer noopener\">Universit\u00e9 de Sherbrooke<\/a>, Sherbrooke - CANADA<\/p><p><img loading=\"lazy\" decoding=\"async\" width=\"30\" height=\"30\" class=\"wp-image-18332\" style=\"width: 30px;\" src=\"https:\/\/www.estbb.fr\/wp-content\/uploads\/sites\/25\/2024\/04\/bresil.png\" alt=\"\"> <a href=\"https:\/\/www.pucpr.br\/\" target=\"_blank\" rel=\"noreferrer noopener\">Pontifical Catholic University of Paran\u00e1<\/a> - BRAZIL<\/p><p><img loading=\"lazy\" decoding=\"async\" width=\"30\" height=\"30\" class=\"wp-image-18410\" style=\"width: 30px;\" src=\"https:\/\/www.estbb.fr\/wp-content\/uploads\/sites\/25\/2024\/04\/colombie.png\" alt=\"\"> <a href=\"https:\/\/www.icesi.edu.co\/es\/\" target=\"_blank\" rel=\"noreferrer noopener\">Universidad Icesi<\/a>, Calle - COLOMBIA<\/p><p><img loading=\"lazy\" decoding=\"async\" width=\"30\" height=\"30\" class=\"wp-image-18396\" style=\"width: 30px;\" src=\"https:\/\/www.estbb.fr\/wp-content\/uploads\/sites\/25\/2024\/04\/australie.png\" alt=\"\"> <a href=\"https:\/\/www.mq.edu.au\/\" target=\"_blank\" rel=\"noreferrer noopener\">Macquarie University<\/a>, Sydney - AUSTRALIA<\/p><p><\/p><h2 class=\"wp-block-heading\">Would you like to find out more about ESTBB, become a partner or welcome a student to your company?<\/h2><p><a href=\"https:\/\/www.estbb.fr\/wp-content\/uploads\/sites\/25\/2024\/09\/plaquette-estbb-entreprises-2024-2025_bd.pdf\" target=\"_blank\" rel=\"noreferrer noopener\"><img loading=\"lazy\" decoding=\"async\" width=\"150\" height=\"213\" class=\"wp-image-21075\" style=\"width: 150px;\" src=\"https:\/\/www.estbb.fr\/wp-content\/uploads\/sites\/25\/2025\/02\/miniature-plaquette-entreprises-en-anglais-1.png\" alt=\"\" srcset=\"https:\/\/www.estbb.fr\/wp-content\/uploads\/sites\/25\/2025\/02\/miniature-plaquette-entreprises-en-anglais-1.png 394w, https:\/\/www.estbb.fr\/wp-content\/uploads\/sites\/25\/2025\/02\/miniature-plaquette-entreprises-en-anglais-1-99x140.png 99w\" sizes=\"auto, (max-width: 150px) 100vw, 150px\" \/><\/a><\/p><div class=\"wp-block-button js-fade-scroll\">\n\n    <a href=\"https:\/\/www.estbb.fr\/wp-content\/uploads\/sites\/25\/2024\/09\/plaquette-estbb-entreprises-2024-2025_bd.pdf\" target=\"_blank\" title=\"Download our brochure\" class=\"button primary\">Download our brochure<\/a>\n\n  <\/div><div class=\"wp-block-cross-content js-fade-scroll\">\n    <p class=\"wp-block-cross-content-title\">See more about ESTBB<\/p>\n            <div class=\"row wp-block-cross-content-row\">\n                                <div class=\"column small-12 medium-6 large-4 wp-block-cross-content-col\">\n                        <a class=\"wp-block-cross-content-top\" href=\"https:\/\/www.estbb.fr\/en\/company\/about-estbb\/our-labels\/\" title=\"Our labels\">\n                            <span class=\"wp-block-cross-content-name\">Our labels<\/span>\n                            <span class=\"wp-block-cross-content-image\"><img loading=\"lazy\" decoding=\"async\" width=\"630\" height=\"570\" src=\"https:\/\/www.estbb.fr\/wp-content\/uploads\/sites\/25\/2025\/02\/etudiants-espace-vert-630x570.jpg\" class=\" wp-post-image\" alt=\"\" \/><\/span>\n                            <span class=\"wp-block-cross-content-more\">\n                                <span class=\"icon-more\"><\/span>\n                            <\/span>\n                        <\/a>\n                        <div class=\"wp-block-cross-content-excerpt\"><\/div>\n                    <\/div>\n                                                <div class=\"column small-12 medium-6 large-4 wp-block-cross-content-col\">\n                        <a class=\"wp-block-cross-content-top\" href=\"https:\/\/www.estbb.fr\/en\/company\/corporate-partners\/\" title=\"Corporate Partners\">\n                            <span class=\"wp-block-cross-content-name\">Corporate Partners<\/span>\n                            <span class=\"wp-block-cross-content-image\"><img loading=\"lazy\" decoding=\"async\" width=\"630\" height=\"570\" src=\"https:\/\/www.estbb.fr\/wp-content\/uploads\/sites\/25\/2025\/06\/header-estbb-corporate-partners-630x570.jpg\" class=\" wp-post-image\" alt=\"\" \/><\/span>\n                            <span class=\"wp-block-cross-content-more\">\n                                <span class=\"icon-more\"><\/span>\n                            <\/span>\n                        <\/a>\n                        <div class=\"wp-block-cross-content-excerpt\"><\/div>\n                    <\/div>\n                                                <div class=\"column small-12 medium-6 large-4 wp-block-cross-content-col\">\n                        <a class=\"wp-block-cross-content-top\" href=\"https:\/\/www.ucly.fr\/en\/student-life\/life-in-lyon\/welcome-to-lyon\/\" title=\"Welcome to Lyon!\">\n                            <span class=\"wp-block-cross-content-name\">Welcome to Lyon!<\/span>\n                            <span class=\"wp-block-cross-content-image\">\n                                <img decoding=\"async\" src=\"https:\/\/www.estbb.fr\/wp-content\/uploads\/sites\/25\/2022\/10\/campus-st-paul-copie-scaled.jpg\" alt=\"\" srcset=\"\">\n                            <\/span>\n                            <span class=\"wp-block-cross-content-more\">\n                                <span class=\"icon-more\"><\/span>\n                            <\/span>\n                        <\/a>\n                    <\/div>\n                                    <\/div>\n    <\/div>","protected":false},"excerpt":{"rendered":"<p>ESTBB is the graduate School of biology &#8211; biochemistry &#8211; biotechnology, located in Lyon (France).The School was created in 1952 at the initiative of [&hellip;]<\/p>\n","protected":false},"author":27,"featured_media":21033,"parent":5955,"menu_order":0,"comment_status":"closed","ping_status":"closed","template":"","meta":{"_acf_changed":false,"footnotes":""},"class_list":["post-5983","page","type-page","status-publish","has-post-thumbnail","hentry"],"acf":[],"yoast_head":"<!-- This site is optimized with the Yoast SEO plugin v24.1 - https:\/\/yoast.com\/wordpress\/plugins\/seo\/ -->\n<title>A Biotechnology Engineering School - ESTBB - \u00c9cole d&#039;Ing\u00e9nieurs en Biotechnologies<\/title>\n<meta name=\"robots\" content=\"index, follow, max-snippet:-1, max-image-preview:large, max-video-preview:-1\" \/>\n<link rel=\"canonical\" href=\"https:\/\/www.estbb.fr\/en\/company\/about-estbb\/a-biotechnology-school\/\" \/>\n<meta property=\"og:locale\" content=\"en_US\" \/>\n<meta property=\"og:type\" content=\"article\" \/>\n<meta property=\"og:title\" content=\"A Biotechnology Engineering School - ESTBB - \u00c9cole d&#039;Ing\u00e9nieurs en Biotechnologies\" \/>\n<meta property=\"og:description\" content=\"ESTBB is the graduate School of biology - biochemistry - biotechnology, located in Lyon (France).The School was created in 1952 at the initiative of [&hellip;]\" \/>\n<meta property=\"og:url\" content=\"https:\/\/www.estbb.fr\/en\/company\/about-estbb\/a-biotechnology-school\/\" \/>\n<meta property=\"og:site_name\" content=\"ESTBB - \u00c9cole d&#039;Ing\u00e9nieurs en Biotechnologies\" \/>\n<meta property=\"article:modified_time\" content=\"2025-06-25T08:17:34+00:00\" \/>\n<meta property=\"og:image\" content=\"https:\/\/www.estbb.fr\/wp-content\/uploads\/sites\/25\/2025\/02\/labo-etudiants-estbb-1419x576.png\" \/>\n\t<meta property=\"og:image:width\" content=\"1419\" \/>\n\t<meta property=\"og:image:height\" content=\"944\" \/>\n\t<meta property=\"og:image:type\" content=\"image\/png\" \/>\n<meta name=\"twitter:card\" content=\"summary_large_image\" \/>\n<meta name=\"twitter:label1\" content=\"Est. reading time\" \/>\n\t<meta name=\"twitter:data1\" content=\"6 minutes\" \/>\n<script type=\"application\/ld+json\" class=\"yoast-schema-graph\">{\"@context\":\"https:\/\/schema.org\",\"@graph\":[{\"@type\":\"WebPage\",\"@id\":\"https:\/\/www.estbb.fr\/en\/company\/about-estbb\/a-biotechnology-school\/\",\"url\":\"https:\/\/www.estbb.fr\/en\/company\/about-estbb\/a-biotechnology-school\/\",\"name\":\"A Biotechnology Engineering School - ESTBB - \u00c9cole d&#039;Ing\u00e9nieurs en Biotechnologies\",\"isPartOf\":{\"@id\":\"https:\/\/www.estbb.fr\/en\/#website\"},\"primaryImageOfPage\":{\"@id\":\"https:\/\/www.estbb.fr\/en\/company\/about-estbb\/a-biotechnology-school\/#primaryimage\"},\"image\":{\"@id\":\"https:\/\/www.estbb.fr\/en\/company\/about-estbb\/a-biotechnology-school\/#primaryimage\"},\"thumbnailUrl\":\"https:\/\/www.estbb.fr\/wp-content\/uploads\/sites\/25\/2025\/02\/labo-etudiants-estbb-1419x576.png\",\"datePublished\":\"2020-01-27T11:20:45+00:00\",\"dateModified\":\"2025-06-25T08:17:34+00:00\",\"breadcrumb\":{\"@id\":\"https:\/\/www.estbb.fr\/en\/company\/about-estbb\/a-biotechnology-school\/#breadcrumb\"},\"inLanguage\":\"en-US\",\"potentialAction\":[{\"@type\":\"ReadAction\",\"target\":[\"https:\/\/www.estbb.fr\/en\/company\/about-estbb\/a-biotechnology-school\/\"]}]},{\"@type\":\"ImageObject\",\"inLanguage\":\"en-US\",\"@id\":\"https:\/\/www.estbb.fr\/en\/company\/about-estbb\/a-biotechnology-school\/#primaryimage\",\"url\":\"https:\/\/www.estbb.fr\/wp-content\/uploads\/sites\/25\/2025\/02\/labo-etudiants-estbb-1419x576.png\",\"contentUrl\":\"https:\/\/www.estbb.fr\/wp-content\/uploads\/sites\/25\/2025\/02\/labo-etudiants-estbb-1419x576.png\",\"width\":1419,\"height\":944},{\"@type\":\"BreadcrumbList\",\"@id\":\"https:\/\/www.estbb.fr\/en\/company\/about-estbb\/a-biotechnology-school\/#breadcrumb\",\"itemListElement\":[{\"@type\":\"ListItem\",\"position\":1,\"name\":\"Accueil\",\"item\":\"https:\/\/www.estbb.fr\/en\/\"},{\"@type\":\"ListItem\",\"position\":2,\"name\":\"Company\",\"item\":\"https:\/\/www.estbb.fr\/en\/company\/\"},{\"@type\":\"ListItem\",\"position\":3,\"name\":\"About ESTBB\",\"item\":\"https:\/\/www.estbb.fr\/en\/company\/about-estbb\/\"},{\"@type\":\"ListItem\",\"position\":4,\"name\":\"A Biotechnology Engineering School\"}]},{\"@type\":\"WebSite\",\"@id\":\"https:\/\/www.estbb.fr\/en\/#website\",\"url\":\"https:\/\/www.estbb.fr\/en\/\",\"name\":\"ESTBB - \u00c9cole d&#039;Ing\u00e9nieurs en Biotechnologies\",\"description\":\"\u00c9cole d&#039;Ing\u00e9nieurs en Biotechnologies\",\"publisher\":{\"@id\":\"https:\/\/www.estbb.fr\/en\/#organization\"},\"potentialAction\":[{\"@type\":\"SearchAction\",\"target\":{\"@type\":\"EntryPoint\",\"urlTemplate\":\"https:\/\/www.estbb.fr\/en\/?s={search_term_string}\"},\"query-input\":{\"@type\":\"PropertyValueSpecification\",\"valueRequired\":true,\"valueName\":\"search_term_string\"}}],\"inLanguage\":\"en-US\"},{\"@type\":\"Organization\",\"@id\":\"https:\/\/www.estbb.fr\/en\/#organization\",\"name\":\"ESTBB - \u00c9cole d&#039;Ing\u00e9nieurs en Biotechnologies\",\"url\":\"https:\/\/www.estbb.fr\/en\/\",\"logo\":{\"@type\":\"ImageObject\",\"inLanguage\":\"en-US\",\"@id\":\"https:\/\/www.estbb.fr\/en\/#\/schema\/logo\/image\/\",\"url\":\"https:\/\/www.estbb.fr\/wp-content\/uploads\/sites\/25\/2019\/12\/estbb-fr_blanc.svg\",\"contentUrl\":\"https:\/\/www.estbb.fr\/wp-content\/uploads\/sites\/25\/2019\/12\/estbb-fr_blanc.svg\",\"caption\":\"ESTBB - \u00c9cole d&#039;Ing\u00e9nieurs en Biotechnologies\"},\"image\":{\"@id\":\"https:\/\/www.estbb.fr\/en\/#\/schema\/logo\/image\/\"}}]}<\/script>\n<!-- \/ Yoast SEO plugin. -->","yoast_head_json":{"title":"A Biotechnology Engineering School - ESTBB - \u00c9cole d&#039;Ing\u00e9nieurs en Biotechnologies","robots":{"index":"index","follow":"follow","max-snippet":"max-snippet:-1","max-image-preview":"max-image-preview:large","max-video-preview":"max-video-preview:-1"},"canonical":"https:\/\/www.estbb.fr\/en\/company\/about-estbb\/a-biotechnology-school\/","og_locale":"en_US","og_type":"article","og_title":"A Biotechnology Engineering School - ESTBB - \u00c9cole d&#039;Ing\u00e9nieurs en Biotechnologies","og_description":"ESTBB is the graduate School of biology - biochemistry - biotechnology, located in Lyon (France).The School was created in 1952 at the initiative of [&hellip;]","og_url":"https:\/\/www.estbb.fr\/en\/company\/about-estbb\/a-biotechnology-school\/","og_site_name":"ESTBB - \u00c9cole d&#039;Ing\u00e9nieurs en Biotechnologies","article_modified_time":"2025-06-25T08:17:34+00:00","og_image":[{"width":1419,"height":944,"url":"https:\/\/www.estbb.fr\/wp-content\/uploads\/sites\/25\/2025\/02\/labo-etudiants-estbb-1419x576.png","type":"image\/png"}],"twitter_card":"summary_large_image","twitter_misc":{"Est. reading time":"6 minutes"},"schema":{"@context":"https:\/\/schema.org","@graph":[{"@type":"WebPage","@id":"https:\/\/www.estbb.fr\/en\/company\/about-estbb\/a-biotechnology-school\/","url":"https:\/\/www.estbb.fr\/en\/company\/about-estbb\/a-biotechnology-school\/","name":"A Biotechnology Engineering School - ESTBB - \u00c9cole d&#039;Ing\u00e9nieurs en Biotechnologies","isPartOf":{"@id":"https:\/\/www.estbb.fr\/en\/#website"},"primaryImageOfPage":{"@id":"https:\/\/www.estbb.fr\/en\/company\/about-estbb\/a-biotechnology-school\/#primaryimage"},"image":{"@id":"https:\/\/www.estbb.fr\/en\/company\/about-estbb\/a-biotechnology-school\/#primaryimage"},"thumbnailUrl":"https:\/\/www.estbb.fr\/wp-content\/uploads\/sites\/25\/2025\/02\/labo-etudiants-estbb-1419x576.png","datePublished":"2020-01-27T11:20:45+00:00","dateModified":"2025-06-25T08:17:34+00:00","breadcrumb":{"@id":"https:\/\/www.estbb.fr\/en\/company\/about-estbb\/a-biotechnology-school\/#breadcrumb"},"inLanguage":"en-US","potentialAction":[{"@type":"ReadAction","target":["https:\/\/www.estbb.fr\/en\/company\/about-estbb\/a-biotechnology-school\/"]}]},{"@type":"ImageObject","inLanguage":"en-US","@id":"https:\/\/www.estbb.fr\/en\/company\/about-estbb\/a-biotechnology-school\/#primaryimage","url":"https:\/\/www.estbb.fr\/wp-content\/uploads\/sites\/25\/2025\/02\/labo-etudiants-estbb-1419x576.png","contentUrl":"https:\/\/www.estbb.fr\/wp-content\/uploads\/sites\/25\/2025\/02\/labo-etudiants-estbb-1419x576.png","width":1419,"height":944},{"@type":"BreadcrumbList","@id":"https:\/\/www.estbb.fr\/en\/company\/about-estbb\/a-biotechnology-school\/#breadcrumb","itemListElement":[{"@type":"ListItem","position":1,"name":"Accueil","item":"https:\/\/www.estbb.fr\/en\/"},{"@type":"ListItem","position":2,"name":"Company","item":"https:\/\/www.estbb.fr\/en\/company\/"},{"@type":"ListItem","position":3,"name":"About ESTBB","item":"https:\/\/www.estbb.fr\/en\/company\/about-estbb\/"},{"@type":"ListItem","position":4,"name":"A Biotechnology Engineering School"}]},{"@type":"WebSite","@id":"https:\/\/www.estbb.fr\/en\/#website","url":"https:\/\/www.estbb.fr\/en\/","name":"ESTBB - \u00c9cole d&#039;Ing\u00e9nieurs en Biotechnologies","description":"\u00c9cole d&#039;Ing\u00e9nieurs en Biotechnologies","publisher":{"@id":"https:\/\/www.estbb.fr\/en\/#organization"},"potentialAction":[{"@type":"SearchAction","target":{"@type":"EntryPoint","urlTemplate":"https:\/\/www.estbb.fr\/en\/?s={search_term_string}"},"query-input":{"@type":"PropertyValueSpecification","valueRequired":true,"valueName":"search_term_string"}}],"inLanguage":"en-US"},{"@type":"Organization","@id":"https:\/\/www.estbb.fr\/en\/#organization","name":"ESTBB - \u00c9cole d&#039;Ing\u00e9nieurs en Biotechnologies","url":"https:\/\/www.estbb.fr\/en\/","logo":{"@type":"ImageObject","inLanguage":"en-US","@id":"https:\/\/www.estbb.fr\/en\/#\/schema\/logo\/image\/","url":"https:\/\/www.estbb.fr\/wp-content\/uploads\/sites\/25\/2019\/12\/estbb-fr_blanc.svg","contentUrl":"https:\/\/www.estbb.fr\/wp-content\/uploads\/sites\/25\/2019\/12\/estbb-fr_blanc.svg","caption":"ESTBB - \u00c9cole d&#039;Ing\u00e9nieurs en Biotechnologies"},"image":{"@id":"https:\/\/www.estbb.fr\/en\/#\/schema\/logo\/image\/"}}]}},"_links":{"self":[{"href":"https:\/\/www.estbb.fr\/en\/wp-json\/wp\/v2\/pages\/5983","targetHints":{"allow":["GET"]}}],"collection":[{"href":"https:\/\/www.estbb.fr\/en\/wp-json\/wp\/v2\/pages"}],"about":[{"href":"https:\/\/www.estbb.fr\/en\/wp-json\/wp\/v2\/types\/page"}],"author":[{"embeddable":true,"href":"https:\/\/www.estbb.fr\/en\/wp-json\/wp\/v2\/users\/27"}],"replies":[{"embeddable":true,"href":"https:\/\/www.estbb.fr\/en\/wp-json\/wp\/v2\/comments?post=5983"}],"version-history":[{"count":3,"href":"https:\/\/www.estbb.fr\/en\/wp-json\/wp\/v2\/pages\/5983\/revisions"}],"predecessor-version":[{"id":22925,"href":"https:\/\/www.estbb.fr\/en\/wp-json\/wp\/v2\/pages\/5983\/revisions\/22925"}],"up":[{"embeddable":true,"href":"https:\/\/www.estbb.fr\/en\/wp-json\/wp\/v2\/pages\/5955"}],"wp:featuredmedia":[{"embeddable":true,"href":"https:\/\/www.estbb.fr\/en\/wp-json\/wp\/v2\/media\/21033"}],"wp:attachment":[{"href":"https:\/\/www.estbb.fr\/en\/wp-json\/wp\/v2\/media?parent=5983"}],"curies":[{"name":"wp","href":"https:\/\/api.w.org\/{rel}","templated":true}]}}