{"id":5959,"date":"2020-01-27T12:10:12","date_gmt":"2020-01-27T11:10:12","guid":{"rendered":"https:\/\/www.estbb.fr\/?page_id=5959"},"modified":"2024-05-21T16:37:48","modified_gmt":"2024-05-21T14:37:48","slug":"cooperation","status":"publish","type":"page","link":"https:\/\/www.estbb.fr\/en\/cooperation\/","title":{"rendered":"Cooperation"},"content":{"rendered":"<h2 class=\"wp-block-heading\">Here we train the next generation of Biotechnology professionals<\/h2><p>\"At ESTBB, we are much more than just a biotechnology engineering school. We are a talent catalyst, a breeding ground where future professionals in the biotechnology industries are trained\", Isabelle Hardy, School Director<\/p><div class=\"wp-block-list js-fade-scroll\">\n  <p class=\"wp-block-list-title\"><\/p>\n  <div class=\"wp-block-list-intro\"><\/div>\n\n          <a class=\"wp-block-list-item\" href=\"https:\/\/www.estbb.fr\/en\/company\/corporate-partners\/\" title=\"Corporate Partners\" target=\"\" >\n      \n        <div class=\"wp-block-list-item-title\">Corporate Partners<\/div>\n        <div class=\"wp-block-list-item-intro\"><\/div>\n\n                <span class=\"wp-block-list-item-link\">\n            <span class=\"icon-more\"><\/span>\n          <\/span>\n        <\/a>\n                  <a class=\"wp-block-list-item\" href=\"https:\/\/www.estbb.fr\/en\/university\/academic-partners\/\" title=\"Academic partners\" target=\"\" >\n      \n        <div class=\"wp-block-list-item-title\">Academic Partners<\/div>\n        <div class=\"wp-block-list-item-intro\"><\/div>\n\n                <span class=\"wp-block-list-item-link\">\n            <span class=\"icon-more\"><\/span>\n          <\/span>\n        <\/a>\n                  <a class=\"wp-block-list-item\" href=\"https:\/\/www.estbb.fr\/en\/company\/build-a-partnership-with-estbb\/\" title=\"Build a partnership with ESTBB\" target=\"\" >\n      \n        <div class=\"wp-block-list-item-title\">Build a partnership with ESTBB<\/div>\n        <div class=\"wp-block-list-item-intro\"><\/div>\n\n                <span class=\"wp-block-list-item-link\">\n            <span class=\"icon-more\"><\/span>\n          <\/span>\n        <\/a>\n                  <a class=\"wp-block-list-item\" href=\"https:\/\/www.estbb.fr\/en\/company\/hire-an-intern\/\" title=\"Hire an intern\" target=\"_blank\" >\n      \n        <div class=\"wp-block-list-item-title\">Hire an intern<\/div>\n        <div class=\"wp-block-list-item-intro\"><\/div>\n\n                <span class=\"wp-block-list-item-link\">\n            <span class=\"icon-more\"><\/span>\n          <\/span>\n        <\/a>\n          <\/div>","protected":false},"excerpt":{"rendered":"<p>Here we train the next generation of Biotechnology professionals&#8221;At ESTBB, we are much more than just a biotechnology engineering school. We are a talent [&hellip;]<\/p>\n","protected":false},"author":27,"featured_media":2114,"parent":0,"menu_order":36,"comment_status":"closed","ping_status":"closed","template":"","meta":{"_acf_changed":false,"footnotes":""},"class_list":["post-5959","page","type-page","status-publish","has-post-thumbnail","hentry"],"acf":[],"yoast_head":"<!-- This site is optimized with the Yoast SEO plugin v24.1 - https:\/\/yoast.com\/wordpress\/plugins\/seo\/ -->\n<title>Cooperation - ESTBB - \u00c9cole d&#039;Ing\u00e9nieurs en Biotechnologies<\/title>\n<meta name=\"robots\" content=\"index, follow, max-snippet:-1, max-image-preview:large, max-video-preview:-1\" \/>\n<link rel=\"canonical\" href=\"https:\/\/www.estbb.fr\/en\/cooperation\/\" \/>\n<meta property=\"og:locale\" content=\"en_US\" \/>\n<meta property=\"og:type\" content=\"article\" \/>\n<meta property=\"og:title\" content=\"Cooperation - ESTBB - \u00c9cole d&#039;Ing\u00e9nieurs en Biotechnologies\" \/>\n<meta property=\"og:description\" content=\"Here we train the next generation of Biotechnology professionals&quot;At ESTBB, we are much more than just a biotechnology engineering school. We are a talent [&hellip;]\" \/>\n<meta property=\"og:url\" content=\"https:\/\/www.estbb.fr\/en\/cooperation\/\" \/>\n<meta property=\"og:site_name\" content=\"ESTBB - \u00c9cole d&#039;Ing\u00e9nieurs en Biotechnologies\" \/>\n<meta property=\"article:modified_time\" content=\"2024-05-21T14:37:48+00:00\" \/>\n<meta property=\"og:image\" content=\"https:\/\/www.estbb.fr\/wp-content\/uploads\/sites\/25\/2019\/12\/header-management-industrie-sante-biotechnologie.jpg\" \/>\n\t<meta property=\"og:image:width\" content=\"1920\" \/>\n\t<meta property=\"og:image:height\" content=\"575\" \/>\n\t<meta property=\"og:image:type\" content=\"image\/jpeg\" \/>\n<meta name=\"twitter:card\" content=\"summary_large_image\" \/>\n<meta name=\"twitter:label1\" content=\"Est. reading time\" \/>\n\t<meta name=\"twitter:data1\" content=\"1 minute\" \/>\n<script type=\"application\/ld+json\" class=\"yoast-schema-graph\">{\"@context\":\"https:\/\/schema.org\",\"@graph\":[{\"@type\":\"WebPage\",\"@id\":\"https:\/\/www.estbb.fr\/en\/cooperation\/\",\"url\":\"https:\/\/www.estbb.fr\/en\/cooperation\/\",\"name\":\"Cooperation - ESTBB - \u00c9cole d&#039;Ing\u00e9nieurs en Biotechnologies\",\"isPartOf\":{\"@id\":\"https:\/\/www.estbb.fr\/en\/#website\"},\"primaryImageOfPage\":{\"@id\":\"https:\/\/www.estbb.fr\/en\/cooperation\/#primaryimage\"},\"image\":{\"@id\":\"https:\/\/www.estbb.fr\/en\/cooperation\/#primaryimage\"},\"thumbnailUrl\":\"https:\/\/www.estbb.fr\/wp-content\/uploads\/sites\/25\/2019\/12\/header-management-industrie-sante-biotechnologie.jpg\",\"datePublished\":\"2020-01-27T11:10:12+00:00\",\"dateModified\":\"2024-05-21T14:37:48+00:00\",\"breadcrumb\":{\"@id\":\"https:\/\/www.estbb.fr\/en\/cooperation\/#breadcrumb\"},\"inLanguage\":\"en-US\",\"potentialAction\":[{\"@type\":\"ReadAction\",\"target\":[\"https:\/\/www.estbb.fr\/en\/cooperation\/\"]}]},{\"@type\":\"ImageObject\",\"inLanguage\":\"en-US\",\"@id\":\"https:\/\/www.estbb.fr\/en\/cooperation\/#primaryimage\",\"url\":\"https:\/\/www.estbb.fr\/wp-content\/uploads\/sites\/25\/2019\/12\/header-management-industrie-sante-biotechnologie.jpg\",\"contentUrl\":\"https:\/\/www.estbb.fr\/wp-content\/uploads\/sites\/25\/2019\/12\/header-management-industrie-sante-biotechnologie.jpg\",\"width\":1920,\"height\":575,\"caption\":\"management industrie sant\u00e9 biotechnologie \u00e0 Lyon\"},{\"@type\":\"BreadcrumbList\",\"@id\":\"https:\/\/www.estbb.fr\/en\/cooperation\/#breadcrumb\",\"itemListElement\":[{\"@type\":\"ListItem\",\"position\":1,\"name\":\"Accueil\",\"item\":\"https:\/\/www.estbb.fr\/en\/\"},{\"@type\":\"ListItem\",\"position\":2,\"name\":\"Cooperation\"}]},{\"@type\":\"WebSite\",\"@id\":\"https:\/\/www.estbb.fr\/en\/#website\",\"url\":\"https:\/\/www.estbb.fr\/en\/\",\"name\":\"ESTBB - \u00c9cole d&#039;Ing\u00e9nieurs en Biotechnologies\",\"description\":\"\u00c9cole d&#039;Ing\u00e9nieurs en Biotechnologies\",\"publisher\":{\"@id\":\"https:\/\/www.estbb.fr\/en\/#organization\"},\"potentialAction\":[{\"@type\":\"SearchAction\",\"target\":{\"@type\":\"EntryPoint\",\"urlTemplate\":\"https:\/\/www.estbb.fr\/en\/?s={search_term_string}\"},\"query-input\":{\"@type\":\"PropertyValueSpecification\",\"valueRequired\":true,\"valueName\":\"search_term_string\"}}],\"inLanguage\":\"en-US\"},{\"@type\":\"Organization\",\"@id\":\"https:\/\/www.estbb.fr\/en\/#organization\",\"name\":\"ESTBB - \u00c9cole d&#039;Ing\u00e9nieurs en Biotechnologies\",\"url\":\"https:\/\/www.estbb.fr\/en\/\",\"logo\":{\"@type\":\"ImageObject\",\"inLanguage\":\"en-US\",\"@id\":\"https:\/\/www.estbb.fr\/en\/#\/schema\/logo\/image\/\",\"url\":\"https:\/\/www.estbb.fr\/wp-content\/uploads\/sites\/25\/2019\/12\/estbb-fr_blanc.svg\",\"contentUrl\":\"https:\/\/www.estbb.fr\/wp-content\/uploads\/sites\/25\/2019\/12\/estbb-fr_blanc.svg\",\"caption\":\"ESTBB - \u00c9cole d&#039;Ing\u00e9nieurs en Biotechnologies\"},\"image\":{\"@id\":\"https:\/\/www.estbb.fr\/en\/#\/schema\/logo\/image\/\"}}]}<\/script>\n<!-- \/ Yoast SEO plugin. -->","yoast_head_json":{"title":"Cooperation - ESTBB - \u00c9cole d&#039;Ing\u00e9nieurs en Biotechnologies","robots":{"index":"index","follow":"follow","max-snippet":"max-snippet:-1","max-image-preview":"max-image-preview:large","max-video-preview":"max-video-preview:-1"},"canonical":"https:\/\/www.estbb.fr\/en\/cooperation\/","og_locale":"en_US","og_type":"article","og_title":"Cooperation - ESTBB - \u00c9cole d&#039;Ing\u00e9nieurs en Biotechnologies","og_description":"Here we train the next generation of Biotechnology professionals\"At ESTBB, we are much more than just a biotechnology engineering school. We are a talent [&hellip;]","og_url":"https:\/\/www.estbb.fr\/en\/cooperation\/","og_site_name":"ESTBB - \u00c9cole d&#039;Ing\u00e9nieurs en Biotechnologies","article_modified_time":"2024-05-21T14:37:48+00:00","og_image":[{"width":1920,"height":575,"url":"https:\/\/www.estbb.fr\/wp-content\/uploads\/sites\/25\/2019\/12\/header-management-industrie-sante-biotechnologie.jpg","type":"image\/jpeg"}],"twitter_card":"summary_large_image","twitter_misc":{"Est. reading time":"1 minute"},"schema":{"@context":"https:\/\/schema.org","@graph":[{"@type":"WebPage","@id":"https:\/\/www.estbb.fr\/en\/cooperation\/","url":"https:\/\/www.estbb.fr\/en\/cooperation\/","name":"Cooperation - ESTBB - \u00c9cole d&#039;Ing\u00e9nieurs en Biotechnologies","isPartOf":{"@id":"https:\/\/www.estbb.fr\/en\/#website"},"primaryImageOfPage":{"@id":"https:\/\/www.estbb.fr\/en\/cooperation\/#primaryimage"},"image":{"@id":"https:\/\/www.estbb.fr\/en\/cooperation\/#primaryimage"},"thumbnailUrl":"https:\/\/www.estbb.fr\/wp-content\/uploads\/sites\/25\/2019\/12\/header-management-industrie-sante-biotechnologie.jpg","datePublished":"2020-01-27T11:10:12+00:00","dateModified":"2024-05-21T14:37:48+00:00","breadcrumb":{"@id":"https:\/\/www.estbb.fr\/en\/cooperation\/#breadcrumb"},"inLanguage":"en-US","potentialAction":[{"@type":"ReadAction","target":["https:\/\/www.estbb.fr\/en\/cooperation\/"]}]},{"@type":"ImageObject","inLanguage":"en-US","@id":"https:\/\/www.estbb.fr\/en\/cooperation\/#primaryimage","url":"https:\/\/www.estbb.fr\/wp-content\/uploads\/sites\/25\/2019\/12\/header-management-industrie-sante-biotechnologie.jpg","contentUrl":"https:\/\/www.estbb.fr\/wp-content\/uploads\/sites\/25\/2019\/12\/header-management-industrie-sante-biotechnologie.jpg","width":1920,"height":575,"caption":"management industrie sant\u00e9 biotechnologie \u00e0 Lyon"},{"@type":"BreadcrumbList","@id":"https:\/\/www.estbb.fr\/en\/cooperation\/#breadcrumb","itemListElement":[{"@type":"ListItem","position":1,"name":"Accueil","item":"https:\/\/www.estbb.fr\/en\/"},{"@type":"ListItem","position":2,"name":"Cooperation"}]},{"@type":"WebSite","@id":"https:\/\/www.estbb.fr\/en\/#website","url":"https:\/\/www.estbb.fr\/en\/","name":"ESTBB - \u00c9cole d&#039;Ing\u00e9nieurs en Biotechnologies","description":"\u00c9cole d&#039;Ing\u00e9nieurs en Biotechnologies","publisher":{"@id":"https:\/\/www.estbb.fr\/en\/#organization"},"potentialAction":[{"@type":"SearchAction","target":{"@type":"EntryPoint","urlTemplate":"https:\/\/www.estbb.fr\/en\/?s={search_term_string}"},"query-input":{"@type":"PropertyValueSpecification","valueRequired":true,"valueName":"search_term_string"}}],"inLanguage":"en-US"},{"@type":"Organization","@id":"https:\/\/www.estbb.fr\/en\/#organization","name":"ESTBB - \u00c9cole d&#039;Ing\u00e9nieurs en Biotechnologies","url":"https:\/\/www.estbb.fr\/en\/","logo":{"@type":"ImageObject","inLanguage":"en-US","@id":"https:\/\/www.estbb.fr\/en\/#\/schema\/logo\/image\/","url":"https:\/\/www.estbb.fr\/wp-content\/uploads\/sites\/25\/2019\/12\/estbb-fr_blanc.svg","contentUrl":"https:\/\/www.estbb.fr\/wp-content\/uploads\/sites\/25\/2019\/12\/estbb-fr_blanc.svg","caption":"ESTBB - \u00c9cole d&#039;Ing\u00e9nieurs en Biotechnologies"},"image":{"@id":"https:\/\/www.estbb.fr\/en\/#\/schema\/logo\/image\/"}}]}},"_links":{"self":[{"href":"https:\/\/www.estbb.fr\/en\/wp-json\/wp\/v2\/pages\/5959","targetHints":{"allow":["GET"]}}],"collection":[{"href":"https:\/\/www.estbb.fr\/en\/wp-json\/wp\/v2\/pages"}],"about":[{"href":"https:\/\/www.estbb.fr\/en\/wp-json\/wp\/v2\/types\/page"}],"author":[{"embeddable":true,"href":"https:\/\/www.estbb.fr\/en\/wp-json\/wp\/v2\/users\/27"}],"replies":[{"embeddable":true,"href":"https:\/\/www.estbb.fr\/en\/wp-json\/wp\/v2\/comments?post=5959"}],"version-history":[{"count":9,"href":"https:\/\/www.estbb.fr\/en\/wp-json\/wp\/v2\/pages\/5959\/revisions"}],"predecessor-version":[{"id":18758,"href":"https:\/\/www.estbb.fr\/en\/wp-json\/wp\/v2\/pages\/5959\/revisions\/18758"}],"wp:featuredmedia":[{"embeddable":true,"href":"https:\/\/www.estbb.fr\/en\/wp-json\/wp\/v2\/media\/2114"}],"wp:attachment":[{"href":"https:\/\/www.estbb.fr\/en\/wp-json\/wp\/v2\/media?parent=5959"}],"curies":[{"name":"wp","href":"https:\/\/api.w.org\/{rel}","templated":true}]}}