{"id":18697,"date":"2024-05-21T15:01:17","date_gmt":"2024-05-21T13:01:17","guid":{"rendered":"https:\/\/www.estbb.fr\/?page_id=18697"},"modified":"2026-01-20T16:50:11","modified_gmt":"2026-01-20T15:50:11","slug":"nomination-form-exchange-semester-at-estbb","status":"publish","type":"page","link":"https:\/\/www.estbb.fr\/en\/foreign-student\/programmes\/exchange-semesters-at-estbb\/incoming-students\/nomination-form-exchange-semester-at-estbb\/","title":{"rendered":"Nomination Form | Exchange Semester at ESTBB"},"content":{"rendered":"<p>Enrich your academic journey and broaden your horizons by participating in a semester exchange program at ESTBB!<\/p><p>The Exchange Student Nomination is the first step for students from exchange partner institutions wishing to spend a semester or year at ESTBB.&nbsp; The nomination process is designed to ensure that all exchange students will have a rewarding experience at ESTBB on academic interests, goals and preparation.<\/p><p><strong>Nomination Deadline<\/strong><\/p><p>Winter Semester \u2013 S1 (between September and end January): May 15th<\/p><p>Spring Semester \u2013 S2 (between January and June): October 15th<\/p><h3 class=\"wp-block-heading\">This Nomination Form must be completed by the School coordinator<\/h3><div class=\"wp-block-formidable-form js-fade-scroll\">\n\n    <div class=\"frm_forms \" id=\"frm_form_102_container\" >\n<form enctype=\"multipart\/form-data\" method=\"post\" class=\"frm-show-form  frm_js_validate  frm_ajax_submit  frm_pro_form \" id=\"form_templatepardfaut23\" >\n<div class=\"frm_form_fields \">\n<fieldset>\n<legend class=\"frm_screen_reader\">Nomination Form - Exchange semester ESTBB<\/legend>\r\n\r\n<div class=\"frm_fields_container\">\n<input type=\"hidden\" name=\"frm_action\" value=\"create\" \/>\n<input type=\"hidden\" name=\"form_id\" value=\"102\" \/>\n<input type=\"hidden\" name=\"frm_hide_fields_102\" id=\"frm_hide_fields_102\" value=\"\" \/>\n<input type=\"hidden\" name=\"form_key\" value=\"templatepardfaut23\" \/>\n<input type=\"hidden\" name=\"item_meta[0]\" value=\"\" \/>\n<input type=\"hidden\" id=\"frm_submit_entry_102\" name=\"frm_submit_entry_102\" value=\"852da5eeda\" \/><input type=\"hidden\" name=\"_wp_http_referer\" value=\"\/en\/wp-json\/wp\/v2\/pages\/18697\" \/><div id=\"frm_field_1470_container\" class=\"frm_form_field frm_section_heading form-field \">\r\n<h3 class=\"frm_pos_top frm_section_spacing\">Home institution<\/h3>\r\n\r\n\r\n<div id=\"frm_field_1472_container\" class=\"frm_form_field form-field  frm_required_field frm_top_container\">\r\n\t<label for=\"field_87b9r\" id=\"field_87b9r_label\" class=\"frm_primary_label\">First name(s)\r\n\t\t<span class=\"frm_required\" aria-hidden=\"true\">*<\/span>\r\n\t<\/label>\r\n\t<input type=\"text\" id=\"field_87b9r\" name=\"item_meta[1472]\" value=\"\"  data-sectionid=\"1470\" data-reqmsg=\"Veuillez remplir ce champ\" aria-required=\"true\" data-invmsg=\"First name(s) est non valide\" aria-invalid=\"false\"  \/>\r\n\t\r\n\t\r\n<\/div>\n<div id=\"frm_field_1473_container\" class=\"frm_form_field form-field  frm_required_field frm_top_container\">\r\n\t<label for=\"field_fm2dt\" id=\"field_fm2dt_label\" class=\"frm_primary_label\">Family name\r\n\t\t<span class=\"frm_required\" aria-hidden=\"true\">*<\/span>\r\n\t<\/label>\r\n\t<input type=\"text\" id=\"field_fm2dt\" name=\"item_meta[1473]\" value=\"\"  data-sectionid=\"1470\" data-reqmsg=\"Veuillez remplir ce champ\" aria-required=\"true\" data-invmsg=\"Family name est non valide\" aria-invalid=\"false\"  \/>\r\n\t\r\n\t\r\n<\/div>\n<div id=\"frm_field_1474_container\" class=\"frm_form_field form-field  frm_required_field frm_top_container\">\r\n\t<label for=\"field_xmbnw\" id=\"field_xmbnw_label\" class=\"frm_primary_label\">Name of institution\r\n\t\t<span class=\"frm_required\" aria-hidden=\"true\">*<\/span>\r\n\t<\/label>\r\n\t<input type=\"text\" id=\"field_xmbnw\" name=\"item_meta[1474]\" value=\"\"  data-sectionid=\"1470\" data-reqmsg=\"Veuillez remplir ce champ\" aria-required=\"true\" data-invmsg=\"Name of institution est non valide\" aria-invalid=\"false\"  \/>\r\n\t\r\n\t\r\n<\/div>\n<div id=\"frm_field_1475_container\" class=\"frm_form_field form-field  frm_required_field frm_top_container\">\r\n\t<label for=\"field_vnsp1\" id=\"field_vnsp1_label\" class=\"frm_primary_label\">Address\r\n\t\t<span class=\"frm_required\" aria-hidden=\"true\">*<\/span>\r\n\t<\/label>\r\n\t<input type=\"text\" id=\"field_vnsp1\" name=\"item_meta[1475]\" value=\"\"  data-sectionid=\"1470\" data-reqmsg=\"Veuillez remplir ce champ\" aria-required=\"true\" data-invmsg=\"Address est non valide\" aria-invalid=\"false\"  \/>\r\n\t\r\n\t\r\n<\/div>\n<div id=\"frm_field_1476_container\" class=\"frm_form_field form-field  frm_required_field frm_top_container\">\r\n\t<label for=\"field_q8zzh\" id=\"field_q8zzh_label\" class=\"frm_primary_label\">Phone\r\n\t\t<span class=\"frm_required\" aria-hidden=\"true\">*<\/span>\r\n\t<\/label>\r\n\t<input type=\"tel\" id=\"field_q8zzh\" name=\"item_meta[1476]\" value=\"\"  data-sectionid=\"1470\" data-reqmsg=\"Veuillez remplir ce champ\" aria-required=\"true\" data-invmsg=\"Phone est non valide\" aria-invalid=\"false\" pattern=\"((\\+\\d{1,3}(-|.| )?\\(?\\d\\)?(-| |.)?\\d{1,5})|(\\(?\\d{2,6}\\)?))(-|.| )?(\\d{3,4})(-|.| )?(\\d{4})(( x| ext)\\d{1,5}){0,1}$\"  \/>\r\n\t\r\n\t\r\n<\/div>\n<div id=\"frm_field_1477_container\" class=\"frm_form_field form-field  frm_required_field frm_top_container\">\r\n\t<label for=\"field_f8bmt\" id=\"field_f8bmt_label\" class=\"frm_primary_label\">Email\r\n\t\t<span class=\"frm_required\" aria-hidden=\"true\">*<\/span>\r\n\t<\/label>\r\n\t<input type=\"email\" id=\"field_f8bmt\" name=\"item_meta[1477]\" value=\"\"  data-sectionid=\"1470\"autocomplete=\"email\" data-reqmsg=\"Veuillez remplir ce champ\" aria-required=\"true\" data-invmsg=\"Email est non valide\" aria-invalid=\"false\"  \/>\r\n\t\r\n\t\r\n<\/div>\n<\/div>\n<div id=\"frm_field_1478_container\" class=\"frm_form_field frm_section_heading form-field \">\r\n<h3 class=\"frm_pos_top frm_section_spacing\">Student<\/h3>\r\n\r\n\r\n<div id=\"frm_field_1480_container\" class=\"frm_form_field form-field  frm_required_field frm_top_container\">\r\n\t<label for=\"field_y8er9\" id=\"field_y8er9_label\" class=\"frm_primary_label\">First name(s)\r\n\t\t<span class=\"frm_required\" aria-hidden=\"true\">*<\/span>\r\n\t<\/label>\r\n\t<input type=\"text\" id=\"field_y8er9\" name=\"item_meta[1480]\" value=\"\"  data-sectionid=\"1478\" data-reqmsg=\"Veuillez remplir ce champ\" aria-required=\"true\" data-invmsg=\"First name(s) est non valide\" aria-invalid=\"false\"  \/>\r\n\t\r\n\t\r\n<\/div>\n<div id=\"frm_field_1481_container\" class=\"frm_form_field form-field  frm_required_field frm_top_container\">\r\n\t<label for=\"field_pprqs\" id=\"field_pprqs_label\" class=\"frm_primary_label\">Family name\r\n\t\t<span class=\"frm_required\" aria-hidden=\"true\">*<\/span>\r\n\t<\/label>\r\n\t<input type=\"text\" id=\"field_pprqs\" name=\"item_meta[1481]\" value=\"\"  data-sectionid=\"1478\" data-reqmsg=\"Veuillez remplir ce champ\" aria-required=\"true\" data-invmsg=\"Family name est non valide\" aria-invalid=\"false\"  \/>\r\n\t\r\n\t\r\n<\/div>\n<div id=\"frm_field_1482_container\" class=\"frm_form_field form-field  frm_required_field frm_top_container\">\r\n\t<label for=\"field_c8s5o\" id=\"field_c8s5o_label\" class=\"frm_primary_label\">Email\r\n\t\t<span class=\"frm_required\" aria-hidden=\"true\">*<\/span>\r\n\t<\/label>\r\n\t<input type=\"email\" id=\"field_c8s5o\" name=\"item_meta[1482]\" value=\"\"  data-sectionid=\"1478\"autocomplete=\"email\" data-reqmsg=\"Veuillez remplir ce champ\" aria-required=\"true\" data-invmsg=\"Email est non valide\" aria-invalid=\"false\"  \/>\r\n\t\r\n\t\r\n<\/div>\n<div id=\"frm_field_1483_container\" class=\"frm_form_field form-field  frm_required_field frm_top_container\">\r\n\t<label for=\"field_998o8\" id=\"field_998o8_label\" class=\"frm_primary_label\">Nationality\r\n\t\t<span class=\"frm_required\" aria-hidden=\"true\">*<\/span>\r\n\t<\/label>\r\n\t<input type=\"text\" id=\"field_998o8\" name=\"item_meta[1483]\" value=\"\"  data-sectionid=\"1478\" data-reqmsg=\"Veuillez remplir ce champ\" aria-required=\"true\" data-invmsg=\"Nationality est non valide\" aria-invalid=\"false\"  \/>\r\n\t\r\n\t\r\n<\/div>\n<div id=\"frm_field_1484_container\" class=\"frm_form_field form-field  frm_required_field frm_top_container\">\r\n\t<label for=\"field_7qhdu\" id=\"field_7qhdu_label\" class=\"frm_primary_label\">Academic Level at time of exchange\r\n\t\t<span class=\"frm_required\" aria-hidden=\"true\">*<\/span>\r\n\t<\/label>\r\n\t<input type=\"text\" id=\"field_7qhdu\" name=\"item_meta[1484]\" value=\"\"  data-sectionid=\"1478\" data-reqmsg=\"Veuillez remplir ce champ\" aria-required=\"true\" data-invmsg=\"Academic Level at time of exchange est non valide\" aria-invalid=\"false\"  \/>\r\n\t\r\n\t\r\n<\/div>\n<\/div>\n<div id=\"frm_field_1485_container\" class=\"frm_form_field frm_section_heading form-field \">\r\n<h3 class=\"frm_pos_top frm_section_spacing\">Study Plan<\/h3>\r\n\r\n\r\n<div id=\"frm_field_1487_container\" class=\"frm_form_field form-field  frm_required_field frm_top_container vertical_radio\">\r\n\t<div  id=\"field_114yw_label\" class=\"frm_primary_label\">Enrollment duration\r\n\t\t<span class=\"frm_required\" aria-hidden=\"true\">*<\/span>\r\n\t<\/div>\r\n\t<div class=\"frm_opt_container\" aria-labelledby=\"field_114yw_label\" role=\"group\">\t\t<div class=\"frm_checkbox\" id=\"frm_checkbox_1487-1485-0\">\t\t\t<label  for=\"field_114yw-0\">\n\t\t\t<input type=\"checkbox\" name=\"item_meta[1487][]\" id=\"field_114yw-0\" value=\"Fall (S3 or S5)\"  data-sectionid=\"1485\" data-reqmsg=\"Veuillez remplir ce champ\" data-invmsg=\"Enrollment duration is invalid\" aria-invalid=\"false\"   aria-required=\"true\"  \/> Fall (S3 or S5)<\/label><\/div>\n\t\t<div class=\"frm_checkbox\" id=\"frm_checkbox_1487-1485-1\">\t\t\t<label  for=\"field_114yw-1\">\n\t\t\t<input type=\"checkbox\" name=\"item_meta[1487][]\" id=\"field_114yw-1\" value=\"Spring (S4 or S6)\"  data-sectionid=\"1485\" data-reqmsg=\"Veuillez remplir ce champ\" data-invmsg=\"Enrollment duration is invalid\" aria-invalid=\"false\"   \/> Spring (S4 or S6)<\/label><\/div>\n\t\t<div class=\"frm_checkbox\" id=\"frm_checkbox_1487-1485-2\">\t\t\t<label  for=\"field_114yw-2\">\n\t\t\t<input type=\"checkbox\" name=\"item_meta[1487][]\" id=\"field_114yw-2\" value=\"Complete Year\"  data-sectionid=\"1485\" data-reqmsg=\"Veuillez remplir ce champ\" data-invmsg=\"Enrollment duration is invalid\" aria-invalid=\"false\"   \/> Complete Year<\/label><\/div>\n<\/div>\r\n\t\r\n\t\r\n<\/div>\n<div id=\"frm_field_1488_container\" class=\"frm_form_field form-field  frm_required_field frm_top_container\">\r\n\t<label for=\"field_cprw\" id=\"field_cprw_label\" class=\"frm_primary_label\">Total Credits requirement \r\n\t\t<span class=\"frm_required\" aria-hidden=\"true\">*<\/span>\r\n\t<\/label>\r\n\t<input type=\"text\" id=\"field_cprw\" name=\"item_meta[1488]\" value=\"\"  data-sectionid=\"1485\" data-reqmsg=\"Veuillez remplir ce champ\" aria-required=\"true\" data-invmsg=\"Total Credits requirement  est non valide\" aria-invalid=\"false\"  \/>\r\n\t\r\n\t\r\n<\/div>\n<div id=\"frm_field_1489_container\" class=\"frm_form_field form-field  frm_required_field frm_top_container vertical_radio\">\r\n\t<div  id=\"field_zgwqg_label\" class=\"frm_primary_label\">Mandatory Equivalent Courses?  \r\n\t\t<span class=\"frm_required\" aria-hidden=\"true\">*<\/span>\r\n\t<\/div>\r\n\t<div class=\"frm_opt_container\" aria-labelledby=\"field_zgwqg_label\" role=\"radiogroup\" aria-required=\"true\">\t\t<div class=\"frm_radio\" id=\"frm_radio_1489-1485-0\">\t\t\t<label  for=\"field_zgwqg-0\">\n\t\t\t\t\t<input type=\"radio\" name=\"item_meta[1489]\" id=\"field_zgwqg-0\" value=\"Yes\"\n\t\t   data-sectionid=\"1485\" data-reqmsg=\"Veuillez remplir ce champ\" data-invmsg=\"Mandatory Equivalent Courses?   is invalid\" aria-invalid=\"false\"  \/> Yes<\/label><\/div>\n\t\t<div class=\"frm_radio\" id=\"frm_radio_1489-1485-1\">\t\t\t<label  for=\"field_zgwqg-1\">\n\t\t\t\t\t<input type=\"radio\" name=\"item_meta[1489]\" id=\"field_zgwqg-1\" value=\"No\"\n\t\t   data-sectionid=\"1485\" data-reqmsg=\"Veuillez remplir ce champ\" data-invmsg=\"Mandatory Equivalent Courses?   is invalid\" aria-invalid=\"false\"  \/> No<\/label><\/div>\n<\/div>\r\n\t\r\n\t\r\n<\/div>\n<div id=\"frm_field_1490_container\" class=\"frm_form_field form-field  frm_top_container\">\r\n\t<label for=\"field_sx0yo\" id=\"field_sx0yo_label\" class=\"frm_primary_label\">If yes, specify\r\n\t\t<span class=\"frm_required\" aria-hidden=\"true\"><\/span>\r\n\t<\/label>\r\n\t<input type=\"text\" id=\"field_sx0yo\" name=\"item_meta[1490]\" value=\"\"  data-sectionid=\"1485\" data-invmsg=\"If yes, specify est non valide\" aria-invalid=\"false\"  \/>\r\n\t\r\n\t\r\n<\/div>\n<div id=\"frm_field_1491_container\" class=\"frm_form_field form-field  frm_required_field frm_top_container vertical_radio\">\r\n\t<div  id=\"field_rigqp_label\" class=\"frm_primary_label\">Are the semester dates compatible or do they need to be discussed?\r\n\t\t<span class=\"frm_required\" aria-hidden=\"true\">*<\/span>\r\n\t<\/div>\r\n\t<div class=\"frm_opt_container\" aria-labelledby=\"field_rigqp_label\" role=\"group\">\t\t<div class=\"frm_checkbox\" id=\"frm_checkbox_1491-1485-0\">\t\t\t<label  for=\"field_rigqp-0\">\n\t\t\t<input type=\"checkbox\" name=\"item_meta[1491][]\" id=\"field_rigqp-0\" value=\"Yes\"  data-sectionid=\"1485\" data-reqmsg=\"Veuillez remplir ce champ\" data-invmsg=\"Are the semester dates compatible or do they need to be discussed? is invalid\" aria-invalid=\"false\"   aria-required=\"true\"  \/> Yes<\/label><\/div>\n\t\t<div class=\"frm_checkbox\" id=\"frm_checkbox_1491-1485-1\">\t\t\t<label  for=\"field_rigqp-1\">\n\t\t\t<input type=\"checkbox\" name=\"item_meta[1491][]\" id=\"field_rigqp-1\" value=\"No\"  data-sectionid=\"1485\" data-reqmsg=\"Veuillez remplir ce champ\" data-invmsg=\"Are the semester dates compatible or do they need to be discussed? is invalid\" aria-invalid=\"false\"   \/> No<\/label><\/div>\n<\/div>\r\n\t\r\n\t\r\n<\/div>\n<div id=\"frm_field_1492_container\" class=\"frm_form_field form-field  frm_top_container\">\r\n\t<label for=\"field_algvs\" id=\"field_algvs_label\" class=\"frm_primary_label\">If no what would be the ideal dates \r\n\t\t<span class=\"frm_required\" aria-hidden=\"true\"><\/span>\r\n\t<\/label>\r\n\t<input type=\"text\" id=\"field_algvs\" name=\"item_meta[1492]\" value=\"\"  data-sectionid=\"1485\" data-invmsg=\"If no what would be the ideal dates  est non valide\" aria-invalid=\"false\"  \/>\r\n\t\r\n\t\r\n<\/div>\n<\/div>\n<input type=\"hidden\" name=\"item_meta[1468]\" id=\"field_email_notification4\" value=\"\"     \/>\n<div id=\"frm_field_1469_container\" class=\"frm_form_field form-field \">\r\n\t<div class=\"frm_submit\">\r\n\r\n<button class=\"frm_button_submit frm_final_submit\" type=\"submit\"   formnovalidate=\"formnovalidate\">Envoyer<\/button>\r\n\r\n<\/div>\r\n<\/div>\n\t<input type=\"hidden\" name=\"item_key\" value=\"\" \/>\n\t\t\t\t<div class=\"frm__65279ca0ea5b7\">\n\t\t\t\t<label for=\"frm_email_102\" >\n\t\t\t\t\tIf you are human, leave this field blank.\t\t\t\t<\/label>\n\t\t\t\t<input  id=\"frm_email_102\" type=\"text\" class=\"frm_verify\" name=\"frm__65279ca0ea5b7\" value=\"\" autocomplete=\"off\"  \/>\n\t\t\t<\/div>\n\t\t<input name=\"frm_state\" type=\"hidden\" value=\"gaQBWokpb8y8aJKaCguMVVfVBKsavwXD1\/kfuSWyOhY=\" \/><\/div>\n<\/fieldset>\n<\/div>\n\n<\/form>\n<\/div>\n\n  <\/div>","protected":false},"excerpt":{"rendered":"<p>Enrich your academic journey and broaden your horizons by participating in a semester exchange program at ESTBB!The Exchange Student Nomination is the first step [&hellip;]<\/p>\n","protected":false},"author":175,"featured_media":0,"parent":21710,"menu_order":0,"comment_status":"closed","ping_status":"closed","template":"","meta":{"_acf_changed":false,"footnotes":""},"class_list":["post-18697","page","type-page","status-publish","hentry"],"acf":[],"yoast_head":"<!-- This site is optimized with the Yoast SEO plugin v24.1 - https:\/\/yoast.com\/wordpress\/plugins\/seo\/ -->\n<title>Nomination Form | Exchange Semester at ESTBB - ESTBB - \u00c9cole d&#039;Ing\u00e9nieurs en Biotechnologies<\/title>\n<meta name=\"robots\" content=\"index, follow, max-snippet:-1, max-image-preview:large, max-video-preview:-1\" \/>\n<link rel=\"canonical\" href=\"https:\/\/www.estbb.fr\/en\/foreign-student\/programmes\/exchange-semesters-at-estbb\/incoming-students\/nomination-form-exchange-semester-at-estbb\/\" \/>\n<meta property=\"og:locale\" content=\"en_US\" \/>\n<meta property=\"og:type\" content=\"article\" \/>\n<meta property=\"og:title\" content=\"Nomination Form | Exchange Semester at ESTBB - ESTBB - \u00c9cole d&#039;Ing\u00e9nieurs en Biotechnologies\" \/>\n<meta property=\"og:description\" content=\"Enrich your academic journey and broaden your horizons by participating in a semester exchange program at ESTBB!The Exchange Student Nomination is the first step [&hellip;]\" \/>\n<meta property=\"og:url\" content=\"https:\/\/www.estbb.fr\/en\/foreign-student\/programmes\/exchange-semesters-at-estbb\/incoming-students\/nomination-form-exchange-semester-at-estbb\/\" \/>\n<meta property=\"og:site_name\" content=\"ESTBB - \u00c9cole d&#039;Ing\u00e9nieurs en Biotechnologies\" \/>\n<meta property=\"article:modified_time\" content=\"2026-01-20T15:50:11+00:00\" \/>\n<meta name=\"twitter:card\" content=\"summary_large_image\" \/>\n<meta name=\"twitter:label1\" content=\"Est. reading time\" \/>\n\t<meta name=\"twitter:data1\" content=\"1 minute\" \/>\n<script type=\"application\/ld+json\" class=\"yoast-schema-graph\">{\"@context\":\"https:\/\/schema.org\",\"@graph\":[{\"@type\":\"WebPage\",\"@id\":\"https:\/\/www.estbb.fr\/en\/foreign-student\/programmes\/exchange-semesters-at-estbb\/incoming-students\/nomination-form-exchange-semester-at-estbb\/\",\"url\":\"https:\/\/www.estbb.fr\/en\/foreign-student\/programmes\/exchange-semesters-at-estbb\/incoming-students\/nomination-form-exchange-semester-at-estbb\/\",\"name\":\"Nomination Form | Exchange Semester at ESTBB - ESTBB - \u00c9cole d&#039;Ing\u00e9nieurs en Biotechnologies\",\"isPartOf\":{\"@id\":\"https:\/\/www.estbb.fr\/en\/#website\"},\"datePublished\":\"2024-05-21T13:01:17+00:00\",\"dateModified\":\"2026-01-20T15:50:11+00:00\",\"breadcrumb\":{\"@id\":\"https:\/\/www.estbb.fr\/en\/foreign-student\/programmes\/exchange-semesters-at-estbb\/incoming-students\/nomination-form-exchange-semester-at-estbb\/#breadcrumb\"},\"inLanguage\":\"en-US\",\"potentialAction\":[{\"@type\":\"ReadAction\",\"target\":[\"https:\/\/www.estbb.fr\/en\/foreign-student\/programmes\/exchange-semesters-at-estbb\/incoming-students\/nomination-form-exchange-semester-at-estbb\/\"]}]},{\"@type\":\"BreadcrumbList\",\"@id\":\"https:\/\/www.estbb.fr\/en\/foreign-student\/programmes\/exchange-semesters-at-estbb\/incoming-students\/nomination-form-exchange-semester-at-estbb\/#breadcrumb\",\"itemListElement\":[{\"@type\":\"ListItem\",\"position\":1,\"name\":\"Accueil\",\"item\":\"https:\/\/www.estbb.fr\/en\/\"},{\"@type\":\"ListItem\",\"position\":2,\"name\":\"Foreign Student\",\"item\":\"https:\/\/www.estbb.fr\/en\/foreign-student\/\"},{\"@type\":\"ListItem\",\"position\":3,\"name\":\"Programs\",\"item\":\"https:\/\/www.estbb.fr\/en\/foreign-student\/programmes\/\"},{\"@type\":\"ListItem\",\"position\":4,\"name\":\"Exchange programs at ESTBB\",\"item\":\"https:\/\/www.estbb.fr\/en\/foreign-student\/programmes\/exchange-semesters-at-estbb\/\"},{\"@type\":\"ListItem\",\"position\":5,\"name\":\"Incoming students\",\"item\":\"https:\/\/www.estbb.fr\/en\/foreign-student\/programmes\/exchange-semesters-at-estbb\/incoming-students\/\"},{\"@type\":\"ListItem\",\"position\":6,\"name\":\"Nomination Form | Exchange Semester at ESTBB\"}]},{\"@type\":\"WebSite\",\"@id\":\"https:\/\/www.estbb.fr\/en\/#website\",\"url\":\"https:\/\/www.estbb.fr\/en\/\",\"name\":\"ESTBB - \u00c9cole d&#039;Ing\u00e9nieurs en Biotechnologies\",\"description\":\"\u00c9cole d&#039;Ing\u00e9nieurs en Biotechnologies\",\"publisher\":{\"@id\":\"https:\/\/www.estbb.fr\/en\/#organization\"},\"potentialAction\":[{\"@type\":\"SearchAction\",\"target\":{\"@type\":\"EntryPoint\",\"urlTemplate\":\"https:\/\/www.estbb.fr\/en\/?s={search_term_string}\"},\"query-input\":{\"@type\":\"PropertyValueSpecification\",\"valueRequired\":true,\"valueName\":\"search_term_string\"}}],\"inLanguage\":\"en-US\"},{\"@type\":\"Organization\",\"@id\":\"https:\/\/www.estbb.fr\/en\/#organization\",\"name\":\"ESTBB - \u00c9cole d&#039;Ing\u00e9nieurs en Biotechnologies\",\"url\":\"https:\/\/www.estbb.fr\/en\/\",\"logo\":{\"@type\":\"ImageObject\",\"inLanguage\":\"en-US\",\"@id\":\"https:\/\/www.estbb.fr\/en\/#\/schema\/logo\/image\/\",\"url\":\"https:\/\/www.estbb.fr\/wp-content\/uploads\/sites\/25\/2019\/12\/estbb-fr_blanc.svg\",\"contentUrl\":\"https:\/\/www.estbb.fr\/wp-content\/uploads\/sites\/25\/2019\/12\/estbb-fr_blanc.svg\",\"caption\":\"ESTBB - \u00c9cole d&#039;Ing\u00e9nieurs en Biotechnologies\"},\"image\":{\"@id\":\"https:\/\/www.estbb.fr\/en\/#\/schema\/logo\/image\/\"}}]}<\/script>\n<!-- \/ Yoast SEO plugin. -->","yoast_head_json":{"title":"Nomination Form | Exchange Semester at ESTBB - ESTBB - \u00c9cole d&#039;Ing\u00e9nieurs en Biotechnologies","robots":{"index":"index","follow":"follow","max-snippet":"max-snippet:-1","max-image-preview":"max-image-preview:large","max-video-preview":"max-video-preview:-1"},"canonical":"https:\/\/www.estbb.fr\/en\/foreign-student\/programmes\/exchange-semesters-at-estbb\/incoming-students\/nomination-form-exchange-semester-at-estbb\/","og_locale":"en_US","og_type":"article","og_title":"Nomination Form | Exchange Semester at ESTBB - ESTBB - \u00c9cole d&#039;Ing\u00e9nieurs en Biotechnologies","og_description":"Enrich your academic journey and broaden your horizons by participating in a semester exchange program at ESTBB!The Exchange Student Nomination is the first step [&hellip;]","og_url":"https:\/\/www.estbb.fr\/en\/foreign-student\/programmes\/exchange-semesters-at-estbb\/incoming-students\/nomination-form-exchange-semester-at-estbb\/","og_site_name":"ESTBB - \u00c9cole d&#039;Ing\u00e9nieurs en Biotechnologies","article_modified_time":"2026-01-20T15:50:11+00:00","twitter_card":"summary_large_image","twitter_misc":{"Est. reading time":"1 minute"},"schema":{"@context":"https:\/\/schema.org","@graph":[{"@type":"WebPage","@id":"https:\/\/www.estbb.fr\/en\/foreign-student\/programmes\/exchange-semesters-at-estbb\/incoming-students\/nomination-form-exchange-semester-at-estbb\/","url":"https:\/\/www.estbb.fr\/en\/foreign-student\/programmes\/exchange-semesters-at-estbb\/incoming-students\/nomination-form-exchange-semester-at-estbb\/","name":"Nomination Form | Exchange Semester at ESTBB - ESTBB - \u00c9cole d&#039;Ing\u00e9nieurs en Biotechnologies","isPartOf":{"@id":"https:\/\/www.estbb.fr\/en\/#website"},"datePublished":"2024-05-21T13:01:17+00:00","dateModified":"2026-01-20T15:50:11+00:00","breadcrumb":{"@id":"https:\/\/www.estbb.fr\/en\/foreign-student\/programmes\/exchange-semesters-at-estbb\/incoming-students\/nomination-form-exchange-semester-at-estbb\/#breadcrumb"},"inLanguage":"en-US","potentialAction":[{"@type":"ReadAction","target":["https:\/\/www.estbb.fr\/en\/foreign-student\/programmes\/exchange-semesters-at-estbb\/incoming-students\/nomination-form-exchange-semester-at-estbb\/"]}]},{"@type":"BreadcrumbList","@id":"https:\/\/www.estbb.fr\/en\/foreign-student\/programmes\/exchange-semesters-at-estbb\/incoming-students\/nomination-form-exchange-semester-at-estbb\/#breadcrumb","itemListElement":[{"@type":"ListItem","position":1,"name":"Accueil","item":"https:\/\/www.estbb.fr\/en\/"},{"@type":"ListItem","position":2,"name":"Foreign Student","item":"https:\/\/www.estbb.fr\/en\/foreign-student\/"},{"@type":"ListItem","position":3,"name":"Programs","item":"https:\/\/www.estbb.fr\/en\/foreign-student\/programmes\/"},{"@type":"ListItem","position":4,"name":"Exchange programs at ESTBB","item":"https:\/\/www.estbb.fr\/en\/foreign-student\/programmes\/exchange-semesters-at-estbb\/"},{"@type":"ListItem","position":5,"name":"Incoming students","item":"https:\/\/www.estbb.fr\/en\/foreign-student\/programmes\/exchange-semesters-at-estbb\/incoming-students\/"},{"@type":"ListItem","position":6,"name":"Nomination Form | Exchange Semester at ESTBB"}]},{"@type":"WebSite","@id":"https:\/\/www.estbb.fr\/en\/#website","url":"https:\/\/www.estbb.fr\/en\/","name":"ESTBB - \u00c9cole d&#039;Ing\u00e9nieurs en Biotechnologies","description":"\u00c9cole d&#039;Ing\u00e9nieurs en Biotechnologies","publisher":{"@id":"https:\/\/www.estbb.fr\/en\/#organization"},"potentialAction":[{"@type":"SearchAction","target":{"@type":"EntryPoint","urlTemplate":"https:\/\/www.estbb.fr\/en\/?s={search_term_string}"},"query-input":{"@type":"PropertyValueSpecification","valueRequired":true,"valueName":"search_term_string"}}],"inLanguage":"en-US"},{"@type":"Organization","@id":"https:\/\/www.estbb.fr\/en\/#organization","name":"ESTBB - \u00c9cole d&#039;Ing\u00e9nieurs en Biotechnologies","url":"https:\/\/www.estbb.fr\/en\/","logo":{"@type":"ImageObject","inLanguage":"en-US","@id":"https:\/\/www.estbb.fr\/en\/#\/schema\/logo\/image\/","url":"https:\/\/www.estbb.fr\/wp-content\/uploads\/sites\/25\/2019\/12\/estbb-fr_blanc.svg","contentUrl":"https:\/\/www.estbb.fr\/wp-content\/uploads\/sites\/25\/2019\/12\/estbb-fr_blanc.svg","caption":"ESTBB - \u00c9cole d&#039;Ing\u00e9nieurs en Biotechnologies"},"image":{"@id":"https:\/\/www.estbb.fr\/en\/#\/schema\/logo\/image\/"}}]}},"_links":{"self":[{"href":"https:\/\/www.estbb.fr\/en\/wp-json\/wp\/v2\/pages\/18697","targetHints":{"allow":["GET"]}}],"collection":[{"href":"https:\/\/www.estbb.fr\/en\/wp-json\/wp\/v2\/pages"}],"about":[{"href":"https:\/\/www.estbb.fr\/en\/wp-json\/wp\/v2\/types\/page"}],"author":[{"embeddable":true,"href":"https:\/\/www.estbb.fr\/en\/wp-json\/wp\/v2\/users\/175"}],"replies":[{"embeddable":true,"href":"https:\/\/www.estbb.fr\/en\/wp-json\/wp\/v2\/comments?post=18697"}],"version-history":[{"count":3,"href":"https:\/\/www.estbb.fr\/en\/wp-json\/wp\/v2\/pages\/18697\/revisions"}],"predecessor-version":[{"id":24298,"href":"https:\/\/www.estbb.fr\/en\/wp-json\/wp\/v2\/pages\/18697\/revisions\/24298"}],"up":[{"embeddable":true,"href":"https:\/\/www.estbb.fr\/en\/wp-json\/wp\/v2\/pages\/21710"}],"wp:attachment":[{"href":"https:\/\/www.estbb.fr\/en\/wp-json\/wp\/v2\/media?parent=18697"}],"curies":[{"name":"wp","href":"https:\/\/api.w.org\/{rel}","templated":true}]}}